{"id":8442,"date":"2021-07-26T15:00:38","date_gmt":"2021-07-26T08:00:38","guid":{"rendered":"https:\/\/34.101.66.44\/product\/ocean-lime-office-carpet-72538-5t173-sea-edge-tile\/"},"modified":"2023-04-12T17:13:36","modified_gmt":"2023-04-12T10:13:36","slug":"ocean-lime-office-carpet-72538-5t173-sea-edge-tile","status":"publish","type":"product","link":"https:\/\/mdsf.vn\/en\/san-pham\/ocean-lime-office-carpet-72538-5t173-sea-edge-tile\/","title":{"rendered":"Ocean Lime office carpet 72538-5T173 Sea Edge Tile"},"content":{"rendered":"<h2><span style=\"font-size: 90%;\">Ocean Lime office carpet 72538-5T173 Sea Edge Tile-Shaw Contract<\/span><\/h2>\n<p>Minh Duc sells <strong>Ocean Lime office carpet<\/strong> 5T173 Sea Edge Tile American brand, high-quality, cheap price. Ocean Lime 72538 is one of the outstanding color codes capable of fast delivery up to 300 m\u00b2. With durability and high aesthetics, the product will be the perfect choice for most interior styles.<\/p>\n<p>Sea Edge Tile 5T173 &#8211; Ocean Lime 72538 is a product with reasonable walls, easy construction, low loss. It can be used for office spaces, educational institutions, healthcare centers&#8230; With an ideal thickness of 5.82 mm, it can be used for high-traffic locations such as lobby, hallway, common room&#8230;<\/p>\n<p><img decoding=\"async\" class=\"aligncenter wp-image-8365 size-full\" src=\"https:\/\/mdsf.vn\/wp-content\/uploads\/2021\/07\/ban-tham-trai-san-van-phong-ocean-lime-72538-gia-re-1.jpg\" alt=\"B\u00e1n th\u1ea3m tr\u1ea3i s\u00e0n v\u0103n ph\u00f2ng 1\" width=\"850\" height=\"650\" srcset=\"https:\/\/mdsf.vn\/wp-content\/uploads\/2021\/07\/ban-tham-trai-san-van-phong-ocean-lime-72538-gia-re-1.jpg 850w, https:\/\/mdsf.vn\/wp-content\/uploads\/2021\/07\/ban-tham-trai-san-van-phong-ocean-lime-72538-gia-re-1-650x497.jpg 650w, https:\/\/mdsf.vn\/wp-content\/uploads\/2021\/07\/ban-tham-trai-san-van-phong-ocean-lime-72538-gia-re-1-523x400.jpg 523w, https:\/\/mdsf.vn\/wp-content\/uploads\/2021\/07\/ban-tham-trai-san-van-phong-ocean-lime-72538-gia-re-1-768x587.jpg 768w\" sizes=\"(max-width: 850px) 100vw, 850px\" \/><\/p>\n<h3>Carpet Specifications<\/h3>\n<ul>\n<li>Collection: Places<\/li>\n<li>SKU: 5T173 Sea Edge Tile<\/li>\n<li>Color: Ocean Lime 72538<\/li>\n<li>Backing style: Ecoworx\u00ae<\/li>\n<li>Yarn Type: Eco Solution Q\u00ae Nylon<\/li>\n<li>Tufted Weight: 576.4 g\/m\u00b2<\/li>\n<li>Carpet sheet size: 61cm x 61cm<\/li>\n<li>Yarn Thickness: 2.18 mm<\/li>\n<li>Carpet Thickness: 5.82 mm<\/li>\n<li>Color: See details\u00a0<span style=\"color: #3366ff;\"><a style=\"color: #3366ff;\" href=\"https:\/\/www.shawcontract.com\/en-ap\/product\/details\/5T173\" target=\"_blank\" rel=\"noopener\">HERE<\/a><\/span><\/li>\n<li>Brand: Shaw Contract<\/li>\n<\/ul>\n<p><img decoding=\"async\" class=\"aligncenter wp-image-8367 size-full\" src=\"https:\/\/mdsf.vn\/wp-content\/uploads\/2021\/07\/ban-tham-trai-san-van-phong-ocean-lime-72538-gia-re-2.jpg\" alt=\"B\u00e1n th\u1ea3m tr\u1ea3i s\u00e0n v\u0103n ph\u00f2ng 2\" width=\"850\" height=\"650\" srcset=\"https:\/\/mdsf.vn\/wp-content\/uploads\/2021\/07\/ban-tham-trai-san-van-phong-ocean-lime-72538-gia-re-2.jpg 850w, https:\/\/mdsf.vn\/wp-content\/uploads\/2021\/07\/ban-tham-trai-san-van-phong-ocean-lime-72538-gia-re-2-650x497.jpg 650w, https:\/\/mdsf.vn\/wp-content\/uploads\/2021\/07\/ban-tham-trai-san-van-phong-ocean-lime-72538-gia-re-2-523x400.jpg 523w, https:\/\/mdsf.vn\/wp-content\/uploads\/2021\/07\/ban-tham-trai-san-van-phong-ocean-lime-72538-gia-re-2-768x587.jpg 768w\" sizes=\"(max-width: 850px) 100vw, 850px\" \/><\/p>\n<h4>Notes on ordering and delivery<\/h4>\n<ul>\n<li>Products are sold by the square meter and by the box.\u00a0This is a product ordered directly from Shaw Contract\u2019s factory. Ordering time with products in stock is usually 2-4 weeks depending on the volume.<\/li>\n<li>For products that are not available or need a custom design. The production lead time is usually 8-10 weeks. Some premium products will require a longer order time. Please contact Minh Duc directly for advice and the most accurate information.<\/li>\n<\/ul>\n<h4>Other products you may be interested in<\/h4>\n<ul>\n<li><span style=\"color: #008080;\"><a style=\"color: #008080;\" href=\"https:\/\/mdsf.vn\/en\/product\/retractable-seating-platform-chair-for-multi-function-auditorium\/\">Retractable seating platform chair for a multi-function auditorium<\/a><\/span><\/li>\n<li><span style=\"color: #008080;\"><a style=\"color: #008080;\" href=\"https:\/\/mdsf.vn\/en\/san-pham\/high-quality-carpet-shaw-contract-5t325-makerspace-tile\/\">High-quality carpet Shaw Contract 5T325 Makerspace Tile<\/a><\/span><\/li>\n<\/ul>\n","protected":false},"excerpt":{"rendered":"<ul>\n<li>Design Type: 5T173 Sea Edge Tile<\/li>\n<li>Collection: Places<\/li>\n<li>Color code: Ocean Lime 72538<\/li>\n<li>Fast delivery 4 weeks -&gt;\u00a0<span style=\"color: #008080;\"><a style=\"color: #008080;\" href=\"https:\/\/mdsf.vn\/en\/product-category\/carpet-and-vinyl-floor\/quick-ship-carpets\/\">Quick Ship<\/a><\/span><\/li>\n<li>Other product details:<span style=\"color: #008080;\">\u00a0<a style=\"color: #008080;\" href=\"https:\/\/www.shawcontract.com\/en-ap\/product\/details\/5T173\" target=\"_blank\" rel=\"noopener\">Here<\/a><\/span><\/li>\n<li>Hotline \/ Zalo: +84908314939<\/li>\n<\/ul>\n","protected":false},"featured_media":8369,"comment_status":"open","ping_status":"closed","template":"","meta":[],"product_brand":[],"product_cat":[1370,1389,1372],"product_tag":[1483,1482,1484],"class_list":{"0":"post-8442","1":"product","2":"type-product","3":"status-publish","4":"has-post-thumbnail","6":"product_cat-carpet-and-vinyl-floor","7":"product_cat-quick-ship-carpets","8":"product_cat-shaw-contract-carpet","9":"product_tag-american-shaw-contract-carpet","10":"product_tag-ocean-lime-office-carpet","11":"product_tag-ocean-lime-office-carpet-for-sales","13":"first","14":"instock","15":"shipping-taxable","16":"product-type-simple"},"yoast_head":"<!-- This site is optimized with the Yoast SEO plugin v27.0 - https:\/\/yoast.com\/product\/yoast-seo-wordpress\/ -->\n<title>Ocean Lime office carpet 72538-5T173 Sea Edge Tile - Minh Duc<\/title>\n<meta name=\"description\" content=\"Minh Duc sells Ocean Lime office carpet 5T173 Sea Edge Tile American brand, high-quality, cheap price. Ocean Lime 72538 is one of the outstanding color\" \/>\n<meta name=\"robots\" content=\"index, follow, max-snippet:-1, max-image-preview:large, max-video-preview:-1\" \/>\n<link rel=\"canonical\" href=\"https:\/\/mdsf.vn\/en\/san-pham\/ocean-lime-office-carpet-72538-5t173-sea-edge-tile\/\" \/>\n<meta property=\"og:locale\" content=\"en_US\" \/>\n<meta property=\"og:type\" content=\"article\" \/>\n<meta property=\"og:title\" content=\"Ocean Lime office carpet 72538-5T173 Sea Edge Tile - Minh Duc\" \/>\n<meta property=\"og:description\" content=\"Minh Duc sells Ocean Lime office carpet 5T173 Sea Edge Tile American brand, high-quality, cheap price. Ocean Lime 72538 is one of the outstanding color\" \/>\n<meta property=\"og:url\" content=\"https:\/\/mdsf.vn\/en\/san-pham\/ocean-lime-office-carpet-72538-5t173-sea-edge-tile\/\" \/>\n<meta property=\"og:site_name\" content=\"Minh Duc\" \/>\n<meta property=\"article:publisher\" content=\"https:\/\/www.facebook.com\/shopnoithatvn\/\" \/>\n<meta property=\"article:modified_time\" content=\"2023-04-12T10:13:36+00:00\" \/>\n<meta property=\"og:image\" content=\"https:\/\/mdsf.vn\/wp-content\/uploads\/2021\/07\/ban-tham-trai-san-van-phong-ocean-lime-72538-gia-re-3.jpg\" \/>\n\t<meta property=\"og:image:width\" content=\"650\" \/>\n\t<meta property=\"og:image:height\" content=\"650\" \/>\n\t<meta property=\"og:image:type\" content=\"image\/jpeg\" \/>\n<meta name=\"twitter:card\" content=\"summary_large_image\" \/>\n<meta name=\"twitter:label1\" content=\"Est. reading time\" \/>\n\t<meta name=\"twitter:data1\" content=\"2 minutes\" \/>\n<script type=\"application\/ld+json\" class=\"yoast-schema-graph\">{\"@context\":\"https:\/\/schema.org\",\"@graph\":[{\"@type\":\"WebPage\",\"@id\":\"https:\/\/mdsf.vn\/en\/san-pham\/ocean-lime-office-carpet-72538-5t173-sea-edge-tile\/\",\"url\":\"https:\/\/mdsf.vn\/en\/san-pham\/ocean-lime-office-carpet-72538-5t173-sea-edge-tile\/\",\"name\":\"Ocean Lime office carpet 72538-5T173 Sea Edge Tile - Minh Duc\",\"isPartOf\":{\"@id\":\"https:\/\/mdsf.vn\/en\/#website\"},\"primaryImageOfPage\":{\"@id\":\"https:\/\/mdsf.vn\/en\/san-pham\/ocean-lime-office-carpet-72538-5t173-sea-edge-tile\/#primaryimage\"},\"image\":{\"@id\":\"https:\/\/mdsf.vn\/en\/san-pham\/ocean-lime-office-carpet-72538-5t173-sea-edge-tile\/#primaryimage\"},\"thumbnailUrl\":\"https:\/\/mdsf.vn\/wp-content\/uploads\/2021\/07\/ban-tham-trai-san-van-phong-ocean-lime-72538-gia-re-3.jpg\",\"datePublished\":\"2021-07-26T08:00:38+00:00\",\"dateModified\":\"2023-04-12T10:13:36+00:00\",\"description\":\"Minh Duc sells Ocean Lime office carpet 5T173 Sea Edge Tile American brand, high-quality, cheap price. Ocean Lime 72538 is one of the outstanding color\",\"breadcrumb\":{\"@id\":\"https:\/\/mdsf.vn\/en\/san-pham\/ocean-lime-office-carpet-72538-5t173-sea-edge-tile\/#breadcrumb\"},\"inLanguage\":\"en-US\",\"potentialAction\":[{\"@type\":\"ReadAction\",\"target\":[\"https:\/\/mdsf.vn\/en\/san-pham\/ocean-lime-office-carpet-72538-5t173-sea-edge-tile\/\"]}]},{\"@type\":\"ImageObject\",\"inLanguage\":\"en-US\",\"@id\":\"https:\/\/mdsf.vn\/en\/san-pham\/ocean-lime-office-carpet-72538-5t173-sea-edge-tile\/#primaryimage\",\"url\":\"https:\/\/mdsf.vn\/wp-content\/uploads\/2021\/07\/ban-tham-trai-san-van-phong-ocean-lime-72538-gia-re-3.jpg\",\"contentUrl\":\"https:\/\/mdsf.vn\/wp-content\/uploads\/2021\/07\/ban-tham-trai-san-van-phong-ocean-lime-72538-gia-re-3.jpg\",\"width\":650,\"height\":650,\"caption\":\"Ocean Lime office carpet\"},{\"@type\":\"BreadcrumbList\",\"@id\":\"https:\/\/mdsf.vn\/en\/san-pham\/ocean-lime-office-carpet-72538-5t173-sea-edge-tile\/#breadcrumb\",\"itemListElement\":[{\"@type\":\"ListItem\",\"position\":1,\"name\":\"Home\",\"item\":\"https:\/\/mdsf.vn\/en\/\"},{\"@type\":\"ListItem\",\"position\":2,\"name\":\"Shop\",\"item\":\"https:\/\/mdsf.vn\/en\/shop\/\"},{\"@type\":\"ListItem\",\"position\":3,\"name\":\"Ocean Lime office carpet 72538-5T173 Sea Edge Tile\"}]},{\"@type\":\"WebSite\",\"@id\":\"https:\/\/mdsf.vn\/en\/#website\",\"url\":\"https:\/\/mdsf.vn\/en\/\",\"name\":\"Minh Duc\",\"description\":\"N\u1ed9i th\u1ea5t c\u00f4ng c\u1ed9ng Minh \u0110\u1ee9c\",\"publisher\":{\"@id\":\"https:\/\/mdsf.vn\/en\/#organization\"},\"potentialAction\":[{\"@type\":\"SearchAction\",\"target\":{\"@type\":\"EntryPoint\",\"urlTemplate\":\"https:\/\/mdsf.vn\/en\/?s={search_term_string}\"},\"query-input\":{\"@type\":\"PropertyValueSpecification\",\"valueRequired\":true,\"valueName\":\"search_term_string\"}}],\"inLanguage\":\"en-US\"},{\"@type\":\"Organization\",\"@id\":\"https:\/\/mdsf.vn\/en\/#organization\",\"name\":\"Minh Duc Public Furniture Co., Ltd\",\"url\":\"https:\/\/mdsf.vn\/en\/\",\"logo\":{\"@type\":\"ImageObject\",\"inLanguage\":\"en-US\",\"@id\":\"https:\/\/mdsf.vn\/en\/#\/schema\/logo\/image\/\",\"url\":\"http:\/\/45.32.103.86\/wp-content\/uploads\/2021\/02\/logo-hoan-thien-noi-that-minh-duc-1.png\",\"contentUrl\":\"http:\/\/45.32.103.86\/wp-content\/uploads\/2021\/02\/logo-hoan-thien-noi-that-minh-duc-1.png\",\"width\":220,\"height\":136,\"caption\":\"Minh Duc Public Furniture Co., Ltd\"},\"image\":{\"@id\":\"https:\/\/mdsf.vn\/en\/#\/schema\/logo\/image\/\"},\"sameAs\":[\"https:\/\/www.facebook.com\/shopnoithatvn\/\",\"https:\/\/www.pinterest.com\/shopnoithatonline\/\"]}]}<\/script>\n<!-- \/ Yoast SEO plugin. -->","yoast_head_json":{"title":"Ocean Lime office carpet 72538-5T173 Sea Edge Tile - Minh Duc","description":"Minh Duc sells Ocean Lime office carpet 5T173 Sea Edge Tile American brand, high-quality, cheap price. Ocean Lime 72538 is one of the outstanding color","robots":{"index":"index","follow":"follow","max-snippet":"max-snippet:-1","max-image-preview":"max-image-preview:large","max-video-preview":"max-video-preview:-1"},"canonical":"https:\/\/mdsf.vn\/en\/san-pham\/ocean-lime-office-carpet-72538-5t173-sea-edge-tile\/","og_locale":"en_US","og_type":"article","og_title":"Ocean Lime office carpet 72538-5T173 Sea Edge Tile - Minh Duc","og_description":"Minh Duc sells Ocean Lime office carpet 5T173 Sea Edge Tile American brand, high-quality, cheap price. Ocean Lime 72538 is one of the outstanding color","og_url":"https:\/\/mdsf.vn\/en\/san-pham\/ocean-lime-office-carpet-72538-5t173-sea-edge-tile\/","og_site_name":"Minh Duc","article_publisher":"https:\/\/www.facebook.com\/shopnoithatvn\/","article_modified_time":"2023-04-12T10:13:36+00:00","og_image":[{"width":650,"height":650,"url":"https:\/\/mdsf.vn\/wp-content\/uploads\/2021\/07\/ban-tham-trai-san-van-phong-ocean-lime-72538-gia-re-3.jpg","type":"image\/jpeg"}],"twitter_card":"summary_large_image","twitter_misc":{"Est. reading time":"2 minutes"},"schema":{"@context":"https:\/\/schema.org","@graph":[{"@type":"WebPage","@id":"https:\/\/mdsf.vn\/en\/san-pham\/ocean-lime-office-carpet-72538-5t173-sea-edge-tile\/","url":"https:\/\/mdsf.vn\/en\/san-pham\/ocean-lime-office-carpet-72538-5t173-sea-edge-tile\/","name":"Ocean Lime office carpet 72538-5T173 Sea Edge Tile - Minh Duc","isPartOf":{"@id":"https:\/\/mdsf.vn\/en\/#website"},"primaryImageOfPage":{"@id":"https:\/\/mdsf.vn\/en\/san-pham\/ocean-lime-office-carpet-72538-5t173-sea-edge-tile\/#primaryimage"},"image":{"@id":"https:\/\/mdsf.vn\/en\/san-pham\/ocean-lime-office-carpet-72538-5t173-sea-edge-tile\/#primaryimage"},"thumbnailUrl":"https:\/\/mdsf.vn\/wp-content\/uploads\/2021\/07\/ban-tham-trai-san-van-phong-ocean-lime-72538-gia-re-3.jpg","datePublished":"2021-07-26T08:00:38+00:00","dateModified":"2023-04-12T10:13:36+00:00","description":"Minh Duc sells Ocean Lime office carpet 5T173 Sea Edge Tile American brand, high-quality, cheap price. Ocean Lime 72538 is one of the outstanding color","breadcrumb":{"@id":"https:\/\/mdsf.vn\/en\/san-pham\/ocean-lime-office-carpet-72538-5t173-sea-edge-tile\/#breadcrumb"},"inLanguage":"en-US","potentialAction":[{"@type":"ReadAction","target":["https:\/\/mdsf.vn\/en\/san-pham\/ocean-lime-office-carpet-72538-5t173-sea-edge-tile\/"]}]},{"@type":"ImageObject","inLanguage":"en-US","@id":"https:\/\/mdsf.vn\/en\/san-pham\/ocean-lime-office-carpet-72538-5t173-sea-edge-tile\/#primaryimage","url":"https:\/\/mdsf.vn\/wp-content\/uploads\/2021\/07\/ban-tham-trai-san-van-phong-ocean-lime-72538-gia-re-3.jpg","contentUrl":"https:\/\/mdsf.vn\/wp-content\/uploads\/2021\/07\/ban-tham-trai-san-van-phong-ocean-lime-72538-gia-re-3.jpg","width":650,"height":650,"caption":"Ocean Lime office carpet"},{"@type":"BreadcrumbList","@id":"https:\/\/mdsf.vn\/en\/san-pham\/ocean-lime-office-carpet-72538-5t173-sea-edge-tile\/#breadcrumb","itemListElement":[{"@type":"ListItem","position":1,"name":"Home","item":"https:\/\/mdsf.vn\/en\/"},{"@type":"ListItem","position":2,"name":"Shop","item":"https:\/\/mdsf.vn\/en\/shop\/"},{"@type":"ListItem","position":3,"name":"Ocean Lime office carpet 72538-5T173 Sea Edge Tile"}]},{"@type":"WebSite","@id":"https:\/\/mdsf.vn\/en\/#website","url":"https:\/\/mdsf.vn\/en\/","name":"Minh Duc","description":"N\u1ed9i th\u1ea5t c\u00f4ng c\u1ed9ng Minh \u0110\u1ee9c","publisher":{"@id":"https:\/\/mdsf.vn\/en\/#organization"},"potentialAction":[{"@type":"SearchAction","target":{"@type":"EntryPoint","urlTemplate":"https:\/\/mdsf.vn\/en\/?s={search_term_string}"},"query-input":{"@type":"PropertyValueSpecification","valueRequired":true,"valueName":"search_term_string"}}],"inLanguage":"en-US"},{"@type":"Organization","@id":"https:\/\/mdsf.vn\/en\/#organization","name":"Minh Duc Public Furniture Co., Ltd","url":"https:\/\/mdsf.vn\/en\/","logo":{"@type":"ImageObject","inLanguage":"en-US","@id":"https:\/\/mdsf.vn\/en\/#\/schema\/logo\/image\/","url":"http:\/\/45.32.103.86\/wp-content\/uploads\/2021\/02\/logo-hoan-thien-noi-that-minh-duc-1.png","contentUrl":"http:\/\/45.32.103.86\/wp-content\/uploads\/2021\/02\/logo-hoan-thien-noi-that-minh-duc-1.png","width":220,"height":136,"caption":"Minh Duc Public Furniture Co., Ltd"},"image":{"@id":"https:\/\/mdsf.vn\/en\/#\/schema\/logo\/image\/"},"sameAs":["https:\/\/www.facebook.com\/shopnoithatvn\/","https:\/\/www.pinterest.com\/shopnoithatonline\/"]}]}},"_links":{"self":[{"href":"https:\/\/mdsf.vn\/en\/wp-json\/wp\/v2\/product\/8442","targetHints":{"allow":["GET"]}}],"collection":[{"href":"https:\/\/mdsf.vn\/en\/wp-json\/wp\/v2\/product"}],"about":[{"href":"https:\/\/mdsf.vn\/en\/wp-json\/wp\/v2\/types\/product"}],"replies":[{"embeddable":true,"href":"https:\/\/mdsf.vn\/en\/wp-json\/wp\/v2\/comments?post=8442"}],"wp:featuredmedia":[{"embeddable":true,"href":"https:\/\/mdsf.vn\/en\/wp-json\/wp\/v2\/media\/8369"}],"wp:attachment":[{"href":"https:\/\/mdsf.vn\/en\/wp-json\/wp\/v2\/media?parent=8442"}],"wp:term":[{"taxonomy":"product_brand","embeddable":true,"href":"https:\/\/mdsf.vn\/en\/wp-json\/wp\/v2\/product_brand?post=8442"},{"taxonomy":"product_cat","embeddable":true,"href":"https:\/\/mdsf.vn\/en\/wp-json\/wp\/v2\/product_cat?post=8442"},{"taxonomy":"product_tag","embeddable":true,"href":"https:\/\/mdsf.vn\/en\/wp-json\/wp\/v2\/product_tag?post=8442"}],"curies":[{"name":"wp","href":"https:\/\/api.w.org\/{rel}","templated":true}]}}