{"id":8197,"date":"2021-05-26T09:00:47","date_gmt":"2021-05-26T02:00:47","guid":{"rendered":"https:\/\/34.101.66.44\/product\/genuine-us-floor-carpet-5t304-exchange-tile\/"},"modified":"2021-05-26T09:00:47","modified_gmt":"2021-05-26T02:00:47","slug":"genuine-us-floor-carpet-5t304-exchange-tile","status":"publish","type":"product","link":"https:\/\/mdsf.vn\/en\/san-pham\/genuine-us-floor-carpet-5t304-exchange-tile\/","title":{"rendered":"Genuine US floor carpet 5T304 Exchange Tile"},"content":{"rendered":"<h2><span style=\"font-size: 90%;\">Genuine US floor carpet\u00a05T304 Exchange Tile &#8211; Community &#8211; Shaw Contract<\/span><\/h2>\n<p><strong>Genuine US floor carpet<\/strong> 5T304 Exchange Tile is one of the high-end carpet products in the Comunity collection. With the idea of \u200b\u200bcreating spaces to keep people together. The product will be the perfect highlight to create unique and outstanding spaces.<\/p>\n<p>The surface of the product is Eco Solution Q\u00ae Nylon fibers that are environmentally friendly and safe for human health. Using Ecoworx\u00ae soles has a lighter weight, durability, and floor grip than conventional carpet soles. The total thickness of the product is up to 8 mm to help ensure smoothness, elasticity, and comfort for the user. With a flexible design, the product can be used alone or in combination with other carpet products. Even the floor surfaces with other materials still create logic and continuity.<\/p>\n<p>For a modern living room or a private office, there are dominant light colors. The 5T304 Exchange Tile product, especially the color code is Argan 01100, will be a perfect choice. This is one of the available colors, delivery time is only about 2 weeks. It will be the highlight to make the interior space more complete, luxurious, and classy.<\/p>\n<p><img decoding=\"async\" class=\"aligncenter wp-image-6985 size-full\" src=\"https:\/\/mdsf.vn\/wp-content\/uploads\/2021\/05\/tham-san-chinh-hang-tai-my-5t304-exchange-tile-1.jpg\" alt=\"Th\u1ea3m s\u00e0n ch\u00ednh h\u00e3ng t\u1ea1i M\u1ef9 1\" width=\"850\" height=\"650\" srcset=\"https:\/\/mdsf.vn\/wp-content\/uploads\/2021\/05\/tham-san-chinh-hang-tai-my-5t304-exchange-tile-1.jpg 850w, https:\/\/mdsf.vn\/wp-content\/uploads\/2021\/05\/tham-san-chinh-hang-tai-my-5t304-exchange-tile-1-523x400.jpg 523w, https:\/\/mdsf.vn\/wp-content\/uploads\/2021\/05\/tham-san-chinh-hang-tai-my-5t304-exchange-tile-1-768x587.jpg 768w, https:\/\/mdsf.vn\/wp-content\/uploads\/2021\/05\/tham-san-chinh-hang-tai-my-5t304-exchange-tile-1-600x459.jpg 600w\" sizes=\"(max-width: 850px) 100vw, 850px\" \/><\/p>\n<h3>Product Specifications<\/h3>\n<ul>\n<li>Style: 5T304 Exchange Tile<\/li>\n<li>Collection: Community<\/li>\n<li>Carpet tile 46 x 91 cm<\/li>\n<li>Backing: Ecoworx\u00ae Tile<\/li>\n<li>Fibre: Eco Solution Q\u00ae Nylon<\/li>\n<li>Tufted Weight: 949.4 g\/m\u00b2<\/li>\n<li>Finished pile thickness: 3.66 mm<\/li>\n<li>Carpet Thickness: 8 mm<\/li>\n<li>Detailed technical description:\u00a0<span style=\"color: #3366ff;\"><a style=\"color: #3366ff;\" href=\"https:\/\/pdmsview.shawinc.com\/spec-viewer\/?key=JEUiISU%2BXCgkKSE%3D&amp;region=EN-AP\">Here<\/a><\/span><\/li>\n<li>Brand: Shaw Contract<\/li>\n<\/ul>\n<p><img decoding=\"async\" class=\"aligncenter wp-image-6986 size-full\" src=\"https:\/\/mdsf.vn\/wp-content\/uploads\/2021\/05\/tham-san-chinh-hang-tai-my-5t304-exchange-tile-2.jpg\" alt=\"Th\u1ea3m s\u00e0n ch\u00ednh h\u00e3ng t\u1ea1i M\u1ef9 2\" width=\"850\" height=\"650\" srcset=\"https:\/\/mdsf.vn\/wp-content\/uploads\/2021\/05\/tham-san-chinh-hang-tai-my-5t304-exchange-tile-2.jpg 850w, https:\/\/mdsf.vn\/wp-content\/uploads\/2021\/05\/tham-san-chinh-hang-tai-my-5t304-exchange-tile-2-523x400.jpg 523w, https:\/\/mdsf.vn\/wp-content\/uploads\/2021\/05\/tham-san-chinh-hang-tai-my-5t304-exchange-tile-2-768x587.jpg 768w, https:\/\/mdsf.vn\/wp-content\/uploads\/2021\/05\/tham-san-chinh-hang-tai-my-5t304-exchange-tile-2-600x459.jpg 600w\" sizes=\"(max-width: 850px) 100vw, 850px\" \/><\/p>\n<h4>Notes on ordering and delivery<\/h4>\n<ul>\n<li>Products are sold by the square meter and by the box.\u00a0This is a product ordered directly from Shaw Contract\u2019s factory. Ordering time with products in stock is usually 2-4 weeks depending on the volume.<\/li>\n<li>For products that are not available or need a custom design. The production lead time is usually 8-10 weeks. Some premium products will require a longer order time. Please contact Minh Duc directly for advice and the most accurate information.<\/li>\n<\/ul>\n<h4>Other products you may be interested in<\/h4>\n<ul>\n<li><a href=\"https:\/\/mdsf.vn\/en\/2021\/07\/23\/american-shaw-contract-carpet-a-premium-carpet-brand\/\"><span style=\"color: #3366ff;\">American Shaw Contract carpet, a premium carpet brand<\/span><\/a><\/li>\n<li><span style=\"color: #3366ff;\"><a style=\"color: #3366ff;\" href=\"https:\/\/mdsf.vn\/en\/product\/japanese-modern-conference-chair-without-writing-tablet\/\">Japanese modern conference chair without writing tablet<\/a><\/span><\/li>\n<li><span style=\"color: #3366ff;\"><a style=\"color: #3366ff;\" href=\"https:\/\/mdsf.vn\/en\/product\/american-floor-carpet-5t323-commons-tile-shaw-contract\/\">American Floor Carpet 5T323 \u2013 Commons Tile \u2013 Shaw Contract<\/a><\/span><\/li>\n<\/ul>\n<picture><source srcset=\"https:\/\/mdsf.vn\/wp-content\/uploads\/2021\/05\/tham-san-my-5t323-commons-tile-shaw-contract-2.jpg.webp 850w, https:\/\/mdsf.vn\/wp-content\/uploads\/2021\/05\/tham-san-my-5t323-commons-tile-shaw-contract-2-523x400.jpg.webp 523w, https:\/\/mdsf.vn\/wp-content\/uploads\/2021\/05\/tham-san-my-5t323-commons-tile-shaw-contract-2-768x587.jpg.webp 768w, https:\/\/mdsf.vn\/wp-content\/uploads\/2021\/05\/tham-san-my-5t323-commons-tile-shaw-contract-2-600x459.jpg.webp 600w\" type=\"image\/webp\" sizes=\"(max-width: 850px) 100vw, 850px\" \/><\/picture>\n","protected":false},"excerpt":{"rendered":"<ul>\n<li>SKU: 5T304 Exchange Tile<\/li>\n<li>Collection: Community<\/li>\n<li>Sheet size 46 cm x 91 cm<\/li>\n<li>Delivery time: 8-10 weeks<\/li>\n<li>Details product at:\u00a0<span style=\"color: #3366ff;\"><a style=\"color: #3366ff;\" href=\"https:\/\/www.shawcontract.com\/en-ap\/product\/details\/5T304\" target=\"_blank\" rel=\"noopener\">Here<\/a><\/span><\/li>\n<li>Hotline \/ Zalo: +84 908 314 939 \/ +84 941 981 078<\/li>\n<\/ul>\n","protected":false},"featured_media":6987,"comment_status":"open","ping_status":"closed","template":"","meta":[],"product_brand":[],"product_cat":[1370,1372],"product_tag":[1404,1406,1405],"class_list":{"0":"post-8197","1":"product","2":"type-product","3":"status-publish","4":"has-post-thumbnail","6":"product_cat-carpet-and-vinyl-floor","7":"product_cat-shaw-contract-carpet","8":"product_tag-buy-genuine-us-floor-carpet","9":"product_tag-genuine-us-floor-carpet","10":"product_tag-sell-genuine-us-floor-carpet","12":"first","13":"instock","14":"shipping-taxable","15":"product-type-simple"},"yoast_head":"<!-- This site is optimized with the Yoast SEO plugin v27.0 - https:\/\/yoast.com\/product\/yoast-seo-wordpress\/ -->\n<title>Genuine US floor carpet 5T304 Exchange Tile - Minh Duc<\/title>\n<meta name=\"description\" content=\"Genuine US floor carpet 5T304 Exchange Tile is one of the high-end carpet products in the Comunity collection\" \/>\n<meta name=\"robots\" content=\"index, follow, max-snippet:-1, max-image-preview:large, max-video-preview:-1\" \/>\n<link rel=\"canonical\" href=\"https:\/\/mdsf.vn\/en\/san-pham\/genuine-us-floor-carpet-5t304-exchange-tile\/\" \/>\n<meta property=\"og:locale\" content=\"en_US\" \/>\n<meta property=\"og:type\" content=\"article\" \/>\n<meta property=\"og:title\" content=\"Genuine US floor carpet 5T304 Exchange Tile - Minh Duc\" \/>\n<meta property=\"og:description\" content=\"Genuine US floor carpet 5T304 Exchange Tile is one of the high-end carpet products in the Comunity collection\" \/>\n<meta property=\"og:url\" content=\"https:\/\/mdsf.vn\/en\/san-pham\/genuine-us-floor-carpet-5t304-exchange-tile\/\" \/>\n<meta property=\"og:site_name\" content=\"Minh Duc\" \/>\n<meta property=\"article:publisher\" content=\"https:\/\/www.facebook.com\/shopnoithatvn\/\" \/>\n<meta property=\"og:image\" content=\"https:\/\/mdsf.vn\/wp-content\/uploads\/2021\/05\/tham-san-chinh-hang-tai-my-5t304-exchange-tile-3.jpg\" \/>\n\t<meta property=\"og:image:width\" content=\"650\" \/>\n\t<meta property=\"og:image:height\" content=\"650\" \/>\n\t<meta property=\"og:image:type\" content=\"image\/jpeg\" \/>\n<meta name=\"twitter:card\" content=\"summary_large_image\" \/>\n<meta name=\"twitter:label1\" content=\"Est. reading time\" \/>\n\t<meta name=\"twitter:data1\" content=\"2 minutes\" \/>\n<script type=\"application\/ld+json\" class=\"yoast-schema-graph\">{\"@context\":\"https:\/\/schema.org\",\"@graph\":[{\"@type\":\"WebPage\",\"@id\":\"https:\/\/mdsf.vn\/en\/san-pham\/genuine-us-floor-carpet-5t304-exchange-tile\/\",\"url\":\"https:\/\/mdsf.vn\/en\/san-pham\/genuine-us-floor-carpet-5t304-exchange-tile\/\",\"name\":\"Genuine US floor carpet 5T304 Exchange Tile - Minh Duc\",\"isPartOf\":{\"@id\":\"https:\/\/mdsf.vn\/en\/#website\"},\"primaryImageOfPage\":{\"@id\":\"https:\/\/mdsf.vn\/en\/san-pham\/genuine-us-floor-carpet-5t304-exchange-tile\/#primaryimage\"},\"image\":{\"@id\":\"https:\/\/mdsf.vn\/en\/san-pham\/genuine-us-floor-carpet-5t304-exchange-tile\/#primaryimage\"},\"thumbnailUrl\":\"https:\/\/mdsf.vn\/wp-content\/uploads\/2021\/05\/tham-san-chinh-hang-tai-my-5t304-exchange-tile-3.jpg\",\"datePublished\":\"2021-05-26T02:00:47+00:00\",\"description\":\"Genuine US floor carpet 5T304 Exchange Tile is one of the high-end carpet products in the Comunity collection\",\"breadcrumb\":{\"@id\":\"https:\/\/mdsf.vn\/en\/san-pham\/genuine-us-floor-carpet-5t304-exchange-tile\/#breadcrumb\"},\"inLanguage\":\"en-US\",\"potentialAction\":[{\"@type\":\"ReadAction\",\"target\":[\"https:\/\/mdsf.vn\/en\/san-pham\/genuine-us-floor-carpet-5t304-exchange-tile\/\"]}]},{\"@type\":\"ImageObject\",\"inLanguage\":\"en-US\",\"@id\":\"https:\/\/mdsf.vn\/en\/san-pham\/genuine-us-floor-carpet-5t304-exchange-tile\/#primaryimage\",\"url\":\"https:\/\/mdsf.vn\/wp-content\/uploads\/2021\/05\/tham-san-chinh-hang-tai-my-5t304-exchange-tile-3.jpg\",\"contentUrl\":\"https:\/\/mdsf.vn\/wp-content\/uploads\/2021\/05\/tham-san-chinh-hang-tai-my-5t304-exchange-tile-3.jpg\",\"width\":650,\"height\":650,\"caption\":\"Genuine US floor carpet\"},{\"@type\":\"BreadcrumbList\",\"@id\":\"https:\/\/mdsf.vn\/en\/san-pham\/genuine-us-floor-carpet-5t304-exchange-tile\/#breadcrumb\",\"itemListElement\":[{\"@type\":\"ListItem\",\"position\":1,\"name\":\"Home\",\"item\":\"https:\/\/mdsf.vn\/en\/\"},{\"@type\":\"ListItem\",\"position\":2,\"name\":\"Shop\",\"item\":\"https:\/\/mdsf.vn\/en\/shop\/\"},{\"@type\":\"ListItem\",\"position\":3,\"name\":\"Genuine US floor carpet 5T304 Exchange Tile\"}]},{\"@type\":\"WebSite\",\"@id\":\"https:\/\/mdsf.vn\/en\/#website\",\"url\":\"https:\/\/mdsf.vn\/en\/\",\"name\":\"Minh Duc\",\"description\":\"N\u1ed9i th\u1ea5t c\u00f4ng c\u1ed9ng Minh \u0110\u1ee9c\",\"publisher\":{\"@id\":\"https:\/\/mdsf.vn\/en\/#organization\"},\"potentialAction\":[{\"@type\":\"SearchAction\",\"target\":{\"@type\":\"EntryPoint\",\"urlTemplate\":\"https:\/\/mdsf.vn\/en\/?s={search_term_string}\"},\"query-input\":{\"@type\":\"PropertyValueSpecification\",\"valueRequired\":true,\"valueName\":\"search_term_string\"}}],\"inLanguage\":\"en-US\"},{\"@type\":\"Organization\",\"@id\":\"https:\/\/mdsf.vn\/en\/#organization\",\"name\":\"Minh Duc Public Furniture Co., Ltd\",\"url\":\"https:\/\/mdsf.vn\/en\/\",\"logo\":{\"@type\":\"ImageObject\",\"inLanguage\":\"en-US\",\"@id\":\"https:\/\/mdsf.vn\/en\/#\/schema\/logo\/image\/\",\"url\":\"http:\/\/45.32.103.86\/wp-content\/uploads\/2021\/02\/logo-hoan-thien-noi-that-minh-duc-1.png\",\"contentUrl\":\"http:\/\/45.32.103.86\/wp-content\/uploads\/2021\/02\/logo-hoan-thien-noi-that-minh-duc-1.png\",\"width\":220,\"height\":136,\"caption\":\"Minh Duc Public Furniture Co., Ltd\"},\"image\":{\"@id\":\"https:\/\/mdsf.vn\/en\/#\/schema\/logo\/image\/\"},\"sameAs\":[\"https:\/\/www.facebook.com\/shopnoithatvn\/\",\"https:\/\/www.pinterest.com\/shopnoithatonline\/\"]}]}<\/script>\n<!-- \/ Yoast SEO plugin. -->","yoast_head_json":{"title":"Genuine US floor carpet 5T304 Exchange Tile - Minh Duc","description":"Genuine US floor carpet 5T304 Exchange Tile is one of the high-end carpet products in the Comunity collection","robots":{"index":"index","follow":"follow","max-snippet":"max-snippet:-1","max-image-preview":"max-image-preview:large","max-video-preview":"max-video-preview:-1"},"canonical":"https:\/\/mdsf.vn\/en\/san-pham\/genuine-us-floor-carpet-5t304-exchange-tile\/","og_locale":"en_US","og_type":"article","og_title":"Genuine US floor carpet 5T304 Exchange Tile - Minh Duc","og_description":"Genuine US floor carpet 5T304 Exchange Tile is one of the high-end carpet products in the Comunity collection","og_url":"https:\/\/mdsf.vn\/en\/san-pham\/genuine-us-floor-carpet-5t304-exchange-tile\/","og_site_name":"Minh Duc","article_publisher":"https:\/\/www.facebook.com\/shopnoithatvn\/","og_image":[{"width":650,"height":650,"url":"https:\/\/mdsf.vn\/wp-content\/uploads\/2021\/05\/tham-san-chinh-hang-tai-my-5t304-exchange-tile-3.jpg","type":"image\/jpeg"}],"twitter_card":"summary_large_image","twitter_misc":{"Est. reading time":"2 minutes"},"schema":{"@context":"https:\/\/schema.org","@graph":[{"@type":"WebPage","@id":"https:\/\/mdsf.vn\/en\/san-pham\/genuine-us-floor-carpet-5t304-exchange-tile\/","url":"https:\/\/mdsf.vn\/en\/san-pham\/genuine-us-floor-carpet-5t304-exchange-tile\/","name":"Genuine US floor carpet 5T304 Exchange Tile - Minh Duc","isPartOf":{"@id":"https:\/\/mdsf.vn\/en\/#website"},"primaryImageOfPage":{"@id":"https:\/\/mdsf.vn\/en\/san-pham\/genuine-us-floor-carpet-5t304-exchange-tile\/#primaryimage"},"image":{"@id":"https:\/\/mdsf.vn\/en\/san-pham\/genuine-us-floor-carpet-5t304-exchange-tile\/#primaryimage"},"thumbnailUrl":"https:\/\/mdsf.vn\/wp-content\/uploads\/2021\/05\/tham-san-chinh-hang-tai-my-5t304-exchange-tile-3.jpg","datePublished":"2021-05-26T02:00:47+00:00","description":"Genuine US floor carpet 5T304 Exchange Tile is one of the high-end carpet products in the Comunity collection","breadcrumb":{"@id":"https:\/\/mdsf.vn\/en\/san-pham\/genuine-us-floor-carpet-5t304-exchange-tile\/#breadcrumb"},"inLanguage":"en-US","potentialAction":[{"@type":"ReadAction","target":["https:\/\/mdsf.vn\/en\/san-pham\/genuine-us-floor-carpet-5t304-exchange-tile\/"]}]},{"@type":"ImageObject","inLanguage":"en-US","@id":"https:\/\/mdsf.vn\/en\/san-pham\/genuine-us-floor-carpet-5t304-exchange-tile\/#primaryimage","url":"https:\/\/mdsf.vn\/wp-content\/uploads\/2021\/05\/tham-san-chinh-hang-tai-my-5t304-exchange-tile-3.jpg","contentUrl":"https:\/\/mdsf.vn\/wp-content\/uploads\/2021\/05\/tham-san-chinh-hang-tai-my-5t304-exchange-tile-3.jpg","width":650,"height":650,"caption":"Genuine US floor carpet"},{"@type":"BreadcrumbList","@id":"https:\/\/mdsf.vn\/en\/san-pham\/genuine-us-floor-carpet-5t304-exchange-tile\/#breadcrumb","itemListElement":[{"@type":"ListItem","position":1,"name":"Home","item":"https:\/\/mdsf.vn\/en\/"},{"@type":"ListItem","position":2,"name":"Shop","item":"https:\/\/mdsf.vn\/en\/shop\/"},{"@type":"ListItem","position":3,"name":"Genuine US floor carpet 5T304 Exchange Tile"}]},{"@type":"WebSite","@id":"https:\/\/mdsf.vn\/en\/#website","url":"https:\/\/mdsf.vn\/en\/","name":"Minh Duc","description":"N\u1ed9i th\u1ea5t c\u00f4ng c\u1ed9ng Minh \u0110\u1ee9c","publisher":{"@id":"https:\/\/mdsf.vn\/en\/#organization"},"potentialAction":[{"@type":"SearchAction","target":{"@type":"EntryPoint","urlTemplate":"https:\/\/mdsf.vn\/en\/?s={search_term_string}"},"query-input":{"@type":"PropertyValueSpecification","valueRequired":true,"valueName":"search_term_string"}}],"inLanguage":"en-US"},{"@type":"Organization","@id":"https:\/\/mdsf.vn\/en\/#organization","name":"Minh Duc Public Furniture Co., Ltd","url":"https:\/\/mdsf.vn\/en\/","logo":{"@type":"ImageObject","inLanguage":"en-US","@id":"https:\/\/mdsf.vn\/en\/#\/schema\/logo\/image\/","url":"http:\/\/45.32.103.86\/wp-content\/uploads\/2021\/02\/logo-hoan-thien-noi-that-minh-duc-1.png","contentUrl":"http:\/\/45.32.103.86\/wp-content\/uploads\/2021\/02\/logo-hoan-thien-noi-that-minh-duc-1.png","width":220,"height":136,"caption":"Minh Duc Public Furniture Co., Ltd"},"image":{"@id":"https:\/\/mdsf.vn\/en\/#\/schema\/logo\/image\/"},"sameAs":["https:\/\/www.facebook.com\/shopnoithatvn\/","https:\/\/www.pinterest.com\/shopnoithatonline\/"]}]}},"_links":{"self":[{"href":"https:\/\/mdsf.vn\/en\/wp-json\/wp\/v2\/product\/8197","targetHints":{"allow":["GET"]}}],"collection":[{"href":"https:\/\/mdsf.vn\/en\/wp-json\/wp\/v2\/product"}],"about":[{"href":"https:\/\/mdsf.vn\/en\/wp-json\/wp\/v2\/types\/product"}],"replies":[{"embeddable":true,"href":"https:\/\/mdsf.vn\/en\/wp-json\/wp\/v2\/comments?post=8197"}],"wp:featuredmedia":[{"embeddable":true,"href":"https:\/\/mdsf.vn\/en\/wp-json\/wp\/v2\/media\/6987"}],"wp:attachment":[{"href":"https:\/\/mdsf.vn\/en\/wp-json\/wp\/v2\/media?parent=8197"}],"wp:term":[{"taxonomy":"product_brand","embeddable":true,"href":"https:\/\/mdsf.vn\/en\/wp-json\/wp\/v2\/product_brand?post=8197"},{"taxonomy":"product_cat","embeddable":true,"href":"https:\/\/mdsf.vn\/en\/wp-json\/wp\/v2\/product_cat?post=8197"},{"taxonomy":"product_tag","embeddable":true,"href":"https:\/\/mdsf.vn\/en\/wp-json\/wp\/v2\/product_tag?post=8197"}],"curies":[{"name":"wp","href":"https:\/\/api.w.org\/{rel}","templated":true}]}}