{"id":8191,"date":"2021-05-21T11:33:54","date_gmt":"2021-05-21T04:33:54","guid":{"rendered":"https:\/\/34.101.66.44\/product\/military-television-studios-portable-folding-chair-system\/"},"modified":"2021-07-23T23:34:16","modified_gmt":"2021-07-23T16:34:16","slug":"military-television-studios-portable-folding-chair-system","status":"publish","type":"product","link":"https:\/\/mdsf.vn\/en\/san-pham\/military-television-studios-portable-folding-chair-system\/","title":{"rendered":"Military Television Studios Portable Folding Chair System"},"content":{"rendered":"<h2><span style=\"font-size: 90%;\">Install Portable Folding Chair System for S1 Studio<\/span><\/h2>\n<p>Kotobuki Sea and Minh Duc Co., Ltd have completed the supply and installation of the Studio&#8217;s <strong>Portable Folding Chair System<\/strong> and the stage podium for the S1 studio under the Vietnam People&#8217;s Army Television project.<\/p>\n<p>The project is managed and consulted by Minh Duc in association with Kotobuki Sea. This is the new construction project of the Military Broadcasting Center headquarters at 165 Xa Dan, Dong Da district, Hanoi. This project is one of the key projects of the Ministry of National Defense in 2018. The objective of the project is to contribute to the implementation of the Project &#8220;Modernization of military press agencies in the period 2014 &#8211; 2018&#8221;. Therefore, this is a work with modern architecture, monumental scale, high aesthetic value, contributing to the beauty of the Hanoi capital.<\/p>\n<h3>Pictures of RSP-FPO-CS-01 System at S1 Studio<\/h3>\n<p><img decoding=\"async\" class=\"aligncenter size-full wp-image-6908\" src=\"https:\/\/mdsf.vn\/wp-content\/uploads\/2021\/05\/ghe-xep-di-dong-truong-quay-truyen-hinh-quan-doi-10.jpg\" alt=\"gh\u1ebf x\u1ebfp di \u0111\u1ed9ng tr\u01b0\u1eddng quay\" width=\"850\" height=\"638\" srcset=\"https:\/\/mdsf.vn\/wp-content\/uploads\/2021\/05\/ghe-xep-di-dong-truong-quay-truyen-hinh-quan-doi-10.jpg 850w, https:\/\/mdsf.vn\/wp-content\/uploads\/2021\/05\/ghe-xep-di-dong-truong-quay-truyen-hinh-quan-doi-10-533x400.jpg 533w, https:\/\/mdsf.vn\/wp-content\/uploads\/2021\/05\/ghe-xep-di-dong-truong-quay-truyen-hinh-quan-doi-10-768x576.jpg 768w, https:\/\/mdsf.vn\/wp-content\/uploads\/2021\/05\/ghe-xep-di-dong-truong-quay-truyen-hinh-quan-doi-10-600x450.jpg 600w\" sizes=\"(max-width: 850px) 100vw, 850px\" \/><\/p>\n<p><img decoding=\"async\" class=\"aligncenter size-full wp-image-6910\" src=\"https:\/\/mdsf.vn\/wp-content\/uploads\/2021\/05\/ghe-xep-di-dong-truong-quay-truyen-hinh-quan-doi-3.jpg\" alt=\"gh\u1ebf x\u1ebfp truy\u1ec1n h\u00ecnh qu\u00e2n \u0111\u1ed9i 3\" width=\"850\" height=\"638\" srcset=\"https:\/\/mdsf.vn\/wp-content\/uploads\/2021\/05\/ghe-xep-di-dong-truong-quay-truyen-hinh-quan-doi-3.jpg 850w, https:\/\/mdsf.vn\/wp-content\/uploads\/2021\/05\/ghe-xep-di-dong-truong-quay-truyen-hinh-quan-doi-3-533x400.jpg 533w, https:\/\/mdsf.vn\/wp-content\/uploads\/2021\/05\/ghe-xep-di-dong-truong-quay-truyen-hinh-quan-doi-3-768x576.jpg 768w, https:\/\/mdsf.vn\/wp-content\/uploads\/2021\/05\/ghe-xep-di-dong-truong-quay-truyen-hinh-quan-doi-3-600x450.jpg 600w\" sizes=\"(max-width: 850px) 100vw, 850px\" \/><\/p>\n<p><img decoding=\"async\" class=\"aligncenter size-full wp-image-6909\" src=\"https:\/\/mdsf.vn\/wp-content\/uploads\/2021\/05\/ghe-xep-di-dong-truong-quay-truyen-hinh-quan-doi-2.jpg\" alt=\"gh\u1ebf x\u1ebfp truy\u1ec1n h\u00ecnh qu\u00e2n \u0111\u1ed9i\" width=\"850\" height=\"638\" srcset=\"https:\/\/mdsf.vn\/wp-content\/uploads\/2021\/05\/ghe-xep-di-dong-truong-quay-truyen-hinh-quan-doi-2.jpg 850w, https:\/\/mdsf.vn\/wp-content\/uploads\/2021\/05\/ghe-xep-di-dong-truong-quay-truyen-hinh-quan-doi-2-533x400.jpg 533w, https:\/\/mdsf.vn\/wp-content\/uploads\/2021\/05\/ghe-xep-di-dong-truong-quay-truyen-hinh-quan-doi-2-768x576.jpg 768w, https:\/\/mdsf.vn\/wp-content\/uploads\/2021\/05\/ghe-xep-di-dong-truong-quay-truyen-hinh-quan-doi-2-600x450.jpg 600w\" sizes=\"(max-width: 850px) 100vw, 850px\" \/><\/p>\n<ul>\n<li>Project name: Studio S1 Military Radio and Television Center<\/li>\n<li>Address: No. 165 Xa Dan, Dong Da District, Hanoi<\/li>\n<li>Delivery time: December 2018<\/li>\n<li>Chair Type: RSP-FPO-CS01<\/li>\n<li>Quantity: 474 seats<\/li>\n<li>Supplier: Kotobuki Sea Co., Ltd &amp; Minh Duc Furniture Co., Ltd<\/li>\n<\/ul>\n<h4>Other products you may be interested in<\/h4>\n<ul>\n<li><span style=\"color: #3366ff;\"><a style=\"color: #3366ff;\" href=\"https:\/\/mdsf.vn\/en\/product\/matrix-pro-duo-two-seater-office-desk-with-partition\/\">Matrix Pro Duo two-seater office desk with partition<\/a><\/span><\/li>\n<li><span style=\"color: #3366ff;\"><a style=\"color: #3366ff;\" href=\"https:\/\/mdsf.vn\/en\/product\/retractable-seating-platform-chair-for-multi-function-auditorium\/\">Retractable seating platform chair for multi-function auditorium<\/a><\/span><\/li>\n<li><span style=\"color: #3366ff;\"><a style=\"color: #3366ff;\" href=\"https:\/\/mdsf.vn\/en\/product\/high-quality-carpet-adventure-green-72482-shaw-contract\/\">High-quality carpet Adventure Green 72482-Shaw Contract<\/a><\/span><\/li>\n<\/ul>\n","protected":false},"excerpt":{"rendered":"<ul>\n<li>Project name: Studio S1 Military Radio and Television Center<\/li>\n<li>Address: No. 165 Xa Dan, Dong Da District, Hanoi<\/li>\n<li>Delivery time: December 2018<\/li>\n<li>Hotline \/ Zalo: +98 908 314 939<\/li>\n<li>Chair Type: RSP-FPO-CS01<\/li>\n<\/ul>\n","protected":false},"featured_media":6906,"comment_status":"open","ping_status":"closed","template":"","meta":[],"product_brand":[],"product_cat":[1361],"product_tag":[1393,1391,1392],"class_list":{"0":"post-8191","1":"product","2":"type-product","3":"status-publish","4":"has-post-thumbnail","6":"product_cat-installed-projects","7":"product_tag-install-portable-folding-chair-system","8":"product_tag-portable-folding-chair-system","9":"product_tag-supply-portable-folding-chair-system","11":"first","12":"instock","13":"shipping-taxable","14":"product-type-simple"},"yoast_head":"<!-- This site is optimized with the Yoast SEO plugin v27.0 - https:\/\/yoast.com\/product\/yoast-seo-wordpress\/ -->\n<title>Military Television Studios Portable Folding Chair System - Minh Duc<\/title>\n<meta name=\"description\" content=\"Kotobuki Sea and Minh Duc Co., Ltd have completed the supply and installation of the Studio&#039;s Portable Folding Chair System\" \/>\n<meta name=\"robots\" content=\"index, follow, max-snippet:-1, max-image-preview:large, max-video-preview:-1\" \/>\n<link rel=\"canonical\" href=\"https:\/\/mdsf.vn\/en\/san-pham\/military-television-studios-portable-folding-chair-system\/\" \/>\n<meta property=\"og:locale\" content=\"en_US\" \/>\n<meta property=\"og:type\" content=\"article\" \/>\n<meta property=\"og:title\" content=\"Military Television Studios Portable Folding Chair System - Minh Duc\" \/>\n<meta property=\"og:description\" content=\"Kotobuki Sea and Minh Duc Co., Ltd have completed the supply and installation of the Studio&#039;s Portable Folding Chair System\" \/>\n<meta property=\"og:url\" content=\"https:\/\/mdsf.vn\/en\/san-pham\/military-television-studios-portable-folding-chair-system\/\" \/>\n<meta property=\"og:site_name\" content=\"Minh Duc\" \/>\n<meta property=\"article:publisher\" content=\"https:\/\/www.facebook.com\/shopnoithatvn\/\" \/>\n<meta property=\"article:modified_time\" content=\"2021-07-23T16:34:16+00:00\" \/>\n<meta property=\"og:image\" content=\"https:\/\/mdsf.vn\/wp-content\/uploads\/2021\/05\/ghe-xep-di-dong-truong-quay-truyen-hinh-quan-doi.jpg\" \/>\n\t<meta property=\"og:image:width\" content=\"600\" \/>\n\t<meta property=\"og:image:height\" content=\"600\" \/>\n\t<meta property=\"og:image:type\" content=\"image\/jpeg\" \/>\n<meta name=\"twitter:card\" content=\"summary_large_image\" \/>\n<meta name=\"twitter:label1\" content=\"Est. reading time\" \/>\n\t<meta name=\"twitter:data1\" content=\"1 minute\" \/>\n<script type=\"application\/ld+json\" class=\"yoast-schema-graph\">{\"@context\":\"https:\/\/schema.org\",\"@graph\":[{\"@type\":\"WebPage\",\"@id\":\"https:\/\/mdsf.vn\/en\/san-pham\/military-television-studios-portable-folding-chair-system\/\",\"url\":\"https:\/\/mdsf.vn\/en\/san-pham\/military-television-studios-portable-folding-chair-system\/\",\"name\":\"Military Television Studios Portable Folding Chair System - Minh Duc\",\"isPartOf\":{\"@id\":\"https:\/\/mdsf.vn\/en\/#website\"},\"primaryImageOfPage\":{\"@id\":\"https:\/\/mdsf.vn\/en\/san-pham\/military-television-studios-portable-folding-chair-system\/#primaryimage\"},\"image\":{\"@id\":\"https:\/\/mdsf.vn\/en\/san-pham\/military-television-studios-portable-folding-chair-system\/#primaryimage\"},\"thumbnailUrl\":\"https:\/\/mdsf.vn\/wp-content\/uploads\/2021\/05\/ghe-xep-di-dong-truong-quay-truyen-hinh-quan-doi.jpg\",\"datePublished\":\"2021-05-21T04:33:54+00:00\",\"dateModified\":\"2021-07-23T16:34:16+00:00\",\"description\":\"Kotobuki Sea and Minh Duc Co., Ltd have completed the supply and installation of the Studio's Portable Folding Chair System\",\"breadcrumb\":{\"@id\":\"https:\/\/mdsf.vn\/en\/san-pham\/military-television-studios-portable-folding-chair-system\/#breadcrumb\"},\"inLanguage\":\"en-US\",\"potentialAction\":[{\"@type\":\"ReadAction\",\"target\":[\"https:\/\/mdsf.vn\/en\/san-pham\/military-television-studios-portable-folding-chair-system\/\"]}]},{\"@type\":\"ImageObject\",\"inLanguage\":\"en-US\",\"@id\":\"https:\/\/mdsf.vn\/en\/san-pham\/military-television-studios-portable-folding-chair-system\/#primaryimage\",\"url\":\"https:\/\/mdsf.vn\/wp-content\/uploads\/2021\/05\/ghe-xep-di-dong-truong-quay-truyen-hinh-quan-doi.jpg\",\"contentUrl\":\"https:\/\/mdsf.vn\/wp-content\/uploads\/2021\/05\/ghe-xep-di-dong-truong-quay-truyen-hinh-quan-doi.jpg\",\"width\":600,\"height\":600,\"caption\":\"Portable Folding Chair System\"},{\"@type\":\"BreadcrumbList\",\"@id\":\"https:\/\/mdsf.vn\/en\/san-pham\/military-television-studios-portable-folding-chair-system\/#breadcrumb\",\"itemListElement\":[{\"@type\":\"ListItem\",\"position\":1,\"name\":\"Home\",\"item\":\"https:\/\/mdsf.vn\/en\/\"},{\"@type\":\"ListItem\",\"position\":2,\"name\":\"Shop\",\"item\":\"https:\/\/mdsf.vn\/en\/shop\/\"},{\"@type\":\"ListItem\",\"position\":3,\"name\":\"Military Television Studios Portable Folding Chair System\"}]},{\"@type\":\"WebSite\",\"@id\":\"https:\/\/mdsf.vn\/en\/#website\",\"url\":\"https:\/\/mdsf.vn\/en\/\",\"name\":\"Minh Duc\",\"description\":\"N\u1ed9i th\u1ea5t c\u00f4ng c\u1ed9ng Minh \u0110\u1ee9c\",\"publisher\":{\"@id\":\"https:\/\/mdsf.vn\/en\/#organization\"},\"potentialAction\":[{\"@type\":\"SearchAction\",\"target\":{\"@type\":\"EntryPoint\",\"urlTemplate\":\"https:\/\/mdsf.vn\/en\/?s={search_term_string}\"},\"query-input\":{\"@type\":\"PropertyValueSpecification\",\"valueRequired\":true,\"valueName\":\"search_term_string\"}}],\"inLanguage\":\"en-US\"},{\"@type\":\"Organization\",\"@id\":\"https:\/\/mdsf.vn\/en\/#organization\",\"name\":\"Minh Duc Public Furniture Co., Ltd\",\"url\":\"https:\/\/mdsf.vn\/en\/\",\"logo\":{\"@type\":\"ImageObject\",\"inLanguage\":\"en-US\",\"@id\":\"https:\/\/mdsf.vn\/en\/#\/schema\/logo\/image\/\",\"url\":\"http:\/\/45.32.103.86\/wp-content\/uploads\/2021\/02\/logo-hoan-thien-noi-that-minh-duc-1.png\",\"contentUrl\":\"http:\/\/45.32.103.86\/wp-content\/uploads\/2021\/02\/logo-hoan-thien-noi-that-minh-duc-1.png\",\"width\":220,\"height\":136,\"caption\":\"Minh Duc Public Furniture Co., Ltd\"},\"image\":{\"@id\":\"https:\/\/mdsf.vn\/en\/#\/schema\/logo\/image\/\"},\"sameAs\":[\"https:\/\/www.facebook.com\/shopnoithatvn\/\",\"https:\/\/www.pinterest.com\/shopnoithatonline\/\"]}]}<\/script>\n<!-- \/ Yoast SEO plugin. -->","yoast_head_json":{"title":"Military Television Studios Portable Folding Chair System - Minh Duc","description":"Kotobuki Sea and Minh Duc Co., Ltd have completed the supply and installation of the Studio's Portable Folding Chair System","robots":{"index":"index","follow":"follow","max-snippet":"max-snippet:-1","max-image-preview":"max-image-preview:large","max-video-preview":"max-video-preview:-1"},"canonical":"https:\/\/mdsf.vn\/en\/san-pham\/military-television-studios-portable-folding-chair-system\/","og_locale":"en_US","og_type":"article","og_title":"Military Television Studios Portable Folding Chair System - Minh Duc","og_description":"Kotobuki Sea and Minh Duc Co., Ltd have completed the supply and installation of the Studio's Portable Folding Chair System","og_url":"https:\/\/mdsf.vn\/en\/san-pham\/military-television-studios-portable-folding-chair-system\/","og_site_name":"Minh Duc","article_publisher":"https:\/\/www.facebook.com\/shopnoithatvn\/","article_modified_time":"2021-07-23T16:34:16+00:00","og_image":[{"width":600,"height":600,"url":"https:\/\/mdsf.vn\/wp-content\/uploads\/2021\/05\/ghe-xep-di-dong-truong-quay-truyen-hinh-quan-doi.jpg","type":"image\/jpeg"}],"twitter_card":"summary_large_image","twitter_misc":{"Est. reading time":"1 minute"},"schema":{"@context":"https:\/\/schema.org","@graph":[{"@type":"WebPage","@id":"https:\/\/mdsf.vn\/en\/san-pham\/military-television-studios-portable-folding-chair-system\/","url":"https:\/\/mdsf.vn\/en\/san-pham\/military-television-studios-portable-folding-chair-system\/","name":"Military Television Studios Portable Folding Chair System - Minh Duc","isPartOf":{"@id":"https:\/\/mdsf.vn\/en\/#website"},"primaryImageOfPage":{"@id":"https:\/\/mdsf.vn\/en\/san-pham\/military-television-studios-portable-folding-chair-system\/#primaryimage"},"image":{"@id":"https:\/\/mdsf.vn\/en\/san-pham\/military-television-studios-portable-folding-chair-system\/#primaryimage"},"thumbnailUrl":"https:\/\/mdsf.vn\/wp-content\/uploads\/2021\/05\/ghe-xep-di-dong-truong-quay-truyen-hinh-quan-doi.jpg","datePublished":"2021-05-21T04:33:54+00:00","dateModified":"2021-07-23T16:34:16+00:00","description":"Kotobuki Sea and Minh Duc Co., Ltd have completed the supply and installation of the Studio's Portable Folding Chair System","breadcrumb":{"@id":"https:\/\/mdsf.vn\/en\/san-pham\/military-television-studios-portable-folding-chair-system\/#breadcrumb"},"inLanguage":"en-US","potentialAction":[{"@type":"ReadAction","target":["https:\/\/mdsf.vn\/en\/san-pham\/military-television-studios-portable-folding-chair-system\/"]}]},{"@type":"ImageObject","inLanguage":"en-US","@id":"https:\/\/mdsf.vn\/en\/san-pham\/military-television-studios-portable-folding-chair-system\/#primaryimage","url":"https:\/\/mdsf.vn\/wp-content\/uploads\/2021\/05\/ghe-xep-di-dong-truong-quay-truyen-hinh-quan-doi.jpg","contentUrl":"https:\/\/mdsf.vn\/wp-content\/uploads\/2021\/05\/ghe-xep-di-dong-truong-quay-truyen-hinh-quan-doi.jpg","width":600,"height":600,"caption":"Portable Folding Chair System"},{"@type":"BreadcrumbList","@id":"https:\/\/mdsf.vn\/en\/san-pham\/military-television-studios-portable-folding-chair-system\/#breadcrumb","itemListElement":[{"@type":"ListItem","position":1,"name":"Home","item":"https:\/\/mdsf.vn\/en\/"},{"@type":"ListItem","position":2,"name":"Shop","item":"https:\/\/mdsf.vn\/en\/shop\/"},{"@type":"ListItem","position":3,"name":"Military Television Studios Portable Folding Chair System"}]},{"@type":"WebSite","@id":"https:\/\/mdsf.vn\/en\/#website","url":"https:\/\/mdsf.vn\/en\/","name":"Minh Duc","description":"N\u1ed9i th\u1ea5t c\u00f4ng c\u1ed9ng Minh \u0110\u1ee9c","publisher":{"@id":"https:\/\/mdsf.vn\/en\/#organization"},"potentialAction":[{"@type":"SearchAction","target":{"@type":"EntryPoint","urlTemplate":"https:\/\/mdsf.vn\/en\/?s={search_term_string}"},"query-input":{"@type":"PropertyValueSpecification","valueRequired":true,"valueName":"search_term_string"}}],"inLanguage":"en-US"},{"@type":"Organization","@id":"https:\/\/mdsf.vn\/en\/#organization","name":"Minh Duc Public Furniture Co., Ltd","url":"https:\/\/mdsf.vn\/en\/","logo":{"@type":"ImageObject","inLanguage":"en-US","@id":"https:\/\/mdsf.vn\/en\/#\/schema\/logo\/image\/","url":"http:\/\/45.32.103.86\/wp-content\/uploads\/2021\/02\/logo-hoan-thien-noi-that-minh-duc-1.png","contentUrl":"http:\/\/45.32.103.86\/wp-content\/uploads\/2021\/02\/logo-hoan-thien-noi-that-minh-duc-1.png","width":220,"height":136,"caption":"Minh Duc Public Furniture Co., Ltd"},"image":{"@id":"https:\/\/mdsf.vn\/en\/#\/schema\/logo\/image\/"},"sameAs":["https:\/\/www.facebook.com\/shopnoithatvn\/","https:\/\/www.pinterest.com\/shopnoithatonline\/"]}]}},"_links":{"self":[{"href":"https:\/\/mdsf.vn\/en\/wp-json\/wp\/v2\/product\/8191","targetHints":{"allow":["GET"]}}],"collection":[{"href":"https:\/\/mdsf.vn\/en\/wp-json\/wp\/v2\/product"}],"about":[{"href":"https:\/\/mdsf.vn\/en\/wp-json\/wp\/v2\/types\/product"}],"replies":[{"embeddable":true,"href":"https:\/\/mdsf.vn\/en\/wp-json\/wp\/v2\/comments?post=8191"}],"wp:featuredmedia":[{"embeddable":true,"href":"https:\/\/mdsf.vn\/en\/wp-json\/wp\/v2\/media\/6906"}],"wp:attachment":[{"href":"https:\/\/mdsf.vn\/en\/wp-json\/wp\/v2\/media?parent=8191"}],"wp:term":[{"taxonomy":"product_brand","embeddable":true,"href":"https:\/\/mdsf.vn\/en\/wp-json\/wp\/v2\/product_brand?post=8191"},{"taxonomy":"product_cat","embeddable":true,"href":"https:\/\/mdsf.vn\/en\/wp-json\/wp\/v2\/product_cat?post=8191"},{"taxonomy":"product_tag","embeddable":true,"href":"https:\/\/mdsf.vn\/en\/wp-json\/wp\/v2\/product_tag?post=8191"}],"curies":[{"name":"wp","href":"https:\/\/api.w.org\/{rel}","templated":true}]}}