{"id":19454,"date":"2024-11-13T10:02:14","date_gmt":"2024-11-13T03:02:14","guid":{"rendered":"https:\/\/mdsf.vn\/san-pham\/gluing-engineered-wood-flooring-eidai-japan-brand-wooden-floor\/"},"modified":"2025-01-23T14:21:23","modified_gmt":"2025-01-23T07:21:23","slug":"gluing-engineered-wood-flooring-eidai-japan-brand-wooden-floor","status":"publish","type":"product","link":"https:\/\/mdsf.vn\/en\/san-pham\/gluing-engineered-wood-flooring-eidai-japan-brand-wooden-floor\/","title":{"rendered":"Gluing engineered wood flooring Eidai Japan brand wooden floor"},"content":{"rendered":"<h2><span style=\"font-size: 90%;\" data-mce-style=\"font-size: 90%;\">Gluing engineered wood flooring wooden flooring for villas made in Japan<\/span><\/h2>\n<p><strong>Gluing engineered wood flooring<\/strong> MD-MRVS-ROA-C belongs to the high-end segment in the product line of Eidai factory, a famous brand from Japan. The traditional 3P style of the floor is 12mm thick, including 3 layers: UV paint layer, 2mm natural red oak layer, 10mm Plywood layer. Japanese UV paint, antibacterial and antiviral surface certified by SIAA.<\/p>\n<p>The surface of red oak has good bearing capacity, high resistance to abrasion and impact, helping to protect the floor surface to be durable and beautiful over time. The red oak grain is very characteristic and delicate, bringing natural beauty and luxury to your beloved home. Imported Japanese red oak complies with strict standards of quality and safety. The product does not contain toxic substances, ensuring safety for the health of users.<\/p>\n<div class=\"mceTemp\">\n<dl id=\"attachment_19342\" class=\"wp-caption aligncenter\" style=\"width: 850px\" data-mce-style=\"width: 850px\">\n<dt class=\"wp-caption-dt\"><img decoding=\"async\" class=\"wp-image-19342 size-full\" src=\"https:\/\/mdsf.vn\/wp-content\/uploads\/2024\/11\/San-go-soi-do-nhap-khau-dung-tai-phong-khach.jpg\" alt=\"S\u00e0n g\u1ed7 s\u1ed3i \u0111\u1ecf nh\u1eadp kh\u1ea9u d\u00f9ng t\u1ea1i ph\u00f2ng kh\u00e1ch\" width=\"850\" height=\"510\" data-mce-src=\"https:\/\/mdsf.vn\/wp-content\/uploads\/2024\/11\/San-go-soi-do-nhap-khau-dung-tai-phong-khach.jpg\" srcset=\"https:\/\/mdsf.vn\/wp-content\/uploads\/2024\/11\/San-go-soi-do-nhap-khau-dung-tai-phong-khach.jpg 850w, https:\/\/mdsf.vn\/wp-content\/uploads\/2024\/11\/San-go-soi-do-nhap-khau-dung-tai-phong-khach-667x400.jpg 667w, https:\/\/mdsf.vn\/wp-content\/uploads\/2024\/11\/San-go-soi-do-nhap-khau-dung-tai-phong-khach-768x461.jpg 768w, https:\/\/mdsf.vn\/wp-content\/uploads\/2024\/11\/San-go-soi-do-nhap-khau-dung-tai-phong-khach-650x390.jpg 650w\" sizes=\"(max-width: 850px) 100vw, 850px\" \/><\/dt>\n<dd class=\"wp-caption-dd\">Imported red oak flooring is installed in the living room<\/dd>\n<\/dl>\n<\/div>\n<h3>Product specifications<\/h3>\n<ul>\n<li>Product code: MD-MRVS-ROA-C<\/li>\n<li>Size: 12 x 303 x 1818mm<\/li>\n<li>Wood type: Red oak<\/li>\n<li>Core type: Plywood<\/li>\n<li>Packing specification: 6 bars \/ box<\/li>\n<li>Origin: Japan<\/li>\n<li>Brand: <a href=\"https:\/\/www.eidaivietnam.com\/\" target=\"_blank\" rel=\"noopener\" data-mce-href=\"https:\/\/www.eidaivietnam.com\/\">Eidai<\/a><\/li>\n<\/ul>\n<h4>Notes on ordering and delivery<\/h4>\n<ul>\n<li>Products are sold by m\u00b2 and calculated by box unit. This product is ordered directly from Eidai Japan factory. Order time for products available in stock is usually 2 \u2013 4 weeks depending on volume.<\/li>\n<li>For large project orders, please contact directly via hotline \/ WhatsApp \/ Skype \/ Telegram +84908314939 for advice and the most accurate information.<\/li>\n<\/ul>\n<p>FEATURED PRODUCTS<\/p>\n<ul>\n<li><a data-mce-href=\"\/?p=19428\" href=\"https:\/\/mdsf.vn\/en\/san-pham\/walnut-engineered-wood-flooring-natural-engineered-wood-flooring\/\">Walnut engineered wood flooring natural engineered wood flooring<\/a><\/li>\n<li><a data-mce-href=\"\/?p=19452\" href=\"https:\/\/mdsf.vn\/en\/san-pham\/maple-engineered-flooring-high-quality-wooden-floors-from-japan\/\">Maple engineered flooring high quality wooden floors from Japan<\/a><\/li>\n<li><a data-mce-href=\"\/?p=19453\" href=\"https:\/\/mdsf.vn\/en\/san-pham\/high-quality-engineered-wood-flooring-beautiful-cherry-wood-flooring\/\">High quality engineered wood flooring beautiful cherry wood flooring<\/a><\/li>\n<\/ul>\n<div class=\"social-icons share-icons share-row relative\" ><a href=\"whatsapp:\/\/send?text=Gluing%20engineered%20wood%20flooring%20Eidai%20Japan%20brand%20wooden%20floor - https:\/\/mdsf.vn\/en\/san-pham\/gluing-engineered-wood-flooring-eidai-japan-brand-wooden-floor\/\" data-action=\"share\/whatsapp\/share\" class=\"icon primary button round tooltip whatsapp show-for-medium\" title=\"Share on WhatsApp\" aria-label=\"Share on WhatsApp\"><i class=\"icon-whatsapp\" aria-hidden=\"true\"><\/i><\/a><a href=\"https:\/\/www.facebook.com\/sharer.php?u=https:\/\/mdsf.vn\/en\/san-pham\/gluing-engineered-wood-flooring-eidai-japan-brand-wooden-floor\/\" data-label=\"Facebook\" onclick=\"window.open(this.href,this.title,'width=500,height=500,top=300px,left=300px'); return false;\" target=\"_blank\" class=\"icon primary button round tooltip facebook\" title=\"Share on Facebook\" aria-label=\"Share on Facebook\" rel=\"noopener nofollow\"><i class=\"icon-facebook\" aria-hidden=\"true\"><\/i><\/a><a href=\"https:\/\/twitter.com\/share?url=https:\/\/mdsf.vn\/en\/san-pham\/gluing-engineered-wood-flooring-eidai-japan-brand-wooden-floor\/\" onclick=\"window.open(this.href,this.title,'width=500,height=500,top=300px,left=300px'); return false;\" target=\"_blank\" class=\"icon primary button round tooltip twitter\" title=\"Share on Twitter\" aria-label=\"Share on Twitter\" rel=\"noopener nofollow\"><i class=\"icon-twitter\" aria-hidden=\"true\"><\/i><\/a><a href=\"mailto:?subject=Gluing%20engineered%20wood%20flooring%20Eidai%20Japan%20brand%20wooden%20floor&body=Check%20this%20out%3A%20https%3A%2F%2Fmdsf.vn%2Fen%2Fsan-pham%2Fgluing-engineered-wood-flooring-eidai-japan-brand-wooden-floor%2F\" class=\"icon primary button round tooltip email\" title=\"Email to a Friend\" aria-label=\"Email to a Friend\" rel=\"nofollow\"><i class=\"icon-envelop\" aria-hidden=\"true\"><\/i><\/a><a href=\"https:\/\/pinterest.com\/pin\/create\/button?url=https:\/\/mdsf.vn\/en\/san-pham\/gluing-engineered-wood-flooring-eidai-japan-brand-wooden-floor\/&media=https:\/\/mdsf.vn\/wp-content\/uploads\/2024\/11\/San-go-soi-do-nhap-khau.jpg&description=Gluing%20engineered%20wood%20flooring%20Eidai%20Japan%20brand%20wooden%20floor\" onclick=\"window.open(this.href,this.title,'width=500,height=500,top=300px,left=300px'); return false;\" target=\"_blank\" class=\"icon primary button round tooltip pinterest\" title=\"Pin on Pinterest\" aria-label=\"Pin on Pinterest\" rel=\"noopener nofollow\"><i class=\"icon-pinterest\" aria-hidden=\"true\"><\/i><\/a><a href=\"https:\/\/www.linkedin.com\/shareArticle?mini=true&url=https:\/\/mdsf.vn\/en\/san-pham\/gluing-engineered-wood-flooring-eidai-japan-brand-wooden-floor\/&title=Gluing%20engineered%20wood%20flooring%20Eidai%20Japan%20brand%20wooden%20floor\" onclick=\"window.open(this.href,this.title,'width=500,height=500,top=300px,left=300px'); return false;\" target=\"_blank\" class=\"icon primary button round tooltip linkedin\" title=\"Share on LinkedIn\" aria-label=\"Share on LinkedIn\" rel=\"noopener nofollow\"><i class=\"icon-linkedin\" aria-hidden=\"true\"><\/i><\/a><\/div>\n","protected":false},"excerpt":{"rendered":"<ul>\n<li>M\u00e3 s\u1ea3n ph\u1ea9m: MD-MRVS-ROA-C<\/li>\n<li>K\u00edch th\u01b0\u1edbc: 12 x 303 x 1818mm<\/li>\n<li>Lo\u1ea1i g\u1ed7: G\u1ed7 s\u1ed3i \u0111\u1ecf<\/li>\n<li>Quy c\u00e1ch \u0111\u00f3ng g\u00f3i: 6 thanh \/ h\u1ed9p<\/li>\n<li>Xu\u1ea5t x\u1ee9: Nh\u1eadt B\u1ea3n<\/li>\n<li>Gi\u00e1 th\u00e0nh: Li\u00ean h\u1ec7<\/li>\n<li>Hotline \/ Zalo: 0908314939<\/li>\n<\/ul>\n","protected":false},"featured_media":19345,"comment_status":"open","ping_status":"closed","template":"","meta":[],"product_brand":[],"product_cat":[2724],"product_tag":[2726],"class_list":{"0":"post-19454","1":"product","2":"type-product","3":"status-publish","4":"has-post-thumbnail","6":"product_cat-engineered-wood-flooring","7":"product_tag-san-go-eidai-en","9":"first","10":"instock","11":"shipping-taxable","12":"product-type-simple"},"yoast_head":"<!-- This site is optimized with the Yoast SEO plugin v27.0 - https:\/\/yoast.com\/product\/yoast-seo-wordpress\/ -->\n<title>Gluing engineered wood flooring Eidai Japan brand wooden floor - Minh Duc<\/title>\n<meta name=\"description\" content=\"S\u00e0n g\u1ed7 s\u1ed3i \u0111\u1ecf nh\u1eadp kh\u1ea9u MD-MRVS-ROA-C thu\u1ed9c ph\u00e2n kh\u00fac cao c\u1ea5p trong b\u1ea3ng h\u00e0ng c\u1ee7a nh\u00e0 m\u00e1y Eidai, m\u1ed9t th\u01b0\u01a1ng hi\u1ec7u n\u1ed5i ti\u1ebfng \u0111\u1ebfn t\u1eeb Nh\u1eadt B\u1ea3n\" \/>\n<meta name=\"robots\" content=\"index, follow, max-snippet:-1, max-image-preview:large, max-video-preview:-1\" \/>\n<link rel=\"canonical\" href=\"https:\/\/mdsf.vn\/en\/san-pham\/gluing-engineered-wood-flooring-eidai-japan-brand-wooden-floor\/\" \/>\n<meta property=\"og:locale\" content=\"en_US\" \/>\n<meta property=\"og:type\" content=\"article\" \/>\n<meta property=\"og:title\" content=\"Gluing engineered wood flooring Eidai Japan brand wooden floor - Minh Duc\" \/>\n<meta property=\"og:description\" content=\"S\u00e0n g\u1ed7 s\u1ed3i \u0111\u1ecf nh\u1eadp kh\u1ea9u MD-MRVS-ROA-C thu\u1ed9c ph\u00e2n kh\u00fac cao c\u1ea5p trong b\u1ea3ng h\u00e0ng c\u1ee7a nh\u00e0 m\u00e1y Eidai, m\u1ed9t th\u01b0\u01a1ng hi\u1ec7u n\u1ed5i ti\u1ebfng \u0111\u1ebfn t\u1eeb Nh\u1eadt B\u1ea3n\" \/>\n<meta property=\"og:url\" content=\"https:\/\/mdsf.vn\/en\/san-pham\/gluing-engineered-wood-flooring-eidai-japan-brand-wooden-floor\/\" \/>\n<meta property=\"og:site_name\" content=\"Minh Duc\" \/>\n<meta property=\"article:publisher\" content=\"https:\/\/www.facebook.com\/shopnoithatvn\/\" \/>\n<meta property=\"article:modified_time\" content=\"2025-01-23T07:21:23+00:00\" \/>\n<meta property=\"og:image\" content=\"https:\/\/mdsf.vn\/wp-content\/uploads\/2024\/11\/San-go-soi-do-nhap-khau.jpg\" \/>\n\t<meta property=\"og:image:width\" content=\"780\" \/>\n\t<meta property=\"og:image:height\" content=\"780\" \/>\n\t<meta property=\"og:image:type\" content=\"image\/jpeg\" \/>\n<meta name=\"twitter:card\" content=\"summary_large_image\" \/>\n<meta name=\"twitter:label1\" content=\"Est. reading time\" \/>\n\t<meta name=\"twitter:data1\" content=\"1 minute\" \/>\n<script type=\"application\/ld+json\" class=\"yoast-schema-graph\">{\"@context\":\"https:\/\/schema.org\",\"@graph\":[{\"@type\":\"WebPage\",\"@id\":\"https:\/\/mdsf.vn\/en\/san-pham\/gluing-engineered-wood-flooring-eidai-japan-brand-wooden-floor\/\",\"url\":\"https:\/\/mdsf.vn\/en\/san-pham\/gluing-engineered-wood-flooring-eidai-japan-brand-wooden-floor\/\",\"name\":\"Gluing engineered wood flooring Eidai Japan brand wooden floor - Minh Duc\",\"isPartOf\":{\"@id\":\"https:\/\/mdsf.vn\/en\/#website\"},\"primaryImageOfPage\":{\"@id\":\"https:\/\/mdsf.vn\/en\/san-pham\/gluing-engineered-wood-flooring-eidai-japan-brand-wooden-floor\/#primaryimage\"},\"image\":{\"@id\":\"https:\/\/mdsf.vn\/en\/san-pham\/gluing-engineered-wood-flooring-eidai-japan-brand-wooden-floor\/#primaryimage\"},\"thumbnailUrl\":\"https:\/\/mdsf.vn\/wp-content\/uploads\/2024\/11\/San-go-soi-do-nhap-khau.jpg\",\"datePublished\":\"2024-11-13T03:02:14+00:00\",\"dateModified\":\"2025-01-23T07:21:23+00:00\",\"description\":\"S\u00e0n g\u1ed7 s\u1ed3i \u0111\u1ecf nh\u1eadp kh\u1ea9u MD-MRVS-ROA-C thu\u1ed9c ph\u00e2n kh\u00fac cao c\u1ea5p trong b\u1ea3ng h\u00e0ng c\u1ee7a nh\u00e0 m\u00e1y Eidai, m\u1ed9t th\u01b0\u01a1ng hi\u1ec7u n\u1ed5i ti\u1ebfng \u0111\u1ebfn t\u1eeb Nh\u1eadt B\u1ea3n\",\"breadcrumb\":{\"@id\":\"https:\/\/mdsf.vn\/en\/san-pham\/gluing-engineered-wood-flooring-eidai-japan-brand-wooden-floor\/#breadcrumb\"},\"inLanguage\":\"en-US\",\"potentialAction\":[{\"@type\":\"ReadAction\",\"target\":[\"https:\/\/mdsf.vn\/en\/san-pham\/gluing-engineered-wood-flooring-eidai-japan-brand-wooden-floor\/\"]}]},{\"@type\":\"ImageObject\",\"inLanguage\":\"en-US\",\"@id\":\"https:\/\/mdsf.vn\/en\/san-pham\/gluing-engineered-wood-flooring-eidai-japan-brand-wooden-floor\/#primaryimage\",\"url\":\"https:\/\/mdsf.vn\/wp-content\/uploads\/2024\/11\/San-go-soi-do-nhap-khau.jpg\",\"contentUrl\":\"https:\/\/mdsf.vn\/wp-content\/uploads\/2024\/11\/San-go-soi-do-nhap-khau.jpg\",\"width\":780,\"height\":780,\"caption\":\"S\u00e0n g\u1ed7 s\u1ed3i \u0111\u1ecf nh\u1eadp kh\u1ea9u\"},{\"@type\":\"BreadcrumbList\",\"@id\":\"https:\/\/mdsf.vn\/en\/san-pham\/gluing-engineered-wood-flooring-eidai-japan-brand-wooden-floor\/#breadcrumb\",\"itemListElement\":[{\"@type\":\"ListItem\",\"position\":1,\"name\":\"Home\",\"item\":\"https:\/\/mdsf.vn\/en\/\"},{\"@type\":\"ListItem\",\"position\":2,\"name\":\"Shop\",\"item\":\"https:\/\/mdsf.vn\/en\/shop\/\"},{\"@type\":\"ListItem\",\"position\":3,\"name\":\"Gluing engineered wood flooring Eidai Japan brand wooden floor\"}]},{\"@type\":\"WebSite\",\"@id\":\"https:\/\/mdsf.vn\/en\/#website\",\"url\":\"https:\/\/mdsf.vn\/en\/\",\"name\":\"Minh Duc\",\"description\":\"N\u1ed9i th\u1ea5t c\u00f4ng c\u1ed9ng Minh \u0110\u1ee9c\",\"publisher\":{\"@id\":\"https:\/\/mdsf.vn\/en\/#organization\"},\"potentialAction\":[{\"@type\":\"SearchAction\",\"target\":{\"@type\":\"EntryPoint\",\"urlTemplate\":\"https:\/\/mdsf.vn\/en\/?s={search_term_string}\"},\"query-input\":{\"@type\":\"PropertyValueSpecification\",\"valueRequired\":true,\"valueName\":\"search_term_string\"}}],\"inLanguage\":\"en-US\"},{\"@type\":\"Organization\",\"@id\":\"https:\/\/mdsf.vn\/en\/#organization\",\"name\":\"Minh Duc Public Furniture Co., Ltd\",\"url\":\"https:\/\/mdsf.vn\/en\/\",\"logo\":{\"@type\":\"ImageObject\",\"inLanguage\":\"en-US\",\"@id\":\"https:\/\/mdsf.vn\/en\/#\/schema\/logo\/image\/\",\"url\":\"http:\/\/45.32.103.86\/wp-content\/uploads\/2021\/02\/logo-hoan-thien-noi-that-minh-duc-1.png\",\"contentUrl\":\"http:\/\/45.32.103.86\/wp-content\/uploads\/2021\/02\/logo-hoan-thien-noi-that-minh-duc-1.png\",\"width\":220,\"height\":136,\"caption\":\"Minh Duc Public Furniture Co., Ltd\"},\"image\":{\"@id\":\"https:\/\/mdsf.vn\/en\/#\/schema\/logo\/image\/\"},\"sameAs\":[\"https:\/\/www.facebook.com\/shopnoithatvn\/\",\"https:\/\/www.pinterest.com\/shopnoithatonline\/\"]}]}<\/script>\n<!-- \/ Yoast SEO plugin. -->","yoast_head_json":{"title":"Gluing engineered wood flooring Eidai Japan brand wooden floor - Minh Duc","description":"S\u00e0n g\u1ed7 s\u1ed3i \u0111\u1ecf nh\u1eadp kh\u1ea9u MD-MRVS-ROA-C thu\u1ed9c ph\u00e2n kh\u00fac cao c\u1ea5p trong b\u1ea3ng h\u00e0ng c\u1ee7a nh\u00e0 m\u00e1y Eidai, m\u1ed9t th\u01b0\u01a1ng hi\u1ec7u n\u1ed5i ti\u1ebfng \u0111\u1ebfn t\u1eeb Nh\u1eadt B\u1ea3n","robots":{"index":"index","follow":"follow","max-snippet":"max-snippet:-1","max-image-preview":"max-image-preview:large","max-video-preview":"max-video-preview:-1"},"canonical":"https:\/\/mdsf.vn\/en\/san-pham\/gluing-engineered-wood-flooring-eidai-japan-brand-wooden-floor\/","og_locale":"en_US","og_type":"article","og_title":"Gluing engineered wood flooring Eidai Japan brand wooden floor - Minh Duc","og_description":"S\u00e0n g\u1ed7 s\u1ed3i \u0111\u1ecf nh\u1eadp kh\u1ea9u MD-MRVS-ROA-C thu\u1ed9c ph\u00e2n kh\u00fac cao c\u1ea5p trong b\u1ea3ng h\u00e0ng c\u1ee7a nh\u00e0 m\u00e1y Eidai, m\u1ed9t th\u01b0\u01a1ng hi\u1ec7u n\u1ed5i ti\u1ebfng \u0111\u1ebfn t\u1eeb Nh\u1eadt B\u1ea3n","og_url":"https:\/\/mdsf.vn\/en\/san-pham\/gluing-engineered-wood-flooring-eidai-japan-brand-wooden-floor\/","og_site_name":"Minh Duc","article_publisher":"https:\/\/www.facebook.com\/shopnoithatvn\/","article_modified_time":"2025-01-23T07:21:23+00:00","og_image":[{"width":780,"height":780,"url":"https:\/\/mdsf.vn\/wp-content\/uploads\/2024\/11\/San-go-soi-do-nhap-khau.jpg","type":"image\/jpeg"}],"twitter_card":"summary_large_image","twitter_misc":{"Est. reading time":"1 minute"},"schema":{"@context":"https:\/\/schema.org","@graph":[{"@type":"WebPage","@id":"https:\/\/mdsf.vn\/en\/san-pham\/gluing-engineered-wood-flooring-eidai-japan-brand-wooden-floor\/","url":"https:\/\/mdsf.vn\/en\/san-pham\/gluing-engineered-wood-flooring-eidai-japan-brand-wooden-floor\/","name":"Gluing engineered wood flooring Eidai Japan brand wooden floor - Minh Duc","isPartOf":{"@id":"https:\/\/mdsf.vn\/en\/#website"},"primaryImageOfPage":{"@id":"https:\/\/mdsf.vn\/en\/san-pham\/gluing-engineered-wood-flooring-eidai-japan-brand-wooden-floor\/#primaryimage"},"image":{"@id":"https:\/\/mdsf.vn\/en\/san-pham\/gluing-engineered-wood-flooring-eidai-japan-brand-wooden-floor\/#primaryimage"},"thumbnailUrl":"https:\/\/mdsf.vn\/wp-content\/uploads\/2024\/11\/San-go-soi-do-nhap-khau.jpg","datePublished":"2024-11-13T03:02:14+00:00","dateModified":"2025-01-23T07:21:23+00:00","description":"S\u00e0n g\u1ed7 s\u1ed3i \u0111\u1ecf nh\u1eadp kh\u1ea9u MD-MRVS-ROA-C thu\u1ed9c ph\u00e2n kh\u00fac cao c\u1ea5p trong b\u1ea3ng h\u00e0ng c\u1ee7a nh\u00e0 m\u00e1y Eidai, m\u1ed9t th\u01b0\u01a1ng hi\u1ec7u n\u1ed5i ti\u1ebfng \u0111\u1ebfn t\u1eeb Nh\u1eadt B\u1ea3n","breadcrumb":{"@id":"https:\/\/mdsf.vn\/en\/san-pham\/gluing-engineered-wood-flooring-eidai-japan-brand-wooden-floor\/#breadcrumb"},"inLanguage":"en-US","potentialAction":[{"@type":"ReadAction","target":["https:\/\/mdsf.vn\/en\/san-pham\/gluing-engineered-wood-flooring-eidai-japan-brand-wooden-floor\/"]}]},{"@type":"ImageObject","inLanguage":"en-US","@id":"https:\/\/mdsf.vn\/en\/san-pham\/gluing-engineered-wood-flooring-eidai-japan-brand-wooden-floor\/#primaryimage","url":"https:\/\/mdsf.vn\/wp-content\/uploads\/2024\/11\/San-go-soi-do-nhap-khau.jpg","contentUrl":"https:\/\/mdsf.vn\/wp-content\/uploads\/2024\/11\/San-go-soi-do-nhap-khau.jpg","width":780,"height":780,"caption":"S\u00e0n g\u1ed7 s\u1ed3i \u0111\u1ecf nh\u1eadp kh\u1ea9u"},{"@type":"BreadcrumbList","@id":"https:\/\/mdsf.vn\/en\/san-pham\/gluing-engineered-wood-flooring-eidai-japan-brand-wooden-floor\/#breadcrumb","itemListElement":[{"@type":"ListItem","position":1,"name":"Home","item":"https:\/\/mdsf.vn\/en\/"},{"@type":"ListItem","position":2,"name":"Shop","item":"https:\/\/mdsf.vn\/en\/shop\/"},{"@type":"ListItem","position":3,"name":"Gluing engineered wood flooring Eidai Japan brand wooden floor"}]},{"@type":"WebSite","@id":"https:\/\/mdsf.vn\/en\/#website","url":"https:\/\/mdsf.vn\/en\/","name":"Minh Duc","description":"N\u1ed9i th\u1ea5t c\u00f4ng c\u1ed9ng Minh \u0110\u1ee9c","publisher":{"@id":"https:\/\/mdsf.vn\/en\/#organization"},"potentialAction":[{"@type":"SearchAction","target":{"@type":"EntryPoint","urlTemplate":"https:\/\/mdsf.vn\/en\/?s={search_term_string}"},"query-input":{"@type":"PropertyValueSpecification","valueRequired":true,"valueName":"search_term_string"}}],"inLanguage":"en-US"},{"@type":"Organization","@id":"https:\/\/mdsf.vn\/en\/#organization","name":"Minh Duc Public Furniture Co., Ltd","url":"https:\/\/mdsf.vn\/en\/","logo":{"@type":"ImageObject","inLanguage":"en-US","@id":"https:\/\/mdsf.vn\/en\/#\/schema\/logo\/image\/","url":"http:\/\/45.32.103.86\/wp-content\/uploads\/2021\/02\/logo-hoan-thien-noi-that-minh-duc-1.png","contentUrl":"http:\/\/45.32.103.86\/wp-content\/uploads\/2021\/02\/logo-hoan-thien-noi-that-minh-duc-1.png","width":220,"height":136,"caption":"Minh Duc Public Furniture Co., Ltd"},"image":{"@id":"https:\/\/mdsf.vn\/en\/#\/schema\/logo\/image\/"},"sameAs":["https:\/\/www.facebook.com\/shopnoithatvn\/","https:\/\/www.pinterest.com\/shopnoithatonline\/"]}]}},"_links":{"self":[{"href":"https:\/\/mdsf.vn\/en\/wp-json\/wp\/v2\/product\/19454","targetHints":{"allow":["GET"]}}],"collection":[{"href":"https:\/\/mdsf.vn\/en\/wp-json\/wp\/v2\/product"}],"about":[{"href":"https:\/\/mdsf.vn\/en\/wp-json\/wp\/v2\/types\/product"}],"replies":[{"embeddable":true,"href":"https:\/\/mdsf.vn\/en\/wp-json\/wp\/v2\/comments?post=19454"}],"wp:featuredmedia":[{"embeddable":true,"href":"https:\/\/mdsf.vn\/en\/wp-json\/wp\/v2\/media\/19345"}],"wp:attachment":[{"href":"https:\/\/mdsf.vn\/en\/wp-json\/wp\/v2\/media?parent=19454"}],"wp:term":[{"taxonomy":"product_brand","embeddable":true,"href":"https:\/\/mdsf.vn\/en\/wp-json\/wp\/v2\/product_brand?post=19454"},{"taxonomy":"product_cat","embeddable":true,"href":"https:\/\/mdsf.vn\/en\/wp-json\/wp\/v2\/product_cat?post=19454"},{"taxonomy":"product_tag","embeddable":true,"href":"https:\/\/mdsf.vn\/en\/wp-json\/wp\/v2\/product_tag?post=19454"}],"curies":[{"name":"wp","href":"https:\/\/api.w.org\/{rel}","templated":true}]}}