{"id":19453,"date":"2024-11-13T16:13:47","date_gmt":"2024-11-13T09:13:47","guid":{"rendered":"https:\/\/mdsf.vn\/san-pham\/high-quality-engineered-wood-flooring-beautiful-cherry-wood-flooring\/"},"modified":"2024-12-02T14:52:11","modified_gmt":"2024-12-02T07:52:11","slug":"high-quality-engineered-wood-flooring-beautiful-cherry-wood-flooring","status":"publish","type":"product","link":"https:\/\/mdsf.vn\/en\/san-pham\/high-quality-engineered-wood-flooring-beautiful-cherry-wood-flooring\/","title":{"rendered":"High quality engineered wood flooring beautiful cherry wood flooring"},"content":{"rendered":"<h2><span style=\"font-size: 90%;\">High quality engineered wood flooring S\u00e0n cherry wood flooring for villa<\/span><\/h2>\n<p><strong>High quality engineered wood flooring<\/strong> MD-MRVN-CHE-C is a high-end product line of Eidai brand, Japan. The product is manufactured with modern technology, ensuring superior quality. The thickness of the floor is 12mm, including 3 layers: UV paint layer, 2mm natural cherry wood layer, 10mm Plywood layer. Japanese UV paint, antibacterial and antiviral surface certified by SIAA.<\/p>\n<p>Among the high-end wooden floors, cherry wood floors are always the first choice of many families thanks to their natural beauty, luxury and high durability. Cherry wood has a characteristic color, creating a warm and pleasant space. In addition, cherry wood floors are also waterproof, termite-proof and weather-resistant, suitable for spaces with high humidity.<\/p>\n<figure id=\"attachment_19362\" aria-describedby=\"caption-attachment-19362\" style=\"width: 850px\" class=\"wp-caption aligncenter\"><img decoding=\"async\" class=\"wp-image-19362 size-full\" src=\"https:\/\/mdsf.vn\/wp-content\/uploads\/2024\/11\/San-go-chinh-hang-tai-Nhat-duoc-dung-trong-khong-gian-phong-khach.jpg\" alt=\"S\u00e0n g\u1ed7 ch\u00ednh h\u00e3ng t\u1ea1i Nh\u1eadt \u0111\u01b0\u1ee3c d\u00f9ng trong kh\u00f4ng gian ph\u00f2ng kh\u00e1ch\" width=\"850\" height=\"464\" srcset=\"https:\/\/mdsf.vn\/wp-content\/uploads\/2024\/11\/San-go-chinh-hang-tai-Nhat-duoc-dung-trong-khong-gian-phong-khach.jpg 850w, https:\/\/mdsf.vn\/wp-content\/uploads\/2024\/11\/San-go-chinh-hang-tai-Nhat-duoc-dung-trong-khong-gian-phong-khach-733x400.jpg 733w, https:\/\/mdsf.vn\/wp-content\/uploads\/2024\/11\/San-go-chinh-hang-tai-Nhat-duoc-dung-trong-khong-gian-phong-khach-768x419.jpg 768w, https:\/\/mdsf.vn\/wp-content\/uploads\/2024\/11\/San-go-chinh-hang-tai-Nhat-duoc-dung-trong-khong-gian-phong-khach-650x355.jpg 650w\" sizes=\"(max-width: 850px) 100vw, 850px\" \/><figcaption id=\"caption-attachment-19362\" class=\"wp-caption-text\">High quality engineered wood flooring is installed in the living room<\/figcaption><\/figure>\n<h3>Product specifications<\/h3>\n<ul>\n<li>Product code: MD-MRVN-CHE-C<\/li>\n<li>Size: 12 x 303 x 1818mm<\/li>\n<li>Wood type: Cherry wood<\/li>\n<li>Core type: Plywood<\/li>\n<li>Packing specification: 6 bars \/ box<\/li>\n<li>Origin: Japan<\/li>\n<li>Brand: <a href=\"https:\/\/www.eidaivietnam.com\/\" target=\"_blank\" rel=\"noopener\">Eidai<\/a><\/li>\n<\/ul>\n<h4>Notes on ordering and delivery<\/h4>\n<ul>\n<li>Products are sold by m\u00b2 and calculated by box unit. This product is ordered directly from Eidai Japan factory. Order time for products available in stock is usually 2 \u2013 4 weeks depending on volume.<\/li>\n<li>For large project orders, please contact directly via hotline \/ WhatsApp \/ Skype \/ Telegram +84908314939 for advice and the most accurate information.<\/li>\n<\/ul>\n<p>FEATURED PRODUCTS<\/p>\n<ul>\n<li><span style=\"color: #008080;\"><a style=\"color: #008080;\" href=\"https:\/\/mdsf.vn\/en\/san-pham\/maple-engineered-flooring-high-quality-wooden-floors-from-japan\/\">Maple engineered flooring high quality wooden floors from Japan<\/a><\/span><\/li>\n<li><span style=\"color: #008080;\"><a style=\"color: #008080;\" href=\"https:\/\/mdsf.vn\/en\/san-pham\/natural-oak-flooring-high-quality-imported-oak-flooring\/\">Natural oak flooring high quality imported oak flooring<\/a><\/span><\/li>\n<li><span style=\"color: #008080;\"><a style=\"color: #008080;\" href=\"https:\/\/mdsf.vn\/en\/san-pham\/herringbone-oak-wood-flooring-high-quality-imported-natural-red-oak-flooring\/\">Herringbone oak wood flooring high quality imported natural red oak flooring<\/a><\/span><\/li>\n<\/ul>\n<div class=\"social-icons share-icons share-row relative\" ><a href=\"whatsapp:\/\/send?text=High%20quality%20engineered%20wood%20flooring%20beautiful%20cherry%20wood%20flooring - https:\/\/mdsf.vn\/en\/san-pham\/high-quality-engineered-wood-flooring-beautiful-cherry-wood-flooring\/\" data-action=\"share\/whatsapp\/share\" class=\"icon primary button round tooltip whatsapp show-for-medium\" title=\"Share on WhatsApp\" aria-label=\"Share on WhatsApp\"><i class=\"icon-whatsapp\" aria-hidden=\"true\"><\/i><\/a><a href=\"https:\/\/www.facebook.com\/sharer.php?u=https:\/\/mdsf.vn\/en\/san-pham\/high-quality-engineered-wood-flooring-beautiful-cherry-wood-flooring\/\" data-label=\"Facebook\" onclick=\"window.open(this.href,this.title,'width=500,height=500,top=300px,left=300px'); return false;\" target=\"_blank\" class=\"icon primary button round tooltip facebook\" title=\"Share on Facebook\" aria-label=\"Share on Facebook\" rel=\"noopener nofollow\"><i class=\"icon-facebook\" aria-hidden=\"true\"><\/i><\/a><a href=\"https:\/\/twitter.com\/share?url=https:\/\/mdsf.vn\/en\/san-pham\/high-quality-engineered-wood-flooring-beautiful-cherry-wood-flooring\/\" onclick=\"window.open(this.href,this.title,'width=500,height=500,top=300px,left=300px'); return false;\" target=\"_blank\" class=\"icon primary button round tooltip twitter\" title=\"Share on Twitter\" aria-label=\"Share on Twitter\" rel=\"noopener nofollow\"><i class=\"icon-twitter\" aria-hidden=\"true\"><\/i><\/a><a href=\"mailto:?subject=High%20quality%20engineered%20wood%20flooring%20beautiful%20cherry%20wood%20flooring&body=Check%20this%20out%3A%20https%3A%2F%2Fmdsf.vn%2Fen%2Fsan-pham%2Fhigh-quality-engineered-wood-flooring-beautiful-cherry-wood-flooring%2F\" class=\"icon primary button round tooltip email\" title=\"Email to a Friend\" aria-label=\"Email to a Friend\" rel=\"nofollow\"><i class=\"icon-envelop\" aria-hidden=\"true\"><\/i><\/a><a href=\"https:\/\/pinterest.com\/pin\/create\/button?url=https:\/\/mdsf.vn\/en\/san-pham\/high-quality-engineered-wood-flooring-beautiful-cherry-wood-flooring\/&media=https:\/\/mdsf.vn\/wp-content\/uploads\/2024\/11\/San-go-chinh-hang-tai-Nhat-Ban.jpg&description=High%20quality%20engineered%20wood%20flooring%20beautiful%20cherry%20wood%20flooring\" onclick=\"window.open(this.href,this.title,'width=500,height=500,top=300px,left=300px'); return false;\" target=\"_blank\" class=\"icon primary button round tooltip pinterest\" title=\"Pin on Pinterest\" aria-label=\"Pin on Pinterest\" rel=\"noopener nofollow\"><i class=\"icon-pinterest\" aria-hidden=\"true\"><\/i><\/a><a href=\"https:\/\/www.linkedin.com\/shareArticle?mini=true&url=https:\/\/mdsf.vn\/en\/san-pham\/high-quality-engineered-wood-flooring-beautiful-cherry-wood-flooring\/&title=High%20quality%20engineered%20wood%20flooring%20beautiful%20cherry%20wood%20flooring\" onclick=\"window.open(this.href,this.title,'width=500,height=500,top=300px,left=300px'); return false;\" target=\"_blank\" class=\"icon primary button round tooltip linkedin\" title=\"Share on LinkedIn\" aria-label=\"Share on LinkedIn\" rel=\"noopener nofollow\"><i class=\"icon-linkedin\" aria-hidden=\"true\"><\/i><\/a><\/div>\n","protected":false},"excerpt":{"rendered":"<ul>\n<li>Product code: MD-MRVN-CHE-C<\/li>\n<li>Size: 12 x 303 x 1818mm<\/li>\n<li>Wood type: Cherry wood<\/li>\n<li>Core type: Plywood<\/li>\n<li>Packing specification: 6 bars \/ box<\/li>\n<li>Origin: Japan<\/li>\n<li>Product price: Contact<\/li>\n<li>Hotline \/ WhatsApp \/ Skype \/ Telegram: +84908314939 \/ +84983986161<\/li>\n<\/ul>\n","protected":false},"featured_media":19365,"comment_status":"open","ping_status":"closed","template":"","meta":[],"product_brand":[],"product_cat":[2724],"product_tag":[2726],"class_list":{"0":"post-19453","1":"product","2":"type-product","3":"status-publish","4":"has-post-thumbnail","6":"product_cat-engineered-wood-flooring","7":"product_tag-san-go-eidai-en","9":"first","10":"instock","11":"shipping-taxable","12":"product-type-simple"},"yoast_head":"<!-- This site is optimized with the Yoast SEO plugin v27.0 - https:\/\/yoast.com\/product\/yoast-seo-wordpress\/ -->\n<title>High quality engineered wood flooring beautiful cherry wood flooring - Minh Duc<\/title>\n<meta name=\"description\" content=\"High quality engineered wood flooring MD-MRVN-CHE-C is a high-end product line of Eidai brand, Japan.\" \/>\n<meta name=\"robots\" content=\"index, follow, max-snippet:-1, max-image-preview:large, max-video-preview:-1\" \/>\n<link rel=\"canonical\" href=\"https:\/\/mdsf.vn\/en\/san-pham\/high-quality-engineered-wood-flooring-beautiful-cherry-wood-flooring\/\" \/>\n<meta property=\"og:locale\" content=\"en_US\" \/>\n<meta property=\"og:type\" content=\"article\" \/>\n<meta property=\"og:title\" content=\"High quality engineered wood flooring beautiful cherry wood flooring - Minh Duc\" \/>\n<meta property=\"og:description\" content=\"High quality engineered wood flooring MD-MRVN-CHE-C is a high-end product line of Eidai brand, Japan.\" \/>\n<meta property=\"og:url\" content=\"https:\/\/mdsf.vn\/en\/san-pham\/high-quality-engineered-wood-flooring-beautiful-cherry-wood-flooring\/\" \/>\n<meta property=\"og:site_name\" content=\"Minh Duc\" \/>\n<meta property=\"article:publisher\" content=\"https:\/\/www.facebook.com\/shopnoithatvn\/\" \/>\n<meta property=\"article:modified_time\" content=\"2024-12-02T07:52:11+00:00\" \/>\n<meta property=\"og:image\" content=\"https:\/\/mdsf.vn\/wp-content\/uploads\/2024\/11\/San-go-chinh-hang-tai-Nhat-Ban.jpg\" \/>\n\t<meta property=\"og:image:width\" content=\"780\" \/>\n\t<meta property=\"og:image:height\" content=\"780\" \/>\n\t<meta property=\"og:image:type\" content=\"image\/jpeg\" \/>\n<meta name=\"twitter:card\" content=\"summary_large_image\" \/>\n<meta name=\"twitter:label1\" content=\"Est. reading time\" \/>\n\t<meta name=\"twitter:data1\" content=\"1 minute\" \/>\n<script type=\"application\/ld+json\" class=\"yoast-schema-graph\">{\"@context\":\"https:\/\/schema.org\",\"@graph\":[{\"@type\":\"WebPage\",\"@id\":\"https:\/\/mdsf.vn\/en\/san-pham\/high-quality-engineered-wood-flooring-beautiful-cherry-wood-flooring\/\",\"url\":\"https:\/\/mdsf.vn\/en\/san-pham\/high-quality-engineered-wood-flooring-beautiful-cherry-wood-flooring\/\",\"name\":\"High quality engineered wood flooring beautiful cherry wood flooring - Minh Duc\",\"isPartOf\":{\"@id\":\"https:\/\/mdsf.vn\/en\/#website\"},\"primaryImageOfPage\":{\"@id\":\"https:\/\/mdsf.vn\/en\/san-pham\/high-quality-engineered-wood-flooring-beautiful-cherry-wood-flooring\/#primaryimage\"},\"image\":{\"@id\":\"https:\/\/mdsf.vn\/en\/san-pham\/high-quality-engineered-wood-flooring-beautiful-cherry-wood-flooring\/#primaryimage\"},\"thumbnailUrl\":\"https:\/\/mdsf.vn\/wp-content\/uploads\/2024\/11\/San-go-chinh-hang-tai-Nhat-Ban.jpg\",\"datePublished\":\"2024-11-13T09:13:47+00:00\",\"dateModified\":\"2024-12-02T07:52:11+00:00\",\"description\":\"High quality engineered wood flooring MD-MRVN-CHE-C is a high-end product line of Eidai brand, Japan.\",\"breadcrumb\":{\"@id\":\"https:\/\/mdsf.vn\/en\/san-pham\/high-quality-engineered-wood-flooring-beautiful-cherry-wood-flooring\/#breadcrumb\"},\"inLanguage\":\"en-US\",\"potentialAction\":[{\"@type\":\"ReadAction\",\"target\":[\"https:\/\/mdsf.vn\/en\/san-pham\/high-quality-engineered-wood-flooring-beautiful-cherry-wood-flooring\/\"]}]},{\"@type\":\"ImageObject\",\"inLanguage\":\"en-US\",\"@id\":\"https:\/\/mdsf.vn\/en\/san-pham\/high-quality-engineered-wood-flooring-beautiful-cherry-wood-flooring\/#primaryimage\",\"url\":\"https:\/\/mdsf.vn\/wp-content\/uploads\/2024\/11\/San-go-chinh-hang-tai-Nhat-Ban.jpg\",\"contentUrl\":\"https:\/\/mdsf.vn\/wp-content\/uploads\/2024\/11\/San-go-chinh-hang-tai-Nhat-Ban.jpg\",\"width\":780,\"height\":780,\"caption\":\"High quality engineered wood flooring\"},{\"@type\":\"BreadcrumbList\",\"@id\":\"https:\/\/mdsf.vn\/en\/san-pham\/high-quality-engineered-wood-flooring-beautiful-cherry-wood-flooring\/#breadcrumb\",\"itemListElement\":[{\"@type\":\"ListItem\",\"position\":1,\"name\":\"Home\",\"item\":\"https:\/\/mdsf.vn\/en\/\"},{\"@type\":\"ListItem\",\"position\":2,\"name\":\"Shop\",\"item\":\"https:\/\/mdsf.vn\/en\/shop\/\"},{\"@type\":\"ListItem\",\"position\":3,\"name\":\"High quality engineered wood flooring beautiful cherry wood flooring\"}]},{\"@type\":\"WebSite\",\"@id\":\"https:\/\/mdsf.vn\/en\/#website\",\"url\":\"https:\/\/mdsf.vn\/en\/\",\"name\":\"Minh Duc\",\"description\":\"N\u1ed9i th\u1ea5t c\u00f4ng c\u1ed9ng Minh \u0110\u1ee9c\",\"publisher\":{\"@id\":\"https:\/\/mdsf.vn\/en\/#organization\"},\"potentialAction\":[{\"@type\":\"SearchAction\",\"target\":{\"@type\":\"EntryPoint\",\"urlTemplate\":\"https:\/\/mdsf.vn\/en\/?s={search_term_string}\"},\"query-input\":{\"@type\":\"PropertyValueSpecification\",\"valueRequired\":true,\"valueName\":\"search_term_string\"}}],\"inLanguage\":\"en-US\"},{\"@type\":\"Organization\",\"@id\":\"https:\/\/mdsf.vn\/en\/#organization\",\"name\":\"Minh Duc Public Furniture Co., Ltd\",\"url\":\"https:\/\/mdsf.vn\/en\/\",\"logo\":{\"@type\":\"ImageObject\",\"inLanguage\":\"en-US\",\"@id\":\"https:\/\/mdsf.vn\/en\/#\/schema\/logo\/image\/\",\"url\":\"http:\/\/45.32.103.86\/wp-content\/uploads\/2021\/02\/logo-hoan-thien-noi-that-minh-duc-1.png\",\"contentUrl\":\"http:\/\/45.32.103.86\/wp-content\/uploads\/2021\/02\/logo-hoan-thien-noi-that-minh-duc-1.png\",\"width\":220,\"height\":136,\"caption\":\"Minh Duc Public Furniture Co., Ltd\"},\"image\":{\"@id\":\"https:\/\/mdsf.vn\/en\/#\/schema\/logo\/image\/\"},\"sameAs\":[\"https:\/\/www.facebook.com\/shopnoithatvn\/\",\"https:\/\/www.pinterest.com\/shopnoithatonline\/\"]}]}<\/script>\n<!-- \/ Yoast SEO plugin. -->","yoast_head_json":{"title":"High quality engineered wood flooring beautiful cherry wood flooring - Minh Duc","description":"High quality engineered wood flooring MD-MRVN-CHE-C is a high-end product line of Eidai brand, Japan.","robots":{"index":"index","follow":"follow","max-snippet":"max-snippet:-1","max-image-preview":"max-image-preview:large","max-video-preview":"max-video-preview:-1"},"canonical":"https:\/\/mdsf.vn\/en\/san-pham\/high-quality-engineered-wood-flooring-beautiful-cherry-wood-flooring\/","og_locale":"en_US","og_type":"article","og_title":"High quality engineered wood flooring beautiful cherry wood flooring - Minh Duc","og_description":"High quality engineered wood flooring MD-MRVN-CHE-C is a high-end product line of Eidai brand, Japan.","og_url":"https:\/\/mdsf.vn\/en\/san-pham\/high-quality-engineered-wood-flooring-beautiful-cherry-wood-flooring\/","og_site_name":"Minh Duc","article_publisher":"https:\/\/www.facebook.com\/shopnoithatvn\/","article_modified_time":"2024-12-02T07:52:11+00:00","og_image":[{"width":780,"height":780,"url":"https:\/\/mdsf.vn\/wp-content\/uploads\/2024\/11\/San-go-chinh-hang-tai-Nhat-Ban.jpg","type":"image\/jpeg"}],"twitter_card":"summary_large_image","twitter_misc":{"Est. reading time":"1 minute"},"schema":{"@context":"https:\/\/schema.org","@graph":[{"@type":"WebPage","@id":"https:\/\/mdsf.vn\/en\/san-pham\/high-quality-engineered-wood-flooring-beautiful-cherry-wood-flooring\/","url":"https:\/\/mdsf.vn\/en\/san-pham\/high-quality-engineered-wood-flooring-beautiful-cherry-wood-flooring\/","name":"High quality engineered wood flooring beautiful cherry wood flooring - Minh Duc","isPartOf":{"@id":"https:\/\/mdsf.vn\/en\/#website"},"primaryImageOfPage":{"@id":"https:\/\/mdsf.vn\/en\/san-pham\/high-quality-engineered-wood-flooring-beautiful-cherry-wood-flooring\/#primaryimage"},"image":{"@id":"https:\/\/mdsf.vn\/en\/san-pham\/high-quality-engineered-wood-flooring-beautiful-cherry-wood-flooring\/#primaryimage"},"thumbnailUrl":"https:\/\/mdsf.vn\/wp-content\/uploads\/2024\/11\/San-go-chinh-hang-tai-Nhat-Ban.jpg","datePublished":"2024-11-13T09:13:47+00:00","dateModified":"2024-12-02T07:52:11+00:00","description":"High quality engineered wood flooring MD-MRVN-CHE-C is a high-end product line of Eidai brand, Japan.","breadcrumb":{"@id":"https:\/\/mdsf.vn\/en\/san-pham\/high-quality-engineered-wood-flooring-beautiful-cherry-wood-flooring\/#breadcrumb"},"inLanguage":"en-US","potentialAction":[{"@type":"ReadAction","target":["https:\/\/mdsf.vn\/en\/san-pham\/high-quality-engineered-wood-flooring-beautiful-cherry-wood-flooring\/"]}]},{"@type":"ImageObject","inLanguage":"en-US","@id":"https:\/\/mdsf.vn\/en\/san-pham\/high-quality-engineered-wood-flooring-beautiful-cherry-wood-flooring\/#primaryimage","url":"https:\/\/mdsf.vn\/wp-content\/uploads\/2024\/11\/San-go-chinh-hang-tai-Nhat-Ban.jpg","contentUrl":"https:\/\/mdsf.vn\/wp-content\/uploads\/2024\/11\/San-go-chinh-hang-tai-Nhat-Ban.jpg","width":780,"height":780,"caption":"High quality engineered wood flooring"},{"@type":"BreadcrumbList","@id":"https:\/\/mdsf.vn\/en\/san-pham\/high-quality-engineered-wood-flooring-beautiful-cherry-wood-flooring\/#breadcrumb","itemListElement":[{"@type":"ListItem","position":1,"name":"Home","item":"https:\/\/mdsf.vn\/en\/"},{"@type":"ListItem","position":2,"name":"Shop","item":"https:\/\/mdsf.vn\/en\/shop\/"},{"@type":"ListItem","position":3,"name":"High quality engineered wood flooring beautiful cherry wood flooring"}]},{"@type":"WebSite","@id":"https:\/\/mdsf.vn\/en\/#website","url":"https:\/\/mdsf.vn\/en\/","name":"Minh Duc","description":"N\u1ed9i th\u1ea5t c\u00f4ng c\u1ed9ng Minh \u0110\u1ee9c","publisher":{"@id":"https:\/\/mdsf.vn\/en\/#organization"},"potentialAction":[{"@type":"SearchAction","target":{"@type":"EntryPoint","urlTemplate":"https:\/\/mdsf.vn\/en\/?s={search_term_string}"},"query-input":{"@type":"PropertyValueSpecification","valueRequired":true,"valueName":"search_term_string"}}],"inLanguage":"en-US"},{"@type":"Organization","@id":"https:\/\/mdsf.vn\/en\/#organization","name":"Minh Duc Public Furniture Co., Ltd","url":"https:\/\/mdsf.vn\/en\/","logo":{"@type":"ImageObject","inLanguage":"en-US","@id":"https:\/\/mdsf.vn\/en\/#\/schema\/logo\/image\/","url":"http:\/\/45.32.103.86\/wp-content\/uploads\/2021\/02\/logo-hoan-thien-noi-that-minh-duc-1.png","contentUrl":"http:\/\/45.32.103.86\/wp-content\/uploads\/2021\/02\/logo-hoan-thien-noi-that-minh-duc-1.png","width":220,"height":136,"caption":"Minh Duc Public Furniture Co., Ltd"},"image":{"@id":"https:\/\/mdsf.vn\/en\/#\/schema\/logo\/image\/"},"sameAs":["https:\/\/www.facebook.com\/shopnoithatvn\/","https:\/\/www.pinterest.com\/shopnoithatonline\/"]}]}},"_links":{"self":[{"href":"https:\/\/mdsf.vn\/en\/wp-json\/wp\/v2\/product\/19453","targetHints":{"allow":["GET"]}}],"collection":[{"href":"https:\/\/mdsf.vn\/en\/wp-json\/wp\/v2\/product"}],"about":[{"href":"https:\/\/mdsf.vn\/en\/wp-json\/wp\/v2\/types\/product"}],"replies":[{"embeddable":true,"href":"https:\/\/mdsf.vn\/en\/wp-json\/wp\/v2\/comments?post=19453"}],"wp:featuredmedia":[{"embeddable":true,"href":"https:\/\/mdsf.vn\/en\/wp-json\/wp\/v2\/media\/19365"}],"wp:attachment":[{"href":"https:\/\/mdsf.vn\/en\/wp-json\/wp\/v2\/media?parent=19453"}],"wp:term":[{"taxonomy":"product_brand","embeddable":true,"href":"https:\/\/mdsf.vn\/en\/wp-json\/wp\/v2\/product_brand?post=19453"},{"taxonomy":"product_cat","embeddable":true,"href":"https:\/\/mdsf.vn\/en\/wp-json\/wp\/v2\/product_cat?post=19453"},{"taxonomy":"product_tag","embeddable":true,"href":"https:\/\/mdsf.vn\/en\/wp-json\/wp\/v2\/product_tag?post=19453"}],"curies":[{"name":"wp","href":"https:\/\/api.w.org\/{rel}","templated":true}]}}