{"id":19340,"date":"2024-11-07T10:22:43","date_gmt":"2024-11-07T03:22:43","guid":{"rendered":"https:\/\/mdsf.vn\/san-pham\/high-quality-apartment-wooden-floor-herringbone-wood-flooring\/"},"modified":"2024-11-26T12:06:04","modified_gmt":"2024-11-26T05:06:04","slug":"high-quality-apartment-wooden-floor-herringbone-wood-flooring","status":"publish","type":"product","link":"https:\/\/mdsf.vn\/en\/san-pham\/high-quality-apartment-wooden-floor-herringbone-wood-flooring\/","title":{"rendered":"High quality apartment wooden floor herringbone wood flooring"},"content":{"rendered":"<h2><span style=\"font-size: 95%;\">High quality apartment wooden floor black walnut herringbone flooring<\/span><\/h2>\n<p><strong>High quality apartment wooden floor<\/strong> MD-MHVH-WAL-A(B)-C not only brings noble and luxurious beauty but also meets strict standards of quality, durability and aesthetics. This product line has a 2mm thick surface made of black walnut wood, 10mm Plywood core and 3mm Plywood lining. The total thickness of the floor is 15mm, creating solidity and durability. The surface of the floor is treated with Japanese UV paint, coated with 5 layers, antibacterial and anti-virus surface certified by SIAA.<\/p>\n<p>The herringbone black walnut wood flooring model is a sophisticated combination of the luxurious color of walnut wood and the novel design of the herringbone pattern. This pattern not only brings unique beauty but also creates a sense of space expansion, making the room look more airy and comfortable. The product has a natural wood color. Formaldehyde emission concentration meets the F\u2729\u2729\u2729\u2729 standard, not harmful to the health of users.<\/p>\n<figure id=\"attachment_19330\" aria-describedby=\"caption-attachment-19330\" style=\"width: 850px\" class=\"wp-caption aligncenter\"><img decoding=\"async\" class=\"wp-image-19330 size-full\" src=\"https:\/\/mdsf.vn\/wp-content\/uploads\/2024\/11\/San-go-xuong-ca-go-oc-cho-den-sau-khi-hoan-thien.jpg\" alt=\"S\u00e0n g\u1ed7 x\u01b0\u01a1ng c\u00e1 g\u1ed7 \u00f3c ch\u00f3 \u0111en sau khi ho\u00e0n thi\u1ec7n\" width=\"850\" height=\"467\" srcset=\"https:\/\/mdsf.vn\/wp-content\/uploads\/2024\/11\/San-go-xuong-ca-go-oc-cho-den-sau-khi-hoan-thien.jpg 850w, https:\/\/mdsf.vn\/wp-content\/uploads\/2024\/11\/San-go-xuong-ca-go-oc-cho-den-sau-khi-hoan-thien-728x400.jpg 728w, https:\/\/mdsf.vn\/wp-content\/uploads\/2024\/11\/San-go-xuong-ca-go-oc-cho-den-sau-khi-hoan-thien-768x422.jpg 768w, https:\/\/mdsf.vn\/wp-content\/uploads\/2024\/11\/San-go-xuong-ca-go-oc-cho-den-sau-khi-hoan-thien-650x357.jpg 650w\" sizes=\"(max-width: 850px) 100vw, 850px\" \/><figcaption id=\"caption-attachment-19330\" class=\"wp-caption-text\">Black walnut herringbone wood flooring after finishing<\/figcaption><\/figure>\n<h3>Basic product information<\/h3>\n<ul>\n<li>Product code: MD-MHVH-WAL-A(B)-C<\/li>\n<li>Size: 15 x 300 x 429 mm<\/li>\n<li>Wood type: Black walnut<\/li>\n<li>Core type: Plywood<\/li>\n<li>Packing: 11 bars \/ box + 4 correction plates<\/li>\n<li>Origin: Japan<\/li>\n<li>Brand:\u00a0<a href=\"https:\/\/www.eidaivietnam.com\/\" target=\"_blank\" rel=\"noopener\">Eidai<\/a><\/li>\n<\/ul>\n<h4>Note on order and shipping time<\/h4>\n<ul>\n<li>Products are sold by m\u00b2 and calculated by box unit. This product is ordered directly from Eidai Japan factory. Order time for products available in stock is usually 2 &#8211; 4 weeks depending on volume.<\/li>\n<li>For large project orders, please contact directly via hotline \/ WhatsApp \/ Skype \/ Telegram +84908314939 for advice and the most accurate information.<\/li>\n<\/ul>\n<p>FEATURED PRODUCTS<\/p>\n<ul>\n<li><span style=\"color: #008080;\"><a style=\"color: #008080;\" href=\"https:\/\/mdsf.vn\/en\/san-pham\/american-floor-carpet-5t323-commons-tile-shaw-contract\/\">American Floor Carpet 5T323 \u2013 Commons Tile<\/a><\/span><\/li>\n<li><span style=\"color: #008080;\"><a style=\"color: #008080;\" href=\"https:\/\/mdsf.vn\/en\/san-pham\/carpets-for-living-room-distance-69597\/\">Carpets for living room Distance 69597<\/a><\/span><\/li>\n<\/ul>\n<div class=\"social-icons share-icons share-row relative\" ><a href=\"whatsapp:\/\/send?text=High%20quality%20apartment%20wooden%20floor%20herringbone%20wood%20flooring - https:\/\/mdsf.vn\/en\/san-pham\/high-quality-apartment-wooden-floor-herringbone-wood-flooring\/\" data-action=\"share\/whatsapp\/share\" class=\"icon primary button round tooltip whatsapp show-for-medium\" title=\"Share on WhatsApp\" aria-label=\"Share on WhatsApp\"><i class=\"icon-whatsapp\" aria-hidden=\"true\"><\/i><\/a><a href=\"https:\/\/www.facebook.com\/sharer.php?u=https:\/\/mdsf.vn\/en\/san-pham\/high-quality-apartment-wooden-floor-herringbone-wood-flooring\/\" data-label=\"Facebook\" onclick=\"window.open(this.href,this.title,'width=500,height=500,top=300px,left=300px'); return false;\" target=\"_blank\" class=\"icon primary button round tooltip facebook\" title=\"Share on Facebook\" aria-label=\"Share on Facebook\" rel=\"noopener nofollow\"><i class=\"icon-facebook\" aria-hidden=\"true\"><\/i><\/a><a href=\"https:\/\/twitter.com\/share?url=https:\/\/mdsf.vn\/en\/san-pham\/high-quality-apartment-wooden-floor-herringbone-wood-flooring\/\" onclick=\"window.open(this.href,this.title,'width=500,height=500,top=300px,left=300px'); return false;\" target=\"_blank\" class=\"icon primary button round tooltip twitter\" title=\"Share on Twitter\" aria-label=\"Share on Twitter\" rel=\"noopener nofollow\"><i class=\"icon-twitter\" aria-hidden=\"true\"><\/i><\/a><a href=\"mailto:?subject=High%20quality%20apartment%20wooden%20floor%20herringbone%20wood%20flooring&body=Check%20this%20out%3A%20https%3A%2F%2Fmdsf.vn%2Fen%2Fsan-pham%2Fhigh-quality-apartment-wooden-floor-herringbone-wood-flooring%2F\" class=\"icon primary button round tooltip email\" title=\"Email to a Friend\" aria-label=\"Email to a Friend\" rel=\"nofollow\"><i class=\"icon-envelop\" aria-hidden=\"true\"><\/i><\/a><a href=\"https:\/\/pinterest.com\/pin\/create\/button?url=https:\/\/mdsf.vn\/en\/san-pham\/high-quality-apartment-wooden-floor-herringbone-wood-flooring\/&media=https:\/\/mdsf.vn\/wp-content\/uploads\/2024\/11\/San-go-chung-cu-cao-cap-1.jpg&description=High%20quality%20apartment%20wooden%20floor%20herringbone%20wood%20flooring\" onclick=\"window.open(this.href,this.title,'width=500,height=500,top=300px,left=300px'); return false;\" target=\"_blank\" class=\"icon primary button round tooltip pinterest\" title=\"Pin on Pinterest\" aria-label=\"Pin on Pinterest\" rel=\"noopener nofollow\"><i class=\"icon-pinterest\" aria-hidden=\"true\"><\/i><\/a><a href=\"https:\/\/www.linkedin.com\/shareArticle?mini=true&url=https:\/\/mdsf.vn\/en\/san-pham\/high-quality-apartment-wooden-floor-herringbone-wood-flooring\/&title=High%20quality%20apartment%20wooden%20floor%20herringbone%20wood%20flooring\" onclick=\"window.open(this.href,this.title,'width=500,height=500,top=300px,left=300px'); return false;\" target=\"_blank\" class=\"icon primary button round tooltip linkedin\" title=\"Share on LinkedIn\" aria-label=\"Share on LinkedIn\" rel=\"noopener nofollow\"><i class=\"icon-linkedin\" aria-hidden=\"true\"><\/i><\/a><\/div>\n","protected":false},"excerpt":{"rendered":"<ul>\n<li>Product code: MD-MHVH-WAL-A(B)-C<\/li>\n<li>Size: 15 x 300 x 429 mm<\/li>\n<li>Wood type: Black walnut<\/li>\n<li>Packing : 11 bars \/ box + 4 correction plates<\/li>\n<li>Origin: Japan<\/li>\n<li>Hotline \/ WhatsApp \/ Skype \/ Telegram: +84908314939<\/li>\n<\/ul>\n","protected":false},"featured_media":19335,"comment_status":"open","ping_status":"closed","template":"","meta":[],"product_brand":[],"product_cat":[2724],"product_tag":[2726],"class_list":{"0":"post-19340","1":"product","2":"type-product","3":"status-publish","4":"has-post-thumbnail","6":"product_cat-engineered-wood-flooring","7":"product_tag-san-go-eidai-en","9":"first","10":"instock","11":"shipping-taxable","12":"product-type-simple"},"yoast_head":"<!-- This site is optimized with the Yoast SEO plugin v27.0 - https:\/\/yoast.com\/product\/yoast-seo-wordpress\/ -->\n<title>High quality apartment wooden floor herringbone wood flooring - Minh Duc<\/title>\n<meta name=\"description\" content=\"High quality apartment wooden floor MD-MHVH-WAL-A(B)-C not only brings noble and luxurious beauty but also meets strict standards of quality\" \/>\n<meta name=\"robots\" content=\"index, follow, max-snippet:-1, max-image-preview:large, max-video-preview:-1\" \/>\n<link rel=\"canonical\" href=\"https:\/\/mdsf.vn\/en\/san-pham\/high-quality-apartment-wooden-floor-herringbone-wood-flooring\/\" \/>\n<meta property=\"og:locale\" content=\"en_US\" \/>\n<meta property=\"og:type\" content=\"article\" \/>\n<meta property=\"og:title\" content=\"High quality apartment wooden floor herringbone wood flooring - Minh Duc\" \/>\n<meta property=\"og:description\" content=\"High quality apartment wooden floor MD-MHVH-WAL-A(B)-C not only brings noble and luxurious beauty but also meets strict standards of quality\" \/>\n<meta property=\"og:url\" content=\"https:\/\/mdsf.vn\/en\/san-pham\/high-quality-apartment-wooden-floor-herringbone-wood-flooring\/\" \/>\n<meta property=\"og:site_name\" content=\"Minh Duc\" \/>\n<meta property=\"article:publisher\" content=\"https:\/\/www.facebook.com\/shopnoithatvn\/\" \/>\n<meta property=\"article:modified_time\" content=\"2024-11-26T05:06:04+00:00\" \/>\n<meta property=\"og:image\" content=\"https:\/\/mdsf.vn\/wp-content\/uploads\/2024\/11\/San-go-chung-cu-cao-cap-1.jpg\" \/>\n\t<meta property=\"og:image:width\" content=\"780\" \/>\n\t<meta property=\"og:image:height\" content=\"780\" \/>\n\t<meta property=\"og:image:type\" content=\"image\/jpeg\" \/>\n<meta name=\"twitter:card\" content=\"summary_large_image\" \/>\n<meta name=\"twitter:label1\" content=\"Est. reading time\" \/>\n\t<meta name=\"twitter:data1\" content=\"2 minutes\" \/>\n<script type=\"application\/ld+json\" class=\"yoast-schema-graph\">{\"@context\":\"https:\/\/schema.org\",\"@graph\":[{\"@type\":\"WebPage\",\"@id\":\"https:\/\/mdsf.vn\/en\/san-pham\/high-quality-apartment-wooden-floor-herringbone-wood-flooring\/\",\"url\":\"https:\/\/mdsf.vn\/en\/san-pham\/high-quality-apartment-wooden-floor-herringbone-wood-flooring\/\",\"name\":\"High quality apartment wooden floor herringbone wood flooring - Minh Duc\",\"isPartOf\":{\"@id\":\"https:\/\/mdsf.vn\/en\/#website\"},\"primaryImageOfPage\":{\"@id\":\"https:\/\/mdsf.vn\/en\/san-pham\/high-quality-apartment-wooden-floor-herringbone-wood-flooring\/#primaryimage\"},\"image\":{\"@id\":\"https:\/\/mdsf.vn\/en\/san-pham\/high-quality-apartment-wooden-floor-herringbone-wood-flooring\/#primaryimage\"},\"thumbnailUrl\":\"https:\/\/mdsf.vn\/wp-content\/uploads\/2024\/11\/San-go-chung-cu-cao-cap-1.jpg\",\"datePublished\":\"2024-11-07T03:22:43+00:00\",\"dateModified\":\"2024-11-26T05:06:04+00:00\",\"description\":\"High quality apartment wooden floor MD-MHVH-WAL-A(B)-C not only brings noble and luxurious beauty but also meets strict standards of quality\",\"breadcrumb\":{\"@id\":\"https:\/\/mdsf.vn\/en\/san-pham\/high-quality-apartment-wooden-floor-herringbone-wood-flooring\/#breadcrumb\"},\"inLanguage\":\"en-US\",\"potentialAction\":[{\"@type\":\"ReadAction\",\"target\":[\"https:\/\/mdsf.vn\/en\/san-pham\/high-quality-apartment-wooden-floor-herringbone-wood-flooring\/\"]}]},{\"@type\":\"ImageObject\",\"inLanguage\":\"en-US\",\"@id\":\"https:\/\/mdsf.vn\/en\/san-pham\/high-quality-apartment-wooden-floor-herringbone-wood-flooring\/#primaryimage\",\"url\":\"https:\/\/mdsf.vn\/wp-content\/uploads\/2024\/11\/San-go-chung-cu-cao-cap-1.jpg\",\"contentUrl\":\"https:\/\/mdsf.vn\/wp-content\/uploads\/2024\/11\/San-go-chung-cu-cao-cap-1.jpg\",\"width\":780,\"height\":780,\"caption\":\"High quality apartment wooden floor 1\"},{\"@type\":\"BreadcrumbList\",\"@id\":\"https:\/\/mdsf.vn\/en\/san-pham\/high-quality-apartment-wooden-floor-herringbone-wood-flooring\/#breadcrumb\",\"itemListElement\":[{\"@type\":\"ListItem\",\"position\":1,\"name\":\"Home\",\"item\":\"https:\/\/mdsf.vn\/en\/\"},{\"@type\":\"ListItem\",\"position\":2,\"name\":\"Shop\",\"item\":\"https:\/\/mdsf.vn\/en\/shop\/\"},{\"@type\":\"ListItem\",\"position\":3,\"name\":\"High quality apartment wooden floor herringbone wood flooring\"}]},{\"@type\":\"WebSite\",\"@id\":\"https:\/\/mdsf.vn\/en\/#website\",\"url\":\"https:\/\/mdsf.vn\/en\/\",\"name\":\"Minh Duc\",\"description\":\"N\u1ed9i th\u1ea5t c\u00f4ng c\u1ed9ng Minh \u0110\u1ee9c\",\"publisher\":{\"@id\":\"https:\/\/mdsf.vn\/en\/#organization\"},\"potentialAction\":[{\"@type\":\"SearchAction\",\"target\":{\"@type\":\"EntryPoint\",\"urlTemplate\":\"https:\/\/mdsf.vn\/en\/?s={search_term_string}\"},\"query-input\":{\"@type\":\"PropertyValueSpecification\",\"valueRequired\":true,\"valueName\":\"search_term_string\"}}],\"inLanguage\":\"en-US\"},{\"@type\":\"Organization\",\"@id\":\"https:\/\/mdsf.vn\/en\/#organization\",\"name\":\"Minh Duc Public Furniture Co., Ltd\",\"url\":\"https:\/\/mdsf.vn\/en\/\",\"logo\":{\"@type\":\"ImageObject\",\"inLanguage\":\"en-US\",\"@id\":\"https:\/\/mdsf.vn\/en\/#\/schema\/logo\/image\/\",\"url\":\"http:\/\/45.32.103.86\/wp-content\/uploads\/2021\/02\/logo-hoan-thien-noi-that-minh-duc-1.png\",\"contentUrl\":\"http:\/\/45.32.103.86\/wp-content\/uploads\/2021\/02\/logo-hoan-thien-noi-that-minh-duc-1.png\",\"width\":220,\"height\":136,\"caption\":\"Minh Duc Public Furniture Co., Ltd\"},\"image\":{\"@id\":\"https:\/\/mdsf.vn\/en\/#\/schema\/logo\/image\/\"},\"sameAs\":[\"https:\/\/www.facebook.com\/shopnoithatvn\/\",\"https:\/\/www.pinterest.com\/shopnoithatonline\/\"]}]}<\/script>\n<!-- \/ Yoast SEO plugin. -->","yoast_head_json":{"title":"High quality apartment wooden floor herringbone wood flooring - Minh Duc","description":"High quality apartment wooden floor MD-MHVH-WAL-A(B)-C not only brings noble and luxurious beauty but also meets strict standards of quality","robots":{"index":"index","follow":"follow","max-snippet":"max-snippet:-1","max-image-preview":"max-image-preview:large","max-video-preview":"max-video-preview:-1"},"canonical":"https:\/\/mdsf.vn\/en\/san-pham\/high-quality-apartment-wooden-floor-herringbone-wood-flooring\/","og_locale":"en_US","og_type":"article","og_title":"High quality apartment wooden floor herringbone wood flooring - Minh Duc","og_description":"High quality apartment wooden floor MD-MHVH-WAL-A(B)-C not only brings noble and luxurious beauty but also meets strict standards of quality","og_url":"https:\/\/mdsf.vn\/en\/san-pham\/high-quality-apartment-wooden-floor-herringbone-wood-flooring\/","og_site_name":"Minh Duc","article_publisher":"https:\/\/www.facebook.com\/shopnoithatvn\/","article_modified_time":"2024-11-26T05:06:04+00:00","og_image":[{"width":780,"height":780,"url":"https:\/\/mdsf.vn\/wp-content\/uploads\/2024\/11\/San-go-chung-cu-cao-cap-1.jpg","type":"image\/jpeg"}],"twitter_card":"summary_large_image","twitter_misc":{"Est. reading time":"2 minutes"},"schema":{"@context":"https:\/\/schema.org","@graph":[{"@type":"WebPage","@id":"https:\/\/mdsf.vn\/en\/san-pham\/high-quality-apartment-wooden-floor-herringbone-wood-flooring\/","url":"https:\/\/mdsf.vn\/en\/san-pham\/high-quality-apartment-wooden-floor-herringbone-wood-flooring\/","name":"High quality apartment wooden floor herringbone wood flooring - Minh Duc","isPartOf":{"@id":"https:\/\/mdsf.vn\/en\/#website"},"primaryImageOfPage":{"@id":"https:\/\/mdsf.vn\/en\/san-pham\/high-quality-apartment-wooden-floor-herringbone-wood-flooring\/#primaryimage"},"image":{"@id":"https:\/\/mdsf.vn\/en\/san-pham\/high-quality-apartment-wooden-floor-herringbone-wood-flooring\/#primaryimage"},"thumbnailUrl":"https:\/\/mdsf.vn\/wp-content\/uploads\/2024\/11\/San-go-chung-cu-cao-cap-1.jpg","datePublished":"2024-11-07T03:22:43+00:00","dateModified":"2024-11-26T05:06:04+00:00","description":"High quality apartment wooden floor MD-MHVH-WAL-A(B)-C not only brings noble and luxurious beauty but also meets strict standards of quality","breadcrumb":{"@id":"https:\/\/mdsf.vn\/en\/san-pham\/high-quality-apartment-wooden-floor-herringbone-wood-flooring\/#breadcrumb"},"inLanguage":"en-US","potentialAction":[{"@type":"ReadAction","target":["https:\/\/mdsf.vn\/en\/san-pham\/high-quality-apartment-wooden-floor-herringbone-wood-flooring\/"]}]},{"@type":"ImageObject","inLanguage":"en-US","@id":"https:\/\/mdsf.vn\/en\/san-pham\/high-quality-apartment-wooden-floor-herringbone-wood-flooring\/#primaryimage","url":"https:\/\/mdsf.vn\/wp-content\/uploads\/2024\/11\/San-go-chung-cu-cao-cap-1.jpg","contentUrl":"https:\/\/mdsf.vn\/wp-content\/uploads\/2024\/11\/San-go-chung-cu-cao-cap-1.jpg","width":780,"height":780,"caption":"High quality apartment wooden floor 1"},{"@type":"BreadcrumbList","@id":"https:\/\/mdsf.vn\/en\/san-pham\/high-quality-apartment-wooden-floor-herringbone-wood-flooring\/#breadcrumb","itemListElement":[{"@type":"ListItem","position":1,"name":"Home","item":"https:\/\/mdsf.vn\/en\/"},{"@type":"ListItem","position":2,"name":"Shop","item":"https:\/\/mdsf.vn\/en\/shop\/"},{"@type":"ListItem","position":3,"name":"High quality apartment wooden floor herringbone wood flooring"}]},{"@type":"WebSite","@id":"https:\/\/mdsf.vn\/en\/#website","url":"https:\/\/mdsf.vn\/en\/","name":"Minh Duc","description":"N\u1ed9i th\u1ea5t c\u00f4ng c\u1ed9ng Minh \u0110\u1ee9c","publisher":{"@id":"https:\/\/mdsf.vn\/en\/#organization"},"potentialAction":[{"@type":"SearchAction","target":{"@type":"EntryPoint","urlTemplate":"https:\/\/mdsf.vn\/en\/?s={search_term_string}"},"query-input":{"@type":"PropertyValueSpecification","valueRequired":true,"valueName":"search_term_string"}}],"inLanguage":"en-US"},{"@type":"Organization","@id":"https:\/\/mdsf.vn\/en\/#organization","name":"Minh Duc Public Furniture Co., Ltd","url":"https:\/\/mdsf.vn\/en\/","logo":{"@type":"ImageObject","inLanguage":"en-US","@id":"https:\/\/mdsf.vn\/en\/#\/schema\/logo\/image\/","url":"http:\/\/45.32.103.86\/wp-content\/uploads\/2021\/02\/logo-hoan-thien-noi-that-minh-duc-1.png","contentUrl":"http:\/\/45.32.103.86\/wp-content\/uploads\/2021\/02\/logo-hoan-thien-noi-that-minh-duc-1.png","width":220,"height":136,"caption":"Minh Duc Public Furniture Co., Ltd"},"image":{"@id":"https:\/\/mdsf.vn\/en\/#\/schema\/logo\/image\/"},"sameAs":["https:\/\/www.facebook.com\/shopnoithatvn\/","https:\/\/www.pinterest.com\/shopnoithatonline\/"]}]}},"_links":{"self":[{"href":"https:\/\/mdsf.vn\/en\/wp-json\/wp\/v2\/product\/19340","targetHints":{"allow":["GET"]}}],"collection":[{"href":"https:\/\/mdsf.vn\/en\/wp-json\/wp\/v2\/product"}],"about":[{"href":"https:\/\/mdsf.vn\/en\/wp-json\/wp\/v2\/types\/product"}],"replies":[{"embeddable":true,"href":"https:\/\/mdsf.vn\/en\/wp-json\/wp\/v2\/comments?post=19340"}],"wp:featuredmedia":[{"embeddable":true,"href":"https:\/\/mdsf.vn\/en\/wp-json\/wp\/v2\/media\/19335"}],"wp:attachment":[{"href":"https:\/\/mdsf.vn\/en\/wp-json\/wp\/v2\/media?parent=19340"}],"wp:term":[{"taxonomy":"product_brand","embeddable":true,"href":"https:\/\/mdsf.vn\/en\/wp-json\/wp\/v2\/product_brand?post=19340"},{"taxonomy":"product_cat","embeddable":true,"href":"https:\/\/mdsf.vn\/en\/wp-json\/wp\/v2\/product_cat?post=19340"},{"taxonomy":"product_tag","embeddable":true,"href":"https:\/\/mdsf.vn\/en\/wp-json\/wp\/v2\/product_tag?post=19340"}],"curies":[{"name":"wp","href":"https:\/\/api.w.org\/{rel}","templated":true}]}}