{"id":19307,"date":"2021-09-21T09:00:50","date_gmt":"2021-09-21T02:00:50","guid":{"rendered":"https:\/\/mdsf.vn\/san-pham\/luxury-gray-carpet-for-office-path-88555-shaw-contract\/"},"modified":"2024-11-04T11:47:11","modified_gmt":"2024-11-04T04:47:11","slug":"luxury-gray-carpet-for-office-path-88555-shaw-contract","status":"publish","type":"product","link":"https:\/\/mdsf.vn\/en\/san-pham\/luxury-gray-carpet-for-office-path-88555-shaw-contract\/","title":{"rendered":"Luxury gray carpet for office Path 88555 Shaw Contract"},"content":{"rendered":"<h2><span style=\"font-size: 85%;\">Luxury gray carpet for office Path 88555 &#8211; <\/span><span style=\"font-size: 85%;\">5T388 Elevate Tile American Brand<\/span><\/h2>\n<p><strong>Luxury gray carpet for office<\/strong> Path 88555 belongs to the 5T388 Elevate Tile product line with elegant and luxurious beauty. With high durability and flexible design, easy to construct, low loss. The product will be the perfect choice for many types of spaces in many different interior styles..<\/p>\n<p>This is a high-quality carpet tile with fast production and delivery capabilities. 5T388 Elevate Tile &#8211; Path 88555 is very suitable for modern office spaces, cafes&#8230; Especially, for locations with large areas or spaces with a youthful style, the product can be combined with accent color codes or interior furniture with outstanding colors to create more dynamism and attraction for the overall space.<\/p>\n<p><img decoding=\"async\" class=\"aligncenter wp-image-10726 size-full\" src=\"https:\/\/mdsf.vn\/wp-content\/uploads\/2021\/09\/tham-lot-san-mau-ghi-sang-trong-path-88555-shaw-contract-1.jpg\" alt=\"Th\u1ea3m l\u00f3t s\u00e0n m\u00e0u ghi 1\" width=\"850\" height=\"650\" srcset=\"https:\/\/mdsf.vn\/wp-content\/uploads\/2021\/09\/tham-lot-san-mau-ghi-sang-trong-path-88555-shaw-contract-1.jpg 850w, https:\/\/mdsf.vn\/wp-content\/uploads\/2021\/09\/tham-lot-san-mau-ghi-sang-trong-path-88555-shaw-contract-1-650x497.jpg 650w, https:\/\/mdsf.vn\/wp-content\/uploads\/2021\/09\/tham-lot-san-mau-ghi-sang-trong-path-88555-shaw-contract-1-523x400.jpg 523w, https:\/\/mdsf.vn\/wp-content\/uploads\/2021\/09\/tham-lot-san-mau-ghi-sang-trong-path-88555-shaw-contract-1-768x587.jpg 768w\" sizes=\"(max-width: 850px) 100vw, 850px\" \/><\/p>\n<h3>Carpet specifications<\/h3>\n<ul>\n<li>Style: 5T388 Elevate Tile<\/li>\n<li>Collection: Canopy<\/li>\n<li>Color code: Path 88555<\/li>\n<li>Carpet tile\u00a061 x 61 cm<\/li>\n<li>Backing: Ecoworx\u00ae Tile<\/li>\n<li>Fibre: Eco Solution Q\u00ae Nylon<\/li>\n<li>Tufted Weight: 576.4 g\/m\u00b2<\/li>\n<li>Finished pile thickness: 2.36 mm<\/li>\n<li>Carpet Thickness: 5.92 mm<\/li>\n<li>Packing: 12 tiles\/box<\/li>\n<li>Detailed technical description: <span style=\"color: #0000ff;\"><a style=\"color: #0000ff;\" href=\"https:\/\/pdmsview.shawinc.com\/spec-viewer\/?key=JEUiKSk%2BXCgmJCc%3D&amp;region=EN-AP\" target=\"_blank\" rel=\"noopener\">here<\/a><\/span><\/li>\n<li>Warranty:<span style=\"color: #0000ff;\"> <a style=\"color: #0000ff;\" href=\"https:\/\/pdmsview.shawinc.com\/viewer\/doc\/5965\" target=\"_blank\" rel=\"noopener\">here<\/a><\/span><\/li>\n<li>Brand: Shaw Contract<\/li>\n<\/ul>\n<p><img decoding=\"async\" class=\"aligncenter wp-image-10728 size-full\" src=\"https:\/\/mdsf.vn\/wp-content\/uploads\/2021\/09\/tham-lot-san-mau-ghi-sang-trong-path-88555-shaw-contract-2.jpg\" alt=\"Th\u1ea3m l\u00f3t s\u00e0n m\u00e0u ghi 2\" width=\"850\" height=\"650\" srcset=\"https:\/\/mdsf.vn\/wp-content\/uploads\/2021\/09\/tham-lot-san-mau-ghi-sang-trong-path-88555-shaw-contract-2.jpg 850w, https:\/\/mdsf.vn\/wp-content\/uploads\/2021\/09\/tham-lot-san-mau-ghi-sang-trong-path-88555-shaw-contract-2-650x497.jpg 650w, https:\/\/mdsf.vn\/wp-content\/uploads\/2021\/09\/tham-lot-san-mau-ghi-sang-trong-path-88555-shaw-contract-2-523x400.jpg 523w, https:\/\/mdsf.vn\/wp-content\/uploads\/2021\/09\/tham-lot-san-mau-ghi-sang-trong-path-88555-shaw-contract-2-768x587.jpg 768w\" sizes=\"(max-width: 850px) 100vw, 850px\" \/><\/p>\n<h3>Notes on ordering and delivery<\/h3>\n<ul>\n<li>Products are sold by the square meter and by the box.<\/li>\n<li>This is a product ordered directly from Shaw Contract\u2019s factory. Ordering time with products in stock is usually 2-4 weeks depending on the volume. For products that are not available or need a custom design. The production lead time is usually 8-10 weeks. Some premium products will require a longer order time. Please contact Minh Duc directly for advice and the most accurate information.<\/li>\n<\/ul>\n<h4>Other products you may be interested in<\/h4>\n<ul>\n<li><span style=\"color: #008080;\"><a style=\"color: #008080;\" href=\"https:\/\/mdsf.vn\/en\/san-pham\/carpets-for-living-room-distance-69597\/\">Carpets for living room Distance 69597<\/a><\/span><\/li>\n<li><span style=\"color: #008080;\"><a style=\"color: #008080;\" href=\"https:\/\/mdsf.vn\/en\/san-pham\/luxury-carpet-for-hotel-outlook-69557\/\">Luxury carpet for hotel Outlook 69557<\/a><\/span><\/li>\n<li><span style=\"color: #008080;\"><a style=\"color: #008080;\" href=\"https:\/\/mdsf.vn\/en\/san-pham\/high-quality-carpet-adventure-green-72482-shaw-contract\/\">High quality carpet Adventure Green 72482-Shaw Contract<\/a><\/span><\/li>\n<\/ul>\n","protected":false},"excerpt":{"rendered":"<ul>\n<li>Style: 5T388 Elevate Tile<\/li>\n<li>Collection: Canopy<\/li>\n<li>Color code: Path 88555<\/li>\n<li>Fast production &amp; delivery 6 weeks: <a href=\"https:\/\/mdsf.vn\/the-loai-san-pham\/tham-va-san-vynil\/tham-san-xuat-nhanh\/\" target=\"_blank\" rel=\"noopener\"><span style=\"color: #0000ff;\">In Stock<\/span><\/a><\/li>\n<li>Product details: <span style=\"color: #0000ff;\"><a style=\"color: #0000ff;\" href=\"https:\/\/www.shawcontract.com\/en-ap\/product\/details\/5T388\" target=\"_blank\" rel=\"noopener\">Here<\/a><\/span><\/li>\n<li>Hotline \/ WhatsApp \/ Skype \/ Viber: +84 908 314 939<\/li>\n<\/ul>\n","protected":false},"featured_media":10731,"comment_status":"open","ping_status":"closed","template":"","meta":[],"product_brand":[],"product_cat":[1370,1390,1372],"product_tag":[2719,2718,2717,2720],"class_list":{"0":"post-19307","1":"product","2":"type-product","3":"status-publish","4":"has-post-thumbnail","6":"product_cat-carpet-and-vinyl-floor","7":"product_cat-instock-carpets","8":"product_cat-shaw-contract-carpet","9":"product_tag-ban-tham-lot-san-mau-ghi-en","10":"product_tag-mua-tham-lot-san-mau-ghi-en","11":"product_tag-tham-lot-san-mau-ghi-en","12":"product_tag-tham-my-lot-san-mau-ghi-shaw-contract-en","14":"first","15":"instock","16":"shipping-taxable","17":"product-type-simple"},"yoast_head":"<!-- This site is optimized with the Yoast SEO plugin v27.4 - https:\/\/yoast.com\/product\/yoast-seo-wordpress\/ -->\n<title>Luxury gray carpet for office Path 88555 Shaw Contract<\/title>\n<meta name=\"description\" content=\"Luxury gray carpet for office Path 88555 belongs to the 5T388 Elevate Tile product line with elegant and luxurious beauty\" \/>\n<meta name=\"robots\" content=\"index, follow, max-snippet:-1, max-image-preview:large, max-video-preview:-1\" \/>\n<link rel=\"canonical\" href=\"https:\/\/mdsf.vn\/en\/san-pham\/luxury-gray-carpet-for-office-path-88555-shaw-contract\/\" \/>\n<meta property=\"og:locale\" content=\"en_US\" \/>\n<meta property=\"og:type\" content=\"article\" \/>\n<meta property=\"og:title\" content=\"Luxury gray carpet for office Path 88555 Shaw Contract\" \/>\n<meta property=\"og:description\" content=\"Luxury gray carpet for office Path 88555 belongs to the 5T388 Elevate Tile product line with elegant and luxurious beauty\" \/>\n<meta property=\"og:url\" content=\"https:\/\/mdsf.vn\/en\/san-pham\/luxury-gray-carpet-for-office-path-88555-shaw-contract\/\" \/>\n<meta property=\"og:site_name\" content=\"Minh Duc\" \/>\n<meta property=\"article:publisher\" content=\"https:\/\/www.facebook.com\/shopnoithatvn\/\" \/>\n<meta property=\"article:modified_time\" content=\"2024-11-04T04:47:11+00:00\" \/>\n<meta property=\"og:image\" content=\"https:\/\/mdsf.vn\/wp-content\/uploads\/2021\/09\/tham-lot-san-mau-ghi-sang-trong-path-88555-shaw-contract-3.jpg\" \/>\n\t<meta property=\"og:image:width\" content=\"650\" \/>\n\t<meta property=\"og:image:height\" content=\"650\" \/>\n\t<meta property=\"og:image:type\" content=\"image\/jpeg\" \/>\n<meta name=\"twitter:card\" content=\"summary_large_image\" \/>\n<meta name=\"twitter:label1\" content=\"Est. reading time\" \/>\n\t<meta name=\"twitter:data1\" content=\"1 minute\" \/>\n<script type=\"application\/ld+json\" class=\"yoast-schema-graph\">{\"@context\":\"https:\\\/\\\/schema.org\",\"@graph\":[{\"@type\":\"WebPage\",\"@id\":\"https:\\\/\\\/mdsf.vn\\\/en\\\/san-pham\\\/luxury-gray-carpet-for-office-path-88555-shaw-contract\\\/\",\"url\":\"https:\\\/\\\/mdsf.vn\\\/en\\\/san-pham\\\/luxury-gray-carpet-for-office-path-88555-shaw-contract\\\/\",\"name\":\"Luxury gray carpet for office Path 88555 Shaw Contract\",\"isPartOf\":{\"@id\":\"https:\\\/\\\/mdsf.vn\\\/en\\\/#website\"},\"primaryImageOfPage\":{\"@id\":\"https:\\\/\\\/mdsf.vn\\\/en\\\/san-pham\\\/luxury-gray-carpet-for-office-path-88555-shaw-contract\\\/#primaryimage\"},\"image\":{\"@id\":\"https:\\\/\\\/mdsf.vn\\\/en\\\/san-pham\\\/luxury-gray-carpet-for-office-path-88555-shaw-contract\\\/#primaryimage\"},\"thumbnailUrl\":\"https:\\\/\\\/mdsf.vn\\\/wp-content\\\/uploads\\\/2021\\\/09\\\/tham-lot-san-mau-ghi-sang-trong-path-88555-shaw-contract-3.jpg\",\"datePublished\":\"2021-09-21T02:00:50+00:00\",\"dateModified\":\"2024-11-04T04:47:11+00:00\",\"description\":\"Luxury gray carpet for office Path 88555 belongs to the 5T388 Elevate Tile product line with elegant and luxurious beauty\",\"breadcrumb\":{\"@id\":\"https:\\\/\\\/mdsf.vn\\\/en\\\/san-pham\\\/luxury-gray-carpet-for-office-path-88555-shaw-contract\\\/#breadcrumb\"},\"inLanguage\":\"en-US\",\"potentialAction\":[{\"@type\":\"ReadAction\",\"target\":[\"https:\\\/\\\/mdsf.vn\\\/en\\\/san-pham\\\/luxury-gray-carpet-for-office-path-88555-shaw-contract\\\/\"]}]},{\"@type\":\"ImageObject\",\"inLanguage\":\"en-US\",\"@id\":\"https:\\\/\\\/mdsf.vn\\\/en\\\/san-pham\\\/luxury-gray-carpet-for-office-path-88555-shaw-contract\\\/#primaryimage\",\"url\":\"https:\\\/\\\/mdsf.vn\\\/wp-content\\\/uploads\\\/2021\\\/09\\\/tham-lot-san-mau-ghi-sang-trong-path-88555-shaw-contract-3.jpg\",\"contentUrl\":\"https:\\\/\\\/mdsf.vn\\\/wp-content\\\/uploads\\\/2021\\\/09\\\/tham-lot-san-mau-ghi-sang-trong-path-88555-shaw-contract-3.jpg\",\"width\":650,\"height\":650,\"caption\":\"Luxury gray carpet 3\"},{\"@type\":\"BreadcrumbList\",\"@id\":\"https:\\\/\\\/mdsf.vn\\\/en\\\/san-pham\\\/luxury-gray-carpet-for-office-path-88555-shaw-contract\\\/#breadcrumb\",\"itemListElement\":[{\"@type\":\"ListItem\",\"position\":1,\"name\":\"Home\",\"item\":\"https:\\\/\\\/mdsf.vn\\\/en\\\/\"},{\"@type\":\"ListItem\",\"position\":2,\"name\":\"Shop\",\"item\":\"https:\\\/\\\/mdsf.vn\\\/en\\\/shop\\\/\"},{\"@type\":\"ListItem\",\"position\":3,\"name\":\"Luxury gray carpet for office Path 88555 Shaw Contract\"}]},{\"@type\":\"WebSite\",\"@id\":\"https:\\\/\\\/mdsf.vn\\\/en\\\/#website\",\"url\":\"https:\\\/\\\/mdsf.vn\\\/en\\\/\",\"name\":\"Minh Duc\",\"description\":\"N\u1ed9i th\u1ea5t c\u00f4ng c\u1ed9ng Minh \u0110\u1ee9c\",\"publisher\":{\"@id\":\"https:\\\/\\\/mdsf.vn\\\/en\\\/#organization\"},\"potentialAction\":[{\"@type\":\"SearchAction\",\"target\":{\"@type\":\"EntryPoint\",\"urlTemplate\":\"https:\\\/\\\/mdsf.vn\\\/en\\\/?s={search_term_string}\"},\"query-input\":{\"@type\":\"PropertyValueSpecification\",\"valueRequired\":true,\"valueName\":\"search_term_string\"}}],\"inLanguage\":\"en-US\"},{\"@type\":\"Organization\",\"@id\":\"https:\\\/\\\/mdsf.vn\\\/en\\\/#organization\",\"name\":\"Minh Duc Public Furniture Co., Ltd\",\"url\":\"https:\\\/\\\/mdsf.vn\\\/en\\\/\",\"logo\":{\"@type\":\"ImageObject\",\"inLanguage\":\"en-US\",\"@id\":\"https:\\\/\\\/mdsf.vn\\\/en\\\/#\\\/schema\\\/logo\\\/image\\\/\",\"url\":\"http:\\\/\\\/45.32.103.86\\\/wp-content\\\/uploads\\\/2021\\\/02\\\/logo-hoan-thien-noi-that-minh-duc-1.png\",\"contentUrl\":\"http:\\\/\\\/45.32.103.86\\\/wp-content\\\/uploads\\\/2021\\\/02\\\/logo-hoan-thien-noi-that-minh-duc-1.png\",\"width\":220,\"height\":136,\"caption\":\"Minh Duc Public Furniture Co., Ltd\"},\"image\":{\"@id\":\"https:\\\/\\\/mdsf.vn\\\/en\\\/#\\\/schema\\\/logo\\\/image\\\/\"},\"sameAs\":[\"https:\\\/\\\/www.facebook.com\\\/shopnoithatvn\\\/\",\"https:\\\/\\\/www.pinterest.com\\\/shopnoithatonline\\\/\"]}]}<\/script>\n<!-- \/ Yoast SEO plugin. -->","yoast_head_json":{"title":"Luxury gray carpet for office Path 88555 Shaw Contract","description":"Luxury gray carpet for office Path 88555 belongs to the 5T388 Elevate Tile product line with elegant and luxurious beauty","robots":{"index":"index","follow":"follow","max-snippet":"max-snippet:-1","max-image-preview":"max-image-preview:large","max-video-preview":"max-video-preview:-1"},"canonical":"https:\/\/mdsf.vn\/en\/san-pham\/luxury-gray-carpet-for-office-path-88555-shaw-contract\/","og_locale":"en_US","og_type":"article","og_title":"Luxury gray carpet for office Path 88555 Shaw Contract","og_description":"Luxury gray carpet for office Path 88555 belongs to the 5T388 Elevate Tile product line with elegant and luxurious beauty","og_url":"https:\/\/mdsf.vn\/en\/san-pham\/luxury-gray-carpet-for-office-path-88555-shaw-contract\/","og_site_name":"Minh Duc","article_publisher":"https:\/\/www.facebook.com\/shopnoithatvn\/","article_modified_time":"2024-11-04T04:47:11+00:00","og_image":[{"width":650,"height":650,"url":"https:\/\/mdsf.vn\/wp-content\/uploads\/2021\/09\/tham-lot-san-mau-ghi-sang-trong-path-88555-shaw-contract-3.jpg","type":"image\/jpeg"}],"twitter_card":"summary_large_image","twitter_misc":{"Est. reading time":"1 minute"},"schema":{"@context":"https:\/\/schema.org","@graph":[{"@type":"WebPage","@id":"https:\/\/mdsf.vn\/en\/san-pham\/luxury-gray-carpet-for-office-path-88555-shaw-contract\/","url":"https:\/\/mdsf.vn\/en\/san-pham\/luxury-gray-carpet-for-office-path-88555-shaw-contract\/","name":"Luxury gray carpet for office Path 88555 Shaw Contract","isPartOf":{"@id":"https:\/\/mdsf.vn\/en\/#website"},"primaryImageOfPage":{"@id":"https:\/\/mdsf.vn\/en\/san-pham\/luxury-gray-carpet-for-office-path-88555-shaw-contract\/#primaryimage"},"image":{"@id":"https:\/\/mdsf.vn\/en\/san-pham\/luxury-gray-carpet-for-office-path-88555-shaw-contract\/#primaryimage"},"thumbnailUrl":"https:\/\/mdsf.vn\/wp-content\/uploads\/2021\/09\/tham-lot-san-mau-ghi-sang-trong-path-88555-shaw-contract-3.jpg","datePublished":"2021-09-21T02:00:50+00:00","dateModified":"2024-11-04T04:47:11+00:00","description":"Luxury gray carpet for office Path 88555 belongs to the 5T388 Elevate Tile product line with elegant and luxurious beauty","breadcrumb":{"@id":"https:\/\/mdsf.vn\/en\/san-pham\/luxury-gray-carpet-for-office-path-88555-shaw-contract\/#breadcrumb"},"inLanguage":"en-US","potentialAction":[{"@type":"ReadAction","target":["https:\/\/mdsf.vn\/en\/san-pham\/luxury-gray-carpet-for-office-path-88555-shaw-contract\/"]}]},{"@type":"ImageObject","inLanguage":"en-US","@id":"https:\/\/mdsf.vn\/en\/san-pham\/luxury-gray-carpet-for-office-path-88555-shaw-contract\/#primaryimage","url":"https:\/\/mdsf.vn\/wp-content\/uploads\/2021\/09\/tham-lot-san-mau-ghi-sang-trong-path-88555-shaw-contract-3.jpg","contentUrl":"https:\/\/mdsf.vn\/wp-content\/uploads\/2021\/09\/tham-lot-san-mau-ghi-sang-trong-path-88555-shaw-contract-3.jpg","width":650,"height":650,"caption":"Luxury gray carpet 3"},{"@type":"BreadcrumbList","@id":"https:\/\/mdsf.vn\/en\/san-pham\/luxury-gray-carpet-for-office-path-88555-shaw-contract\/#breadcrumb","itemListElement":[{"@type":"ListItem","position":1,"name":"Home","item":"https:\/\/mdsf.vn\/en\/"},{"@type":"ListItem","position":2,"name":"Shop","item":"https:\/\/mdsf.vn\/en\/shop\/"},{"@type":"ListItem","position":3,"name":"Luxury gray carpet for office Path 88555 Shaw Contract"}]},{"@type":"WebSite","@id":"https:\/\/mdsf.vn\/en\/#website","url":"https:\/\/mdsf.vn\/en\/","name":"Minh Duc","description":"N\u1ed9i th\u1ea5t c\u00f4ng c\u1ed9ng Minh \u0110\u1ee9c","publisher":{"@id":"https:\/\/mdsf.vn\/en\/#organization"},"potentialAction":[{"@type":"SearchAction","target":{"@type":"EntryPoint","urlTemplate":"https:\/\/mdsf.vn\/en\/?s={search_term_string}"},"query-input":{"@type":"PropertyValueSpecification","valueRequired":true,"valueName":"search_term_string"}}],"inLanguage":"en-US"},{"@type":"Organization","@id":"https:\/\/mdsf.vn\/en\/#organization","name":"Minh Duc Public Furniture Co., Ltd","url":"https:\/\/mdsf.vn\/en\/","logo":{"@type":"ImageObject","inLanguage":"en-US","@id":"https:\/\/mdsf.vn\/en\/#\/schema\/logo\/image\/","url":"http:\/\/45.32.103.86\/wp-content\/uploads\/2021\/02\/logo-hoan-thien-noi-that-minh-duc-1.png","contentUrl":"http:\/\/45.32.103.86\/wp-content\/uploads\/2021\/02\/logo-hoan-thien-noi-that-minh-duc-1.png","width":220,"height":136,"caption":"Minh Duc Public Furniture Co., Ltd"},"image":{"@id":"https:\/\/mdsf.vn\/en\/#\/schema\/logo\/image\/"},"sameAs":["https:\/\/www.facebook.com\/shopnoithatvn\/","https:\/\/www.pinterest.com\/shopnoithatonline\/"]}]}},"_links":{"self":[{"href":"https:\/\/mdsf.vn\/en\/wp-json\/wp\/v2\/product\/19307","targetHints":{"allow":["GET"]}}],"collection":[{"href":"https:\/\/mdsf.vn\/en\/wp-json\/wp\/v2\/product"}],"about":[{"href":"https:\/\/mdsf.vn\/en\/wp-json\/wp\/v2\/types\/product"}],"replies":[{"embeddable":true,"href":"https:\/\/mdsf.vn\/en\/wp-json\/wp\/v2\/comments?post=19307"}],"wp:featuredmedia":[{"embeddable":true,"href":"https:\/\/mdsf.vn\/en\/wp-json\/wp\/v2\/media\/10731"}],"wp:attachment":[{"href":"https:\/\/mdsf.vn\/en\/wp-json\/wp\/v2\/media?parent=19307"}],"wp:term":[{"taxonomy":"product_brand","embeddable":true,"href":"https:\/\/mdsf.vn\/en\/wp-json\/wp\/v2\/product_brand?post=19307"},{"taxonomy":"product_cat","embeddable":true,"href":"https:\/\/mdsf.vn\/en\/wp-json\/wp\/v2\/product_cat?post=19307"},{"taxonomy":"product_tag","embeddable":true,"href":"https:\/\/mdsf.vn\/en\/wp-json\/wp\/v2\/product_tag?post=19307"}],"curies":[{"name":"wp","href":"https:\/\/api.w.org\/{rel}","templated":true}]}}