{"id":19306,"date":"2021-09-29T09:00:42","date_gmt":"2021-09-29T02:00:42","guid":{"rendered":"https:\/\/mdsf.vn\/san-pham\/high-quality-american-bedroom-carpet-delicate-37515\/"},"modified":"2021-09-29T09:00:42","modified_gmt":"2021-09-29T02:00:42","slug":"high-quality-american-bedroom-carpet-delicate-37515","status":"publish","type":"product","link":"https:\/\/mdsf.vn\/en\/san-pham\/high-quality-american-bedroom-carpet-delicate-37515\/","title":{"rendered":"High quality American bedroom carpet Delicate 37515"},"content":{"rendered":"<h2><span style=\"font-size: 85%;\">High quality American bedroom carpet Delicate 37515 &#8211; 5T037 Haze Tile<\/span><\/h2>\n<p><strong>High quality American bedroom carpet<\/strong> Delicate 37515\u00a0belongs to the 5T037 Haze Tile product line, a high-end carpet tile line of the number one carpet brand in the US, Shaw Contract. The product has iridescent stripes winding on a soft and delicate surface. The carpet&#8217;s color gamut is bright, harmonious and the ability to produce and deliver quickly. The product will be the highlight that brings to the interior space an elegant, luxurious beauty but also very gentle and close.<\/p>\n<p>The surface of the carpet is an independent and tight connection of Q\u00ae Nylon fiber bundles. The Ecoworx\u00ae Tile base is moisture-proof, has good floor adhesion and outstanding thickness. The product can be used independently in office spaces, living rooms, exhibition centers or classrooms, libraries&#8230;<\/p>\n<p><img decoding=\"async\" class=\"aligncenter wp-image-10778 size-full\" src=\"https:\/\/mdsf.vn\/wp-content\/uploads\/2021\/09\/tham-my-lot-san-phong-ngu-cao-cap-delicate-37515-1.jpg\" alt=\"Th\u1ea3m M\u1ef9 l\u00f3t s\u00e0n ph\u00f2ng ng\u1ee7 1\" width=\"850\" height=\"650\" srcset=\"https:\/\/mdsf.vn\/wp-content\/uploads\/2021\/09\/tham-my-lot-san-phong-ngu-cao-cap-delicate-37515-1.jpg 850w, https:\/\/mdsf.vn\/wp-content\/uploads\/2021\/09\/tham-my-lot-san-phong-ngu-cao-cap-delicate-37515-1-650x497.jpg 650w, https:\/\/mdsf.vn\/wp-content\/uploads\/2021\/09\/tham-my-lot-san-phong-ngu-cao-cap-delicate-37515-1-523x400.jpg 523w, https:\/\/mdsf.vn\/wp-content\/uploads\/2021\/09\/tham-my-lot-san-phong-ngu-cao-cap-delicate-37515-1-768x587.jpg 768w\" sizes=\"(max-width: 850px) 100vw, 850px\" \/><\/p>\n<h3>Carpet specifications<\/h3>\n<ul>\n<li>Style: 5T037 Haze Tile<\/li>\n<li>Collection: Material Matters<\/li>\n<li>Color code: Delicate 37515<\/li>\n<li>Carpet tile 46 x 91 cm<\/li>\n<li>Backing: Ecoworx\u00ae Tile<\/li>\n<li>Fibre: Eco Solution Q\u00ae Nylon<\/li>\n<li>Tufted Weight: 610.3 g\/m\u00b2<\/li>\n<li>Finished pile thickness: 2.49 mm<\/li>\n<li>Carpet Thickness: 6.2 mm<\/li>\n<li>Packing: 10 tiles\/box<\/li>\n<li>Detailed technical description: <span style=\"color: #339966;\"><a style=\"color: #339966;\" href=\"https:\/\/pdmsview.shawinc.com\/spec-viewer\/?key=JEUhIiY%2BXCkoKSA%3D&amp;region=EN-AP\" target=\"_blank\" rel=\"noopener\">here<\/a><\/span><\/li>\n<li>Brand: Shaw Contract<\/li>\n<\/ul>\n<p><img decoding=\"async\" class=\"aligncenter wp-image-10780 size-full\" src=\"https:\/\/mdsf.vn\/wp-content\/uploads\/2021\/09\/tham-my-lot-san-phong-ngu-cao-cap-delicate-37515-2.jpg\" alt=\"Th\u1ea3m M\u1ef9 l\u00f3t s\u00e0n ph\u00f2ng ng\u1ee7 2\" width=\"850\" height=\"650\" srcset=\"https:\/\/mdsf.vn\/wp-content\/uploads\/2021\/09\/tham-my-lot-san-phong-ngu-cao-cap-delicate-37515-2.jpg 850w, https:\/\/mdsf.vn\/wp-content\/uploads\/2021\/09\/tham-my-lot-san-phong-ngu-cao-cap-delicate-37515-2-650x497.jpg 650w, https:\/\/mdsf.vn\/wp-content\/uploads\/2021\/09\/tham-my-lot-san-phong-ngu-cao-cap-delicate-37515-2-523x400.jpg 523w, https:\/\/mdsf.vn\/wp-content\/uploads\/2021\/09\/tham-my-lot-san-phong-ngu-cao-cap-delicate-37515-2-768x587.jpg 768w\" sizes=\"(max-width: 850px) 100vw, 850px\" \/><\/p>\n<h3>Notes on ordering and delivery<\/h3>\n<ul>\n<li>Products are sold by the square meter and by the box.<\/li>\n<li>This is a product ordered directly from Shaw Contract\u2019s factory. Ordering time with products in stock is usually 2-4 weeks depending on the volume. For products that are not available or need a custom design. The production lead time is usually 8-10 weeks. Some premium products will require a longer order time. Please contact Minh Duc directly for advice and the most accurate information.<\/li>\n<\/ul>\n<h4>Other products you may be interested in<\/h4>\n<ul>\n<li><span style=\"color: #008080;\"><a style=\"color: #008080;\" href=\"https:\/\/mdsf.vn\/en\/san-pham\/luxury-carpet-shaw-contract-hyper-green-81326\/\">Luxury carpet Shaw Contract Hyper Green 81326<\/a><\/span><\/li>\n<li><span style=\"color: #008080;\"><a style=\"color: #008080;\" href=\"https:\/\/mdsf.vn\/en\/san-pham\/high-quality-carpet-for-office-still-88481-shaw-contract\/\">High quality carpet for office Still 88481 Shaw Contract<\/a><\/span><\/li>\n<li><span style=\"color: #008080;\"><a style=\"color: #008080;\" href=\"https:\/\/mdsf.vn\/en\/san-pham\/auditorium-chair-with-writing-pad-high-quality-auditorium-chairs\/\">Auditorium chair with writing pad high quality auditorium chairs<\/a><\/span><\/li>\n<\/ul>\n","protected":false},"excerpt":{"rendered":"<ul>\n<li>Style: 5T037 Haze Tile<\/li>\n<li>Collection: Material Matters<\/li>\n<li>Color code: Delicate 37515<\/li>\n<li>Fast production &amp; delivery 6 weeks: <span style=\"color: #339966;\"><a style=\"color: #339966;\" href=\"https:\/\/mdsf.vn\/the-loai-san-pham\/tham-va-san-vynil\/tham-san-xuat-nhanh\/\" target=\"_blank\" rel=\"noopener\">In Stock<\/a><\/span><\/li>\n<li>Hotline \/ WhatsApp \/ Viber \/ Skype: +84 908 314 939<\/li>\n<\/ul>\n","protected":false},"featured_media":10783,"comment_status":"open","ping_status":"closed","template":"","meta":[],"product_brand":[],"product_cat":[1370,1390,1372],"product_tag":[2716,2715,2714,2713],"class_list":{"0":"post-19306","1":"product","2":"type-product","3":"status-publish","4":"has-post-thumbnail","6":"product_cat-carpet-and-vinyl-floor","7":"product_cat-instock-carpets","8":"product_cat-shaw-contract-carpet","9":"product_tag-ban-tham-my-lot-san-phong-ngu-en","10":"product_tag-mua-tham-my-lot-san-phong-ngu-en","11":"product_tag-tham-my-lot-san-phong-ngu-en","12":"product_tag-tham-phong-ngu-thuong-hieu-my-en","14":"first","15":"instock","16":"shipping-taxable","17":"product-type-simple"},"yoast_head":"<!-- This site is optimized with the Yoast SEO plugin v27.0 - https:\/\/yoast.com\/product\/yoast-seo-wordpress\/ -->\n<title>High quality American bedroom carpet Delicate 37515 - Minh Duc<\/title>\n<meta name=\"description\" content=\"High quality American bedroom carpet Delicate 37515\u00a0belongs to the 5T037 Haze Tile product line, a high-end carpet tile line of the number one carpet brand in the US\" \/>\n<meta name=\"robots\" content=\"index, follow, max-snippet:-1, max-image-preview:large, max-video-preview:-1\" \/>\n<link rel=\"canonical\" href=\"https:\/\/mdsf.vn\/en\/san-pham\/high-quality-american-bedroom-carpet-delicate-37515\/\" \/>\n<meta property=\"og:locale\" content=\"en_US\" \/>\n<meta property=\"og:type\" content=\"article\" \/>\n<meta property=\"og:title\" content=\"High quality American bedroom carpet Delicate 37515 - Minh Duc\" \/>\n<meta property=\"og:description\" content=\"High quality American bedroom carpet Delicate 37515\u00a0belongs to the 5T037 Haze Tile product line, a high-end carpet tile line of the number one carpet brand in the US\" \/>\n<meta property=\"og:url\" content=\"https:\/\/mdsf.vn\/en\/san-pham\/high-quality-american-bedroom-carpet-delicate-37515\/\" \/>\n<meta property=\"og:site_name\" content=\"Minh Duc\" \/>\n<meta property=\"article:publisher\" content=\"https:\/\/www.facebook.com\/shopnoithatvn\/\" \/>\n<meta property=\"og:image\" content=\"https:\/\/mdsf.vn\/wp-content\/uploads\/2021\/09\/tham-my-lot-san-phong-ngu-cao-cap-delicate-37515-3.jpg\" \/>\n\t<meta property=\"og:image:width\" content=\"650\" \/>\n\t<meta property=\"og:image:height\" content=\"650\" \/>\n\t<meta property=\"og:image:type\" content=\"image\/jpeg\" \/>\n<meta name=\"twitter:card\" content=\"summary_large_image\" \/>\n<meta name=\"twitter:label1\" content=\"Est. reading time\" \/>\n\t<meta name=\"twitter:data1\" content=\"1 minute\" \/>\n<script type=\"application\/ld+json\" class=\"yoast-schema-graph\">{\"@context\":\"https:\/\/schema.org\",\"@graph\":[{\"@type\":\"WebPage\",\"@id\":\"https:\/\/mdsf.vn\/en\/san-pham\/high-quality-american-bedroom-carpet-delicate-37515\/\",\"url\":\"https:\/\/mdsf.vn\/en\/san-pham\/high-quality-american-bedroom-carpet-delicate-37515\/\",\"name\":\"High quality American bedroom carpet Delicate 37515 - Minh Duc\",\"isPartOf\":{\"@id\":\"https:\/\/mdsf.vn\/en\/#website\"},\"primaryImageOfPage\":{\"@id\":\"https:\/\/mdsf.vn\/en\/san-pham\/high-quality-american-bedroom-carpet-delicate-37515\/#primaryimage\"},\"image\":{\"@id\":\"https:\/\/mdsf.vn\/en\/san-pham\/high-quality-american-bedroom-carpet-delicate-37515\/#primaryimage\"},\"thumbnailUrl\":\"https:\/\/mdsf.vn\/wp-content\/uploads\/2021\/09\/tham-my-lot-san-phong-ngu-cao-cap-delicate-37515-3.jpg\",\"datePublished\":\"2021-09-29T02:00:42+00:00\",\"description\":\"High quality American bedroom carpet Delicate 37515\u00a0belongs to the 5T037 Haze Tile product line, a high-end carpet tile line of the number one carpet brand in the US\",\"breadcrumb\":{\"@id\":\"https:\/\/mdsf.vn\/en\/san-pham\/high-quality-american-bedroom-carpet-delicate-37515\/#breadcrumb\"},\"inLanguage\":\"en-US\",\"potentialAction\":[{\"@type\":\"ReadAction\",\"target\":[\"https:\/\/mdsf.vn\/en\/san-pham\/high-quality-american-bedroom-carpet-delicate-37515\/\"]}]},{\"@type\":\"ImageObject\",\"inLanguage\":\"en-US\",\"@id\":\"https:\/\/mdsf.vn\/en\/san-pham\/high-quality-american-bedroom-carpet-delicate-37515\/#primaryimage\",\"url\":\"https:\/\/mdsf.vn\/wp-content\/uploads\/2021\/09\/tham-my-lot-san-phong-ngu-cao-cap-delicate-37515-3.jpg\",\"contentUrl\":\"https:\/\/mdsf.vn\/wp-content\/uploads\/2021\/09\/tham-my-lot-san-phong-ngu-cao-cap-delicate-37515-3.jpg\",\"width\":650,\"height\":650,\"caption\":\"High quality American bedroom carpet 3\"},{\"@type\":\"BreadcrumbList\",\"@id\":\"https:\/\/mdsf.vn\/en\/san-pham\/high-quality-american-bedroom-carpet-delicate-37515\/#breadcrumb\",\"itemListElement\":[{\"@type\":\"ListItem\",\"position\":1,\"name\":\"Home\",\"item\":\"https:\/\/mdsf.vn\/en\/\"},{\"@type\":\"ListItem\",\"position\":2,\"name\":\"Shop\",\"item\":\"https:\/\/mdsf.vn\/en\/shop\/\"},{\"@type\":\"ListItem\",\"position\":3,\"name\":\"High quality American bedroom carpet Delicate 37515\"}]},{\"@type\":\"WebSite\",\"@id\":\"https:\/\/mdsf.vn\/en\/#website\",\"url\":\"https:\/\/mdsf.vn\/en\/\",\"name\":\"Minh Duc\",\"description\":\"N\u1ed9i th\u1ea5t c\u00f4ng c\u1ed9ng Minh \u0110\u1ee9c\",\"publisher\":{\"@id\":\"https:\/\/mdsf.vn\/en\/#organization\"},\"potentialAction\":[{\"@type\":\"SearchAction\",\"target\":{\"@type\":\"EntryPoint\",\"urlTemplate\":\"https:\/\/mdsf.vn\/en\/?s={search_term_string}\"},\"query-input\":{\"@type\":\"PropertyValueSpecification\",\"valueRequired\":true,\"valueName\":\"search_term_string\"}}],\"inLanguage\":\"en-US\"},{\"@type\":\"Organization\",\"@id\":\"https:\/\/mdsf.vn\/en\/#organization\",\"name\":\"Minh Duc Public Furniture Co., Ltd\",\"url\":\"https:\/\/mdsf.vn\/en\/\",\"logo\":{\"@type\":\"ImageObject\",\"inLanguage\":\"en-US\",\"@id\":\"https:\/\/mdsf.vn\/en\/#\/schema\/logo\/image\/\",\"url\":\"http:\/\/45.32.103.86\/wp-content\/uploads\/2021\/02\/logo-hoan-thien-noi-that-minh-duc-1.png\",\"contentUrl\":\"http:\/\/45.32.103.86\/wp-content\/uploads\/2021\/02\/logo-hoan-thien-noi-that-minh-duc-1.png\",\"width\":220,\"height\":136,\"caption\":\"Minh Duc Public Furniture Co., Ltd\"},\"image\":{\"@id\":\"https:\/\/mdsf.vn\/en\/#\/schema\/logo\/image\/\"},\"sameAs\":[\"https:\/\/www.facebook.com\/shopnoithatvn\/\",\"https:\/\/www.pinterest.com\/shopnoithatonline\/\"]}]}<\/script>\n<!-- \/ Yoast SEO plugin. -->","yoast_head_json":{"title":"High quality American bedroom carpet Delicate 37515 - Minh Duc","description":"High quality American bedroom carpet Delicate 37515\u00a0belongs to the 5T037 Haze Tile product line, a high-end carpet tile line of the number one carpet brand in the US","robots":{"index":"index","follow":"follow","max-snippet":"max-snippet:-1","max-image-preview":"max-image-preview:large","max-video-preview":"max-video-preview:-1"},"canonical":"https:\/\/mdsf.vn\/en\/san-pham\/high-quality-american-bedroom-carpet-delicate-37515\/","og_locale":"en_US","og_type":"article","og_title":"High quality American bedroom carpet Delicate 37515 - Minh Duc","og_description":"High quality American bedroom carpet Delicate 37515\u00a0belongs to the 5T037 Haze Tile product line, a high-end carpet tile line of the number one carpet brand in the US","og_url":"https:\/\/mdsf.vn\/en\/san-pham\/high-quality-american-bedroom-carpet-delicate-37515\/","og_site_name":"Minh Duc","article_publisher":"https:\/\/www.facebook.com\/shopnoithatvn\/","og_image":[{"width":650,"height":650,"url":"https:\/\/mdsf.vn\/wp-content\/uploads\/2021\/09\/tham-my-lot-san-phong-ngu-cao-cap-delicate-37515-3.jpg","type":"image\/jpeg"}],"twitter_card":"summary_large_image","twitter_misc":{"Est. reading time":"1 minute"},"schema":{"@context":"https:\/\/schema.org","@graph":[{"@type":"WebPage","@id":"https:\/\/mdsf.vn\/en\/san-pham\/high-quality-american-bedroom-carpet-delicate-37515\/","url":"https:\/\/mdsf.vn\/en\/san-pham\/high-quality-american-bedroom-carpet-delicate-37515\/","name":"High quality American bedroom carpet Delicate 37515 - Minh Duc","isPartOf":{"@id":"https:\/\/mdsf.vn\/en\/#website"},"primaryImageOfPage":{"@id":"https:\/\/mdsf.vn\/en\/san-pham\/high-quality-american-bedroom-carpet-delicate-37515\/#primaryimage"},"image":{"@id":"https:\/\/mdsf.vn\/en\/san-pham\/high-quality-american-bedroom-carpet-delicate-37515\/#primaryimage"},"thumbnailUrl":"https:\/\/mdsf.vn\/wp-content\/uploads\/2021\/09\/tham-my-lot-san-phong-ngu-cao-cap-delicate-37515-3.jpg","datePublished":"2021-09-29T02:00:42+00:00","description":"High quality American bedroom carpet Delicate 37515\u00a0belongs to the 5T037 Haze Tile product line, a high-end carpet tile line of the number one carpet brand in the US","breadcrumb":{"@id":"https:\/\/mdsf.vn\/en\/san-pham\/high-quality-american-bedroom-carpet-delicate-37515\/#breadcrumb"},"inLanguage":"en-US","potentialAction":[{"@type":"ReadAction","target":["https:\/\/mdsf.vn\/en\/san-pham\/high-quality-american-bedroom-carpet-delicate-37515\/"]}]},{"@type":"ImageObject","inLanguage":"en-US","@id":"https:\/\/mdsf.vn\/en\/san-pham\/high-quality-american-bedroom-carpet-delicate-37515\/#primaryimage","url":"https:\/\/mdsf.vn\/wp-content\/uploads\/2021\/09\/tham-my-lot-san-phong-ngu-cao-cap-delicate-37515-3.jpg","contentUrl":"https:\/\/mdsf.vn\/wp-content\/uploads\/2021\/09\/tham-my-lot-san-phong-ngu-cao-cap-delicate-37515-3.jpg","width":650,"height":650,"caption":"High quality American bedroom carpet 3"},{"@type":"BreadcrumbList","@id":"https:\/\/mdsf.vn\/en\/san-pham\/high-quality-american-bedroom-carpet-delicate-37515\/#breadcrumb","itemListElement":[{"@type":"ListItem","position":1,"name":"Home","item":"https:\/\/mdsf.vn\/en\/"},{"@type":"ListItem","position":2,"name":"Shop","item":"https:\/\/mdsf.vn\/en\/shop\/"},{"@type":"ListItem","position":3,"name":"High quality American bedroom carpet Delicate 37515"}]},{"@type":"WebSite","@id":"https:\/\/mdsf.vn\/en\/#website","url":"https:\/\/mdsf.vn\/en\/","name":"Minh Duc","description":"N\u1ed9i th\u1ea5t c\u00f4ng c\u1ed9ng Minh \u0110\u1ee9c","publisher":{"@id":"https:\/\/mdsf.vn\/en\/#organization"},"potentialAction":[{"@type":"SearchAction","target":{"@type":"EntryPoint","urlTemplate":"https:\/\/mdsf.vn\/en\/?s={search_term_string}"},"query-input":{"@type":"PropertyValueSpecification","valueRequired":true,"valueName":"search_term_string"}}],"inLanguage":"en-US"},{"@type":"Organization","@id":"https:\/\/mdsf.vn\/en\/#organization","name":"Minh Duc Public Furniture Co., Ltd","url":"https:\/\/mdsf.vn\/en\/","logo":{"@type":"ImageObject","inLanguage":"en-US","@id":"https:\/\/mdsf.vn\/en\/#\/schema\/logo\/image\/","url":"http:\/\/45.32.103.86\/wp-content\/uploads\/2021\/02\/logo-hoan-thien-noi-that-minh-duc-1.png","contentUrl":"http:\/\/45.32.103.86\/wp-content\/uploads\/2021\/02\/logo-hoan-thien-noi-that-minh-duc-1.png","width":220,"height":136,"caption":"Minh Duc Public Furniture Co., Ltd"},"image":{"@id":"https:\/\/mdsf.vn\/en\/#\/schema\/logo\/image\/"},"sameAs":["https:\/\/www.facebook.com\/shopnoithatvn\/","https:\/\/www.pinterest.com\/shopnoithatonline\/"]}]}},"_links":{"self":[{"href":"https:\/\/mdsf.vn\/en\/wp-json\/wp\/v2\/product\/19306","targetHints":{"allow":["GET"]}}],"collection":[{"href":"https:\/\/mdsf.vn\/en\/wp-json\/wp\/v2\/product"}],"about":[{"href":"https:\/\/mdsf.vn\/en\/wp-json\/wp\/v2\/types\/product"}],"replies":[{"embeddable":true,"href":"https:\/\/mdsf.vn\/en\/wp-json\/wp\/v2\/comments?post=19306"}],"wp:featuredmedia":[{"embeddable":true,"href":"https:\/\/mdsf.vn\/en\/wp-json\/wp\/v2\/media\/10783"}],"wp:attachment":[{"href":"https:\/\/mdsf.vn\/en\/wp-json\/wp\/v2\/media?parent=19306"}],"wp:term":[{"taxonomy":"product_brand","embeddable":true,"href":"https:\/\/mdsf.vn\/en\/wp-json\/wp\/v2\/product_brand?post=19306"},{"taxonomy":"product_cat","embeddable":true,"href":"https:\/\/mdsf.vn\/en\/wp-json\/wp\/v2\/product_cat?post=19306"},{"taxonomy":"product_tag","embeddable":true,"href":"https:\/\/mdsf.vn\/en\/wp-json\/wp\/v2\/product_tag?post=19306"}],"curies":[{"name":"wp","href":"https:\/\/api.w.org\/{rel}","templated":true}]}}