{"id":19304,"date":"2021-09-12T09:00:10","date_gmt":"2021-09-12T02:00:10","guid":{"rendered":"https:\/\/mdsf.vn\/san-pham\/luxury-carpet-for-hotel-outlook-69557\/"},"modified":"2024-10-31T15:08:49","modified_gmt":"2024-10-31T08:08:49","slug":"luxury-carpet-for-hotel-outlook-69557","status":"publish","type":"product","link":"https:\/\/mdsf.vn\/en\/san-pham\/luxury-carpet-for-hotel-outlook-69557\/","title":{"rendered":"Luxury carpet for hotel Outlook 69557"},"content":{"rendered":"<h2><span style=\"font-size: 85%;\">Luxury carpet for hotel Outlook 69557 &#8211; <\/span><span style=\"font-size: 85%;\">5T071 Direction Tile<\/span><\/h2>\n<p><strong>Luxury carpet for hotel<\/strong> Outlook 69557 belongs to the 5T071 Direction Tile product line with gray color and vertical pattern, creating an elegant, harmonious and dynamic beauty. The product has high durability and applicability, along with fast production and delivery capabilities. The product will be the perfect choice to bring luxury and modernity to any interior space.<\/p>\n<p>The surface of the carpet is made of ecological Q\u00ae Nylon fiber. The Ecoworx\u00ae Tile base is moisture-proof, has good floor adhesion and superior thickness. In addition, the size of the carpet is 61 x 61 cm, easy to construct, has little loss and is easy to combine. 5T071 Direction Tile &#8211; Outlook 69557 can be flexibly used in all locations such as living room, bedroom, office, lobby area or hallway in hotel space or health care center, exhibition hall, cafe, educational institution&#8230;<\/p>\n<p><img decoding=\"async\" class=\"aligncenter wp-image-10481 size-full\" src=\"https:\/\/mdsf.vn\/wp-content\/uploads\/2021\/09\/tham-lot-san-khach-san-sang-trong-outlook-69557-1.jpg\" alt=\"Th\u1ea3m l\u00f3t s\u00e0n kh\u00e1ch s\u1ea1n 1\" width=\"850\" height=\"650\" srcset=\"https:\/\/mdsf.vn\/wp-content\/uploads\/2021\/09\/tham-lot-san-khach-san-sang-trong-outlook-69557-1.jpg 850w, https:\/\/mdsf.vn\/wp-content\/uploads\/2021\/09\/tham-lot-san-khach-san-sang-trong-outlook-69557-1-650x497.jpg 650w, https:\/\/mdsf.vn\/wp-content\/uploads\/2021\/09\/tham-lot-san-khach-san-sang-trong-outlook-69557-1-523x400.jpg 523w, https:\/\/mdsf.vn\/wp-content\/uploads\/2021\/09\/tham-lot-san-khach-san-sang-trong-outlook-69557-1-768x587.jpg 768w\" sizes=\"(max-width: 850px) 100vw, 850px\" \/><\/p>\n<h3>Carpet specifications<\/h3>\n<ul>\n<li>Style: 5T071 Direction Tile<\/li>\n<li>Collection: View<\/li>\n<li>Color code: Outlook 69557<\/li>\n<li>Carpet tile\u00a061 x 61 cm<\/li>\n<li>Backing: Ecoworx\u00ae Tile<\/li>\n<li>Fibre: Eco Solution Q\u00ae Nylon<\/li>\n<li>Tufted Weight: 508.6 g\/m\u00b2<\/li>\n<li>Finished pile thickness: 2.72 mm<\/li>\n<li>Carpet Thickness: 6.35 mm<\/li>\n<li>Packing: 12 Tiles\/box<\/li>\n<li>Detailed technical description: <span style=\"color: #0000ff;\"><a style=\"color: #0000ff;\" href=\"https:\/\/pdmsview.shawinc.com\/spec-viewer\/?key=JEUhJiA%2BXCghJyA%3D&amp;region=EN-AP\" target=\"_blank\" rel=\"noopener\">here<\/a><\/span><\/li>\n<li>Brand: Shaw Contract<\/li>\n<\/ul>\n<p><img decoding=\"async\" class=\"aligncenter wp-image-10483 size-full\" src=\"https:\/\/mdsf.vn\/wp-content\/uploads\/2021\/09\/tham-lot-san-khach-san-sang-trong-outlook-69557-2.jpg\" alt=\"Th\u1ea3m l\u00f3t s\u00e0n kh\u00e1ch s\u1ea1n 2\" width=\"850\" height=\"650\" srcset=\"https:\/\/mdsf.vn\/wp-content\/uploads\/2021\/09\/tham-lot-san-khach-san-sang-trong-outlook-69557-2.jpg 850w, https:\/\/mdsf.vn\/wp-content\/uploads\/2021\/09\/tham-lot-san-khach-san-sang-trong-outlook-69557-2-650x497.jpg 650w, https:\/\/mdsf.vn\/wp-content\/uploads\/2021\/09\/tham-lot-san-khach-san-sang-trong-outlook-69557-2-523x400.jpg 523w, https:\/\/mdsf.vn\/wp-content\/uploads\/2021\/09\/tham-lot-san-khach-san-sang-trong-outlook-69557-2-768x587.jpg 768w\" sizes=\"(max-width: 850px) 100vw, 850px\" \/><\/p>\n<h3>Notes on ordering and delivery<\/h3>\n<ul>\n<li>Products are sold by the square meter and by the box.<\/li>\n<li>This is a product ordered directly from Shaw Contract\u2019s factory. Ordering time with products in stock is usually 2-4 weeks depending on the volume. For products that are not available or need a custom design. The production lead time is usually 8-10 weeks. Some premium products will require a longer order time. Please contact Minh Duc directly for advice and the most accurate information.<\/li>\n<\/ul>\n<h4>Other products you may be interested in<\/h4>\n<ul>\n<li><span style=\"color: #008080;\"><a style=\"color: #008080;\" href=\"https:\/\/mdsf.vn\/en\/san-pham\/carpets-for-living-room-distance-69597\/\">Carpets for living room Distance 69597<\/a><\/span><\/li>\n<li><span style=\"color: #008080;\"><a style=\"color: #008080;\" href=\"https:\/\/mdsf.vn\/en\/san-pham\/multi-purpose-portable-bench-for-gymnasium\/\">Multi-Purpose Portable Bench For Gymnasium<\/a><\/span><\/li>\n<li><span style=\"color: #008080;\"><a style=\"color: #008080;\" href=\"https:\/\/mdsf.vn\/en\/san-pham\/ban-gap-di-dong-ba-cho-ngoi-van-phong-lop-hoc\/\">Three-seat portable folding desk for office<\/a><\/span><\/li>\n<\/ul>\n","protected":false},"excerpt":{"rendered":"<ul>\n<li>Style: 5T071 Direction Tile<\/li>\n<li>Collection: View<\/li>\n<li>Color code: Outlook 69557<\/li>\n<li>Fast production &amp; delivery 6 weeks: <span style=\"color: #008080;\"><a style=\"color: #008080;\" href=\"https:\/\/mdsf.vn\/the-loai-san-pham\/tham-va-san-vynil\/tham-san-xuat-nhanh\/\" target=\"_blank\" rel=\"noopener\">In Stock<\/a><\/span><\/li>\n<li>Product details: <span style=\"color: #008080;\"><a style=\"color: #008080;\" href=\"https:\/\/www.shawcontract.com\/en-ap\/product\/details\/5T071\" target=\"_blank\" rel=\"noopener\">Here<\/a><\/span><\/li>\n<li>Hotline \/ WhatsApp \/ Skype \/ Telegram: +84 908 314 939<\/li>\n<\/ul>\n","protected":false},"featured_media":10486,"comment_status":"open","ping_status":"closed","template":"","meta":[],"product_brand":[],"product_cat":[1370,1390,1372],"product_tag":[2707,2706,2705,2708],"class_list":{"0":"post-19304","1":"product","2":"type-product","3":"status-publish","4":"has-post-thumbnail","6":"product_cat-carpet-and-vinyl-floor","7":"product_cat-instock-carpets","8":"product_cat-shaw-contract-carpet","9":"product_tag-ban-tham-lot-san-khach-san-en","10":"product_tag-mua-tham-lot-san-khach-san-en","11":"product_tag-tham-lot-san-khach-san-en","12":"product_tag-tham-lot-san-khach-san-shaw-contract-en","14":"first","15":"instock","16":"shipping-taxable","17":"product-type-simple"},"yoast_head":"<!-- This site is optimized with the Yoast SEO plugin v27.0 - https:\/\/yoast.com\/product\/yoast-seo-wordpress\/ -->\n<title>Luxury carpet for hotel Outlook 69557 - Minh Duc<\/title>\n<meta name=\"description\" content=\"Luxury carpet for hotel Outlook 69557 belongs to the 5T071 Direction Tile product line with gray color and vertical pattern, creating an elegant\" \/>\n<meta name=\"robots\" content=\"index, follow, max-snippet:-1, max-image-preview:large, max-video-preview:-1\" \/>\n<link rel=\"canonical\" href=\"https:\/\/mdsf.vn\/en\/san-pham\/luxury-carpet-for-hotel-outlook-69557\/\" \/>\n<meta property=\"og:locale\" content=\"en_US\" \/>\n<meta property=\"og:type\" content=\"article\" \/>\n<meta property=\"og:title\" content=\"Luxury carpet for hotel Outlook 69557 - Minh Duc\" \/>\n<meta property=\"og:description\" content=\"Luxury carpet for hotel Outlook 69557 belongs to the 5T071 Direction Tile product line with gray color and vertical pattern, creating an elegant\" \/>\n<meta property=\"og:url\" content=\"https:\/\/mdsf.vn\/en\/san-pham\/luxury-carpet-for-hotel-outlook-69557\/\" \/>\n<meta property=\"og:site_name\" content=\"Minh Duc\" \/>\n<meta property=\"article:publisher\" content=\"https:\/\/www.facebook.com\/shopnoithatvn\/\" \/>\n<meta property=\"article:modified_time\" content=\"2024-10-31T08:08:49+00:00\" \/>\n<meta property=\"og:image\" content=\"https:\/\/mdsf.vn\/wp-content\/uploads\/2021\/09\/tham-lot-san-khach-san-sang-trong-outlook-69557-3.jpg\" \/>\n\t<meta property=\"og:image:width\" content=\"650\" \/>\n\t<meta property=\"og:image:height\" content=\"650\" \/>\n\t<meta property=\"og:image:type\" content=\"image\/jpeg\" \/>\n<meta name=\"twitter:card\" content=\"summary_large_image\" \/>\n<meta name=\"twitter:label1\" content=\"Est. reading time\" \/>\n\t<meta name=\"twitter:data1\" content=\"1 minute\" \/>\n<script type=\"application\/ld+json\" class=\"yoast-schema-graph\">{\"@context\":\"https:\/\/schema.org\",\"@graph\":[{\"@type\":\"WebPage\",\"@id\":\"https:\/\/mdsf.vn\/en\/san-pham\/luxury-carpet-for-hotel-outlook-69557\/\",\"url\":\"https:\/\/mdsf.vn\/en\/san-pham\/luxury-carpet-for-hotel-outlook-69557\/\",\"name\":\"Luxury carpet for hotel Outlook 69557 - Minh Duc\",\"isPartOf\":{\"@id\":\"https:\/\/mdsf.vn\/en\/#website\"},\"primaryImageOfPage\":{\"@id\":\"https:\/\/mdsf.vn\/en\/san-pham\/luxury-carpet-for-hotel-outlook-69557\/#primaryimage\"},\"image\":{\"@id\":\"https:\/\/mdsf.vn\/en\/san-pham\/luxury-carpet-for-hotel-outlook-69557\/#primaryimage\"},\"thumbnailUrl\":\"https:\/\/mdsf.vn\/wp-content\/uploads\/2021\/09\/tham-lot-san-khach-san-sang-trong-outlook-69557-3.jpg\",\"datePublished\":\"2021-09-12T02:00:10+00:00\",\"dateModified\":\"2024-10-31T08:08:49+00:00\",\"description\":\"Luxury carpet for hotel Outlook 69557 belongs to the 5T071 Direction Tile product line with gray color and vertical pattern, creating an elegant\",\"breadcrumb\":{\"@id\":\"https:\/\/mdsf.vn\/en\/san-pham\/luxury-carpet-for-hotel-outlook-69557\/#breadcrumb\"},\"inLanguage\":\"en-US\",\"potentialAction\":[{\"@type\":\"ReadAction\",\"target\":[\"https:\/\/mdsf.vn\/en\/san-pham\/luxury-carpet-for-hotel-outlook-69557\/\"]}]},{\"@type\":\"ImageObject\",\"inLanguage\":\"en-US\",\"@id\":\"https:\/\/mdsf.vn\/en\/san-pham\/luxury-carpet-for-hotel-outlook-69557\/#primaryimage\",\"url\":\"https:\/\/mdsf.vn\/wp-content\/uploads\/2021\/09\/tham-lot-san-khach-san-sang-trong-outlook-69557-3.jpg\",\"contentUrl\":\"https:\/\/mdsf.vn\/wp-content\/uploads\/2021\/09\/tham-lot-san-khach-san-sang-trong-outlook-69557-3.jpg\",\"width\":650,\"height\":650},{\"@type\":\"BreadcrumbList\",\"@id\":\"https:\/\/mdsf.vn\/en\/san-pham\/luxury-carpet-for-hotel-outlook-69557\/#breadcrumb\",\"itemListElement\":[{\"@type\":\"ListItem\",\"position\":1,\"name\":\"Home\",\"item\":\"https:\/\/mdsf.vn\/en\/\"},{\"@type\":\"ListItem\",\"position\":2,\"name\":\"Shop\",\"item\":\"https:\/\/mdsf.vn\/en\/shop\/\"},{\"@type\":\"ListItem\",\"position\":3,\"name\":\"Luxury carpet for hotel Outlook 69557\"}]},{\"@type\":\"WebSite\",\"@id\":\"https:\/\/mdsf.vn\/en\/#website\",\"url\":\"https:\/\/mdsf.vn\/en\/\",\"name\":\"Minh Duc\",\"description\":\"N\u1ed9i th\u1ea5t c\u00f4ng c\u1ed9ng Minh \u0110\u1ee9c\",\"publisher\":{\"@id\":\"https:\/\/mdsf.vn\/en\/#organization\"},\"potentialAction\":[{\"@type\":\"SearchAction\",\"target\":{\"@type\":\"EntryPoint\",\"urlTemplate\":\"https:\/\/mdsf.vn\/en\/?s={search_term_string}\"},\"query-input\":{\"@type\":\"PropertyValueSpecification\",\"valueRequired\":true,\"valueName\":\"search_term_string\"}}],\"inLanguage\":\"en-US\"},{\"@type\":\"Organization\",\"@id\":\"https:\/\/mdsf.vn\/en\/#organization\",\"name\":\"Minh Duc Public Furniture Co., Ltd\",\"url\":\"https:\/\/mdsf.vn\/en\/\",\"logo\":{\"@type\":\"ImageObject\",\"inLanguage\":\"en-US\",\"@id\":\"https:\/\/mdsf.vn\/en\/#\/schema\/logo\/image\/\",\"url\":\"http:\/\/45.32.103.86\/wp-content\/uploads\/2021\/02\/logo-hoan-thien-noi-that-minh-duc-1.png\",\"contentUrl\":\"http:\/\/45.32.103.86\/wp-content\/uploads\/2021\/02\/logo-hoan-thien-noi-that-minh-duc-1.png\",\"width\":220,\"height\":136,\"caption\":\"Minh Duc Public Furniture Co., Ltd\"},\"image\":{\"@id\":\"https:\/\/mdsf.vn\/en\/#\/schema\/logo\/image\/\"},\"sameAs\":[\"https:\/\/www.facebook.com\/shopnoithatvn\/\",\"https:\/\/www.pinterest.com\/shopnoithatonline\/\"]}]}<\/script>\n<!-- \/ Yoast SEO plugin. -->","yoast_head_json":{"title":"Luxury carpet for hotel Outlook 69557 - Minh Duc","description":"Luxury carpet for hotel Outlook 69557 belongs to the 5T071 Direction Tile product line with gray color and vertical pattern, creating an elegant","robots":{"index":"index","follow":"follow","max-snippet":"max-snippet:-1","max-image-preview":"max-image-preview:large","max-video-preview":"max-video-preview:-1"},"canonical":"https:\/\/mdsf.vn\/en\/san-pham\/luxury-carpet-for-hotel-outlook-69557\/","og_locale":"en_US","og_type":"article","og_title":"Luxury carpet for hotel Outlook 69557 - Minh Duc","og_description":"Luxury carpet for hotel Outlook 69557 belongs to the 5T071 Direction Tile product line with gray color and vertical pattern, creating an elegant","og_url":"https:\/\/mdsf.vn\/en\/san-pham\/luxury-carpet-for-hotel-outlook-69557\/","og_site_name":"Minh Duc","article_publisher":"https:\/\/www.facebook.com\/shopnoithatvn\/","article_modified_time":"2024-10-31T08:08:49+00:00","og_image":[{"width":650,"height":650,"url":"https:\/\/mdsf.vn\/wp-content\/uploads\/2021\/09\/tham-lot-san-khach-san-sang-trong-outlook-69557-3.jpg","type":"image\/jpeg"}],"twitter_card":"summary_large_image","twitter_misc":{"Est. reading time":"1 minute"},"schema":{"@context":"https:\/\/schema.org","@graph":[{"@type":"WebPage","@id":"https:\/\/mdsf.vn\/en\/san-pham\/luxury-carpet-for-hotel-outlook-69557\/","url":"https:\/\/mdsf.vn\/en\/san-pham\/luxury-carpet-for-hotel-outlook-69557\/","name":"Luxury carpet for hotel Outlook 69557 - Minh Duc","isPartOf":{"@id":"https:\/\/mdsf.vn\/en\/#website"},"primaryImageOfPage":{"@id":"https:\/\/mdsf.vn\/en\/san-pham\/luxury-carpet-for-hotel-outlook-69557\/#primaryimage"},"image":{"@id":"https:\/\/mdsf.vn\/en\/san-pham\/luxury-carpet-for-hotel-outlook-69557\/#primaryimage"},"thumbnailUrl":"https:\/\/mdsf.vn\/wp-content\/uploads\/2021\/09\/tham-lot-san-khach-san-sang-trong-outlook-69557-3.jpg","datePublished":"2021-09-12T02:00:10+00:00","dateModified":"2024-10-31T08:08:49+00:00","description":"Luxury carpet for hotel Outlook 69557 belongs to the 5T071 Direction Tile product line with gray color and vertical pattern, creating an elegant","breadcrumb":{"@id":"https:\/\/mdsf.vn\/en\/san-pham\/luxury-carpet-for-hotel-outlook-69557\/#breadcrumb"},"inLanguage":"en-US","potentialAction":[{"@type":"ReadAction","target":["https:\/\/mdsf.vn\/en\/san-pham\/luxury-carpet-for-hotel-outlook-69557\/"]}]},{"@type":"ImageObject","inLanguage":"en-US","@id":"https:\/\/mdsf.vn\/en\/san-pham\/luxury-carpet-for-hotel-outlook-69557\/#primaryimage","url":"https:\/\/mdsf.vn\/wp-content\/uploads\/2021\/09\/tham-lot-san-khach-san-sang-trong-outlook-69557-3.jpg","contentUrl":"https:\/\/mdsf.vn\/wp-content\/uploads\/2021\/09\/tham-lot-san-khach-san-sang-trong-outlook-69557-3.jpg","width":650,"height":650},{"@type":"BreadcrumbList","@id":"https:\/\/mdsf.vn\/en\/san-pham\/luxury-carpet-for-hotel-outlook-69557\/#breadcrumb","itemListElement":[{"@type":"ListItem","position":1,"name":"Home","item":"https:\/\/mdsf.vn\/en\/"},{"@type":"ListItem","position":2,"name":"Shop","item":"https:\/\/mdsf.vn\/en\/shop\/"},{"@type":"ListItem","position":3,"name":"Luxury carpet for hotel Outlook 69557"}]},{"@type":"WebSite","@id":"https:\/\/mdsf.vn\/en\/#website","url":"https:\/\/mdsf.vn\/en\/","name":"Minh Duc","description":"N\u1ed9i th\u1ea5t c\u00f4ng c\u1ed9ng Minh \u0110\u1ee9c","publisher":{"@id":"https:\/\/mdsf.vn\/en\/#organization"},"potentialAction":[{"@type":"SearchAction","target":{"@type":"EntryPoint","urlTemplate":"https:\/\/mdsf.vn\/en\/?s={search_term_string}"},"query-input":{"@type":"PropertyValueSpecification","valueRequired":true,"valueName":"search_term_string"}}],"inLanguage":"en-US"},{"@type":"Organization","@id":"https:\/\/mdsf.vn\/en\/#organization","name":"Minh Duc Public Furniture Co., Ltd","url":"https:\/\/mdsf.vn\/en\/","logo":{"@type":"ImageObject","inLanguage":"en-US","@id":"https:\/\/mdsf.vn\/en\/#\/schema\/logo\/image\/","url":"http:\/\/45.32.103.86\/wp-content\/uploads\/2021\/02\/logo-hoan-thien-noi-that-minh-duc-1.png","contentUrl":"http:\/\/45.32.103.86\/wp-content\/uploads\/2021\/02\/logo-hoan-thien-noi-that-minh-duc-1.png","width":220,"height":136,"caption":"Minh Duc Public Furniture Co., Ltd"},"image":{"@id":"https:\/\/mdsf.vn\/en\/#\/schema\/logo\/image\/"},"sameAs":["https:\/\/www.facebook.com\/shopnoithatvn\/","https:\/\/www.pinterest.com\/shopnoithatonline\/"]}]}},"_links":{"self":[{"href":"https:\/\/mdsf.vn\/en\/wp-json\/wp\/v2\/product\/19304","targetHints":{"allow":["GET"]}}],"collection":[{"href":"https:\/\/mdsf.vn\/en\/wp-json\/wp\/v2\/product"}],"about":[{"href":"https:\/\/mdsf.vn\/en\/wp-json\/wp\/v2\/types\/product"}],"replies":[{"embeddable":true,"href":"https:\/\/mdsf.vn\/en\/wp-json\/wp\/v2\/comments?post=19304"}],"wp:featuredmedia":[{"embeddable":true,"href":"https:\/\/mdsf.vn\/en\/wp-json\/wp\/v2\/media\/10486"}],"wp:attachment":[{"href":"https:\/\/mdsf.vn\/en\/wp-json\/wp\/v2\/media?parent=19304"}],"wp:term":[{"taxonomy":"product_brand","embeddable":true,"href":"https:\/\/mdsf.vn\/en\/wp-json\/wp\/v2\/product_brand?post=19304"},{"taxonomy":"product_cat","embeddable":true,"href":"https:\/\/mdsf.vn\/en\/wp-json\/wp\/v2\/product_cat?post=19304"},{"taxonomy":"product_tag","embeddable":true,"href":"https:\/\/mdsf.vn\/en\/wp-json\/wp\/v2\/product_tag?post=19304"}],"curies":[{"name":"wp","href":"https:\/\/api.w.org\/{rel}","templated":true}]}}