{"id":19302,"date":"2021-09-12T15:00:34","date_gmt":"2021-09-12T08:00:34","guid":{"rendered":"https:\/\/mdsf.vn\/san-pham\/carpets-for-living-room-distance-69597\/"},"modified":"2024-10-30T16:29:12","modified_gmt":"2024-10-30T09:29:12","slug":"carpets-for-living-room-distance-69597","status":"publish","type":"product","link":"https:\/\/mdsf.vn\/en\/san-pham\/carpets-for-living-room-distance-69597\/","title":{"rendered":"Carpets for living room Distance 69597"},"content":{"rendered":"<h2><span style=\"font-size: 85%;\">Carpets for living room Distance 69597 &#8211; <\/span><span style=\"font-size: 85%;\">5T071 Direction Tile<\/span><\/h2>\n<p><strong>Carpets for living room<\/strong> Distance 69597 belongs to the 5T071 Direction Tile product line with flexible design, easy to construct, low loss. With fast production and delivery capabilities, and harmonious neutral colors, easy to combine. The product can be used for any position in many different types of interior spaces.<\/p>\n<p>Belonging to the line of highly durable carpet tiles with a surface that is tightly linked according to the loop structure of ecological Q\u00ae Nylon fiber bundles. Ecoworx\u00ae base is moisture-resistant, has good floor adhesion and outstanding thickness. 5T071 Direction Tile &#8211; Distance 69597 can be used independently for any space, especially living room, bedroom, office, exhibition room, including lobby or hallway locations&#8230; With a strong and elegant beauty. The product will be the perfect highlight to create a modern and luxurious overall space.<\/p>\n<p><img decoding=\"async\" class=\"aligncenter wp-image-10507 size-full\" src=\"https:\/\/mdsf.vn\/wp-content\/uploads\/2021\/09\/tham-lot-san-cho-phong-khach-distance-69597-1.jpg\" alt=\"Th\u1ea3m l\u00f3t s\u00e0n cho ph\u00f2ng kh\u00e1ch 1\" width=\"850\" height=\"650\" srcset=\"https:\/\/mdsf.vn\/wp-content\/uploads\/2021\/09\/tham-lot-san-cho-phong-khach-distance-69597-1.jpg 850w, https:\/\/mdsf.vn\/wp-content\/uploads\/2021\/09\/tham-lot-san-cho-phong-khach-distance-69597-1-650x497.jpg 650w, https:\/\/mdsf.vn\/wp-content\/uploads\/2021\/09\/tham-lot-san-cho-phong-khach-distance-69597-1-523x400.jpg 523w, https:\/\/mdsf.vn\/wp-content\/uploads\/2021\/09\/tham-lot-san-cho-phong-khach-distance-69597-1-768x587.jpg 768w\" sizes=\"(max-width: 850px) 100vw, 850px\" \/><\/p>\n<h3>Carpet specifications<\/h3>\n<ul>\n<li>Style: 5T071 Direction Tile<\/li>\n<li>Collection: View<\/li>\n<li>Color code: Distance 69597<\/li>\n<li>Carpet tile\u00a061 x 61 cm<\/li>\n<li>Backing: Ecoworx\u00ae Tile<\/li>\n<li>Fiber: Eco Solution Q\u00ae Nylon<\/li>\n<li>Tufted Weight: 508.6 g\/m\u00b2<\/li>\n<li>Finished pile thickness: 2.72 mm<\/li>\n<li>Carpet Thickness: 6.35 mm<\/li>\n<li>Packing: 12 tiles\/box<\/li>\n<li>Detailed technical description: <span style=\"color: #008080;\"><a style=\"color: #008080;\" href=\"https:\/\/pdmsview.shawinc.com\/spec-viewer\/?key=JEUhJiA%2BXCghJyA%3D&amp;region=EN-AP\" target=\"_blank\" rel=\"noopener\">Here<\/a><\/span><\/li>\n<li>Brand: Shaw Contract<\/li>\n<\/ul>\n<p><img decoding=\"async\" class=\"aligncenter wp-image-10509 size-full\" src=\"https:\/\/mdsf.vn\/wp-content\/uploads\/2021\/09\/tham-lot-san-cho-phong-khach-distance-69597-2.jpg\" alt=\"Th\u1ea3m l\u00f3t s\u00e0n cho ph\u00f2ng kh\u00e1ch 2\" width=\"850\" height=\"650\" srcset=\"https:\/\/mdsf.vn\/wp-content\/uploads\/2021\/09\/tham-lot-san-cho-phong-khach-distance-69597-2.jpg 850w, https:\/\/mdsf.vn\/wp-content\/uploads\/2021\/09\/tham-lot-san-cho-phong-khach-distance-69597-2-650x497.jpg 650w, https:\/\/mdsf.vn\/wp-content\/uploads\/2021\/09\/tham-lot-san-cho-phong-khach-distance-69597-2-523x400.jpg 523w, https:\/\/mdsf.vn\/wp-content\/uploads\/2021\/09\/tham-lot-san-cho-phong-khach-distance-69597-2-768x587.jpg 768w\" sizes=\"(max-width: 850px) 100vw, 850px\" \/><\/p>\n<h3>Notes on ordering and delivery<\/h3>\n<ul>\n<li>Products are sold by the square meter and by the box.<\/li>\n<li>This is a product ordered directly from Shaw Contract\u2019s factory. Ordering time with products in stock is usually 2-4 weeks depending on the volume. For products that are not available or need a custom design. The production lead time is usually 8-10 weeks. Some premium products will require a longer order time. Please contact Minh Duc directly for advice and the most accurate information.<\/li>\n<\/ul>\n<h4>Other products you may be interested in<\/h4>\n<ul>\n<li><span style=\"color: #008080;\"><a style=\"color: #008080;\" href=\"https:\/\/mdsf.vn\/en\/san-pham\/american-floor-carpet-5t323-commons-tile-shaw-contract\/\">American Floor Carpet 5T323 \u2013 Commons Tile \u2013 Shaw Contract<\/a><\/span><\/li>\n<li><span style=\"color: #008080;\"><a style=\"color: #008080;\" href=\"https:\/\/mdsf.vn\/en\/san-pham\/luxury-carpet-shaw-contract-hyper-green-81326\/\">Luxury carpet Shaw Contract Hyper Green 81326<\/a><\/span><\/li>\n<li><span style=\"color: #008080;\"><a style=\"color: #008080;\" href=\"https:\/\/mdsf.vn\/en\/san-pham\/military-television-studios-portable-folding-chair-system\/\">Military Television Studios Portable Folding Chair System<\/a><\/span><\/li>\n<\/ul>\n","protected":false},"excerpt":{"rendered":"<ul>\n<li>Style: 5T071 Direction Tile<\/li>\n<li>Collection: View<\/li>\n<li>Color code: Distance 69597<\/li>\n<li>Production &amp; delivery within 6 weeks:<span style=\"color: #008080;\"> <a style=\"color: #008080;\" href=\"https:\/\/mdsf.vn\/the-loai-san-pham\/tham-va-san-vynil\/tham-san-xuat-nhanh\/\" target=\"_blank\" rel=\"noopener\">In Stock<\/a><\/span><\/li>\n<li>Product details: <span style=\"color: #008080;\"><a style=\"color: #008080;\" href=\"https:\/\/www.shawcontract.com\/en-ap\/product\/details\/5T071\" target=\"_blank\" rel=\"noopener\">Here<\/a><\/span><\/li>\n<li>Hotline \/ WhatsApp \/ Skyper \/ Viber: +84 908 314 939<\/li>\n<\/ul>\n","protected":false},"featured_media":10512,"comment_status":"open","ping_status":"closed","template":"","meta":[],"product_brand":[],"product_cat":[1370,1390,1372],"product_tag":[2699,2698,2697,2700],"class_list":{"0":"post-19302","1":"product","2":"type-product","3":"status-publish","4":"has-post-thumbnail","6":"product_cat-carpet-and-vinyl-floor","7":"product_cat-instock-carpets","8":"product_cat-shaw-contract-carpet","9":"product_tag-ban-tham-lot-san-cho-phong-khach-en","10":"product_tag-mua-tham-lot-san-cho-phong-khach-en","11":"product_tag-tham-lot-san-cho-phong-khach-en","12":"product_tag-tham-lot-san-cho-phong-khach-shaw-contract-en","14":"first","15":"instock","16":"shipping-taxable","17":"product-type-simple"},"yoast_head":"<!-- This site is optimized with the Yoast SEO plugin v27.0 - https:\/\/yoast.com\/product\/yoast-seo-wordpress\/ -->\n<title>Carpets for living room Distance 69597 - Minh Duc<\/title>\n<meta name=\"description\" content=\"Carpets for living room Distance 69597 belongs to the 5T071 Direction Tile product line with flexible design, easy to construct, low loss.\" \/>\n<meta name=\"robots\" content=\"index, follow, max-snippet:-1, max-image-preview:large, max-video-preview:-1\" \/>\n<link rel=\"canonical\" href=\"https:\/\/mdsf.vn\/en\/san-pham\/carpets-for-living-room-distance-69597\/\" \/>\n<meta property=\"og:locale\" content=\"en_US\" \/>\n<meta property=\"og:type\" content=\"article\" \/>\n<meta property=\"og:title\" content=\"Carpets for living room Distance 69597 - Minh Duc\" \/>\n<meta property=\"og:description\" content=\"Carpets for living room Distance 69597 belongs to the 5T071 Direction Tile product line with flexible design, easy to construct, low loss.\" \/>\n<meta property=\"og:url\" content=\"https:\/\/mdsf.vn\/en\/san-pham\/carpets-for-living-room-distance-69597\/\" \/>\n<meta property=\"og:site_name\" content=\"Minh Duc\" \/>\n<meta property=\"article:publisher\" content=\"https:\/\/www.facebook.com\/shopnoithatvn\/\" \/>\n<meta property=\"article:modified_time\" content=\"2024-10-30T09:29:12+00:00\" \/>\n<meta property=\"og:image\" content=\"https:\/\/mdsf.vn\/wp-content\/uploads\/2021\/09\/tham-lot-san-cho-phong-khach-distance-69597-3.jpg\" \/>\n\t<meta property=\"og:image:width\" content=\"650\" \/>\n\t<meta property=\"og:image:height\" content=\"650\" \/>\n\t<meta property=\"og:image:type\" content=\"image\/jpeg\" \/>\n<meta name=\"twitter:card\" content=\"summary_large_image\" \/>\n<meta name=\"twitter:label1\" content=\"Est. reading time\" \/>\n\t<meta name=\"twitter:data1\" content=\"1 minute\" \/>\n<script type=\"application\/ld+json\" class=\"yoast-schema-graph\">{\"@context\":\"https:\/\/schema.org\",\"@graph\":[{\"@type\":\"WebPage\",\"@id\":\"https:\/\/mdsf.vn\/en\/san-pham\/carpets-for-living-room-distance-69597\/\",\"url\":\"https:\/\/mdsf.vn\/en\/san-pham\/carpets-for-living-room-distance-69597\/\",\"name\":\"Carpets for living room Distance 69597 - Minh Duc\",\"isPartOf\":{\"@id\":\"https:\/\/mdsf.vn\/en\/#website\"},\"primaryImageOfPage\":{\"@id\":\"https:\/\/mdsf.vn\/en\/san-pham\/carpets-for-living-room-distance-69597\/#primaryimage\"},\"image\":{\"@id\":\"https:\/\/mdsf.vn\/en\/san-pham\/carpets-for-living-room-distance-69597\/#primaryimage\"},\"thumbnailUrl\":\"https:\/\/mdsf.vn\/wp-content\/uploads\/2021\/09\/tham-lot-san-cho-phong-khach-distance-69597-3.jpg\",\"datePublished\":\"2021-09-12T08:00:34+00:00\",\"dateModified\":\"2024-10-30T09:29:12+00:00\",\"description\":\"Carpets for living room Distance 69597 belongs to the 5T071 Direction Tile product line with flexible design, easy to construct, low loss.\",\"breadcrumb\":{\"@id\":\"https:\/\/mdsf.vn\/en\/san-pham\/carpets-for-living-room-distance-69597\/#breadcrumb\"},\"inLanguage\":\"en-US\",\"potentialAction\":[{\"@type\":\"ReadAction\",\"target\":[\"https:\/\/mdsf.vn\/en\/san-pham\/carpets-for-living-room-distance-69597\/\"]}]},{\"@type\":\"ImageObject\",\"inLanguage\":\"en-US\",\"@id\":\"https:\/\/mdsf.vn\/en\/san-pham\/carpets-for-living-room-distance-69597\/#primaryimage\",\"url\":\"https:\/\/mdsf.vn\/wp-content\/uploads\/2021\/09\/tham-lot-san-cho-phong-khach-distance-69597-3.jpg\",\"contentUrl\":\"https:\/\/mdsf.vn\/wp-content\/uploads\/2021\/09\/tham-lot-san-cho-phong-khach-distance-69597-3.jpg\",\"width\":650,\"height\":650,\"caption\":\"Carpets for living room 3\"},{\"@type\":\"BreadcrumbList\",\"@id\":\"https:\/\/mdsf.vn\/en\/san-pham\/carpets-for-living-room-distance-69597\/#breadcrumb\",\"itemListElement\":[{\"@type\":\"ListItem\",\"position\":1,\"name\":\"Home\",\"item\":\"https:\/\/mdsf.vn\/en\/\"},{\"@type\":\"ListItem\",\"position\":2,\"name\":\"Shop\",\"item\":\"https:\/\/mdsf.vn\/en\/shop\/\"},{\"@type\":\"ListItem\",\"position\":3,\"name\":\"Carpets for living room Distance 69597\"}]},{\"@type\":\"WebSite\",\"@id\":\"https:\/\/mdsf.vn\/en\/#website\",\"url\":\"https:\/\/mdsf.vn\/en\/\",\"name\":\"Minh Duc\",\"description\":\"N\u1ed9i th\u1ea5t c\u00f4ng c\u1ed9ng Minh \u0110\u1ee9c\",\"publisher\":{\"@id\":\"https:\/\/mdsf.vn\/en\/#organization\"},\"potentialAction\":[{\"@type\":\"SearchAction\",\"target\":{\"@type\":\"EntryPoint\",\"urlTemplate\":\"https:\/\/mdsf.vn\/en\/?s={search_term_string}\"},\"query-input\":{\"@type\":\"PropertyValueSpecification\",\"valueRequired\":true,\"valueName\":\"search_term_string\"}}],\"inLanguage\":\"en-US\"},{\"@type\":\"Organization\",\"@id\":\"https:\/\/mdsf.vn\/en\/#organization\",\"name\":\"Minh Duc Public Furniture Co., Ltd\",\"url\":\"https:\/\/mdsf.vn\/en\/\",\"logo\":{\"@type\":\"ImageObject\",\"inLanguage\":\"en-US\",\"@id\":\"https:\/\/mdsf.vn\/en\/#\/schema\/logo\/image\/\",\"url\":\"http:\/\/45.32.103.86\/wp-content\/uploads\/2021\/02\/logo-hoan-thien-noi-that-minh-duc-1.png\",\"contentUrl\":\"http:\/\/45.32.103.86\/wp-content\/uploads\/2021\/02\/logo-hoan-thien-noi-that-minh-duc-1.png\",\"width\":220,\"height\":136,\"caption\":\"Minh Duc Public Furniture Co., Ltd\"},\"image\":{\"@id\":\"https:\/\/mdsf.vn\/en\/#\/schema\/logo\/image\/\"},\"sameAs\":[\"https:\/\/www.facebook.com\/shopnoithatvn\/\",\"https:\/\/www.pinterest.com\/shopnoithatonline\/\"]}]}<\/script>\n<!-- \/ Yoast SEO plugin. -->","yoast_head_json":{"title":"Carpets for living room Distance 69597 - Minh Duc","description":"Carpets for living room Distance 69597 belongs to the 5T071 Direction Tile product line with flexible design, easy to construct, low loss.","robots":{"index":"index","follow":"follow","max-snippet":"max-snippet:-1","max-image-preview":"max-image-preview:large","max-video-preview":"max-video-preview:-1"},"canonical":"https:\/\/mdsf.vn\/en\/san-pham\/carpets-for-living-room-distance-69597\/","og_locale":"en_US","og_type":"article","og_title":"Carpets for living room Distance 69597 - Minh Duc","og_description":"Carpets for living room Distance 69597 belongs to the 5T071 Direction Tile product line with flexible design, easy to construct, low loss.","og_url":"https:\/\/mdsf.vn\/en\/san-pham\/carpets-for-living-room-distance-69597\/","og_site_name":"Minh Duc","article_publisher":"https:\/\/www.facebook.com\/shopnoithatvn\/","article_modified_time":"2024-10-30T09:29:12+00:00","og_image":[{"width":650,"height":650,"url":"https:\/\/mdsf.vn\/wp-content\/uploads\/2021\/09\/tham-lot-san-cho-phong-khach-distance-69597-3.jpg","type":"image\/jpeg"}],"twitter_card":"summary_large_image","twitter_misc":{"Est. reading time":"1 minute"},"schema":{"@context":"https:\/\/schema.org","@graph":[{"@type":"WebPage","@id":"https:\/\/mdsf.vn\/en\/san-pham\/carpets-for-living-room-distance-69597\/","url":"https:\/\/mdsf.vn\/en\/san-pham\/carpets-for-living-room-distance-69597\/","name":"Carpets for living room Distance 69597 - Minh Duc","isPartOf":{"@id":"https:\/\/mdsf.vn\/en\/#website"},"primaryImageOfPage":{"@id":"https:\/\/mdsf.vn\/en\/san-pham\/carpets-for-living-room-distance-69597\/#primaryimage"},"image":{"@id":"https:\/\/mdsf.vn\/en\/san-pham\/carpets-for-living-room-distance-69597\/#primaryimage"},"thumbnailUrl":"https:\/\/mdsf.vn\/wp-content\/uploads\/2021\/09\/tham-lot-san-cho-phong-khach-distance-69597-3.jpg","datePublished":"2021-09-12T08:00:34+00:00","dateModified":"2024-10-30T09:29:12+00:00","description":"Carpets for living room Distance 69597 belongs to the 5T071 Direction Tile product line with flexible design, easy to construct, low loss.","breadcrumb":{"@id":"https:\/\/mdsf.vn\/en\/san-pham\/carpets-for-living-room-distance-69597\/#breadcrumb"},"inLanguage":"en-US","potentialAction":[{"@type":"ReadAction","target":["https:\/\/mdsf.vn\/en\/san-pham\/carpets-for-living-room-distance-69597\/"]}]},{"@type":"ImageObject","inLanguage":"en-US","@id":"https:\/\/mdsf.vn\/en\/san-pham\/carpets-for-living-room-distance-69597\/#primaryimage","url":"https:\/\/mdsf.vn\/wp-content\/uploads\/2021\/09\/tham-lot-san-cho-phong-khach-distance-69597-3.jpg","contentUrl":"https:\/\/mdsf.vn\/wp-content\/uploads\/2021\/09\/tham-lot-san-cho-phong-khach-distance-69597-3.jpg","width":650,"height":650,"caption":"Carpets for living room 3"},{"@type":"BreadcrumbList","@id":"https:\/\/mdsf.vn\/en\/san-pham\/carpets-for-living-room-distance-69597\/#breadcrumb","itemListElement":[{"@type":"ListItem","position":1,"name":"Home","item":"https:\/\/mdsf.vn\/en\/"},{"@type":"ListItem","position":2,"name":"Shop","item":"https:\/\/mdsf.vn\/en\/shop\/"},{"@type":"ListItem","position":3,"name":"Carpets for living room Distance 69597"}]},{"@type":"WebSite","@id":"https:\/\/mdsf.vn\/en\/#website","url":"https:\/\/mdsf.vn\/en\/","name":"Minh Duc","description":"N\u1ed9i th\u1ea5t c\u00f4ng c\u1ed9ng Minh \u0110\u1ee9c","publisher":{"@id":"https:\/\/mdsf.vn\/en\/#organization"},"potentialAction":[{"@type":"SearchAction","target":{"@type":"EntryPoint","urlTemplate":"https:\/\/mdsf.vn\/en\/?s={search_term_string}"},"query-input":{"@type":"PropertyValueSpecification","valueRequired":true,"valueName":"search_term_string"}}],"inLanguage":"en-US"},{"@type":"Organization","@id":"https:\/\/mdsf.vn\/en\/#organization","name":"Minh Duc Public Furniture Co., Ltd","url":"https:\/\/mdsf.vn\/en\/","logo":{"@type":"ImageObject","inLanguage":"en-US","@id":"https:\/\/mdsf.vn\/en\/#\/schema\/logo\/image\/","url":"http:\/\/45.32.103.86\/wp-content\/uploads\/2021\/02\/logo-hoan-thien-noi-that-minh-duc-1.png","contentUrl":"http:\/\/45.32.103.86\/wp-content\/uploads\/2021\/02\/logo-hoan-thien-noi-that-minh-duc-1.png","width":220,"height":136,"caption":"Minh Duc Public Furniture Co., Ltd"},"image":{"@id":"https:\/\/mdsf.vn\/en\/#\/schema\/logo\/image\/"},"sameAs":["https:\/\/www.facebook.com\/shopnoithatvn\/","https:\/\/www.pinterest.com\/shopnoithatonline\/"]}]}},"_links":{"self":[{"href":"https:\/\/mdsf.vn\/en\/wp-json\/wp\/v2\/product\/19302","targetHints":{"allow":["GET"]}}],"collection":[{"href":"https:\/\/mdsf.vn\/en\/wp-json\/wp\/v2\/product"}],"about":[{"href":"https:\/\/mdsf.vn\/en\/wp-json\/wp\/v2\/types\/product"}],"replies":[{"embeddable":true,"href":"https:\/\/mdsf.vn\/en\/wp-json\/wp\/v2\/comments?post=19302"}],"wp:featuredmedia":[{"embeddable":true,"href":"https:\/\/mdsf.vn\/en\/wp-json\/wp\/v2\/media\/10512"}],"wp:attachment":[{"href":"https:\/\/mdsf.vn\/en\/wp-json\/wp\/v2\/media?parent=19302"}],"wp:term":[{"taxonomy":"product_brand","embeddable":true,"href":"https:\/\/mdsf.vn\/en\/wp-json\/wp\/v2\/product_brand?post=19302"},{"taxonomy":"product_cat","embeddable":true,"href":"https:\/\/mdsf.vn\/en\/wp-json\/wp\/v2\/product_cat?post=19302"},{"taxonomy":"product_tag","embeddable":true,"href":"https:\/\/mdsf.vn\/en\/wp-json\/wp\/v2\/product_tag?post=19302"}],"curies":[{"name":"wp","href":"https:\/\/api.w.org\/{rel}","templated":true}]}}