{"id":19157,"date":"2024-06-06T17:50:23","date_gmt":"2024-06-06T10:50:23","guid":{"rendered":"https:\/\/mdsf.vn\/san-pham\/plastic-beach-chairs-cheap-molded-pp-plastic-chairs\/"},"modified":"2024-10-10T14:46:05","modified_gmt":"2024-10-10T07:46:05","slug":"plastic-beach-chairs-cheap-molded-pp-plastic-chairs","status":"publish","type":"product","link":"https:\/\/mdsf.vn\/en\/san-pham\/plastic-beach-chairs-cheap-molded-pp-plastic-chairs\/","title":{"rendered":"Plastic beach chairs cheap molded PP plastic chairs"},"content":{"rendered":"<h2><span style=\"font-size: 90%;\">Plastic beach chairs cheap molded PP plastic chairs<\/span><\/h2>\n<p><strong>Plastic beach chairs<\/strong> are the perfect choice for relaxing on the beach, at the pool, or in the garden. Made from high-quality polypropylene (PP), PP plastic beach chairs stand out for their high durability, good resistance to weather, sunlight and the salty environment of the sea.<\/p>\n<p>The design of PP plastic beach chairs is usually light, easy to move and stack, helping to save space when not in use. In particular, PP plastic material is easy to clean, just wipe with a damp cloth and water to keep the chair clean.<\/p>\n<p>PP plastic beach chairs have a variety of colors, from bright colors such as blue, red, yellow to neutral tones such as white, gray, creating a lively and dynamic space. In addition, the chair design often comes with soft curved lines, creating a comfortable feeling when sitting. The chair has parallel plastic bars that create a cool and comfortable feeling when sitting, and are easy to clean and maintain. The chair legs are sturdy, ensuring safety and stability.<\/p>\n<figure id=\"attachment_18924\" aria-describedby=\"caption-attachment-18924\" style=\"width: 950px\" class=\"wp-caption alignnone\"><img decoding=\"async\" class=\"wp-image-18924 size-full\" style=\"color: #333333;\" src=\"https:\/\/mdsf.vn\/wp-content\/uploads\/2024\/06\/Danh-sach-cac-mau-cua-ghe-MD-3045.jpg\" alt=\"Danh s\u00e1ch c\u00e1c m\u00e0u c\u1ee7a gh\u1ebf MD-3045\" width=\"950\" height=\"587\" srcset=\"https:\/\/mdsf.vn\/wp-content\/uploads\/2024\/06\/Danh-sach-cac-mau-cua-ghe-MD-3045.jpg 950w, https:\/\/mdsf.vn\/wp-content\/uploads\/2024\/06\/Danh-sach-cac-mau-cua-ghe-MD-3045-647x400.jpg 647w, https:\/\/mdsf.vn\/wp-content\/uploads\/2024\/06\/Danh-sach-cac-mau-cua-ghe-MD-3045-768x475.jpg 768w, https:\/\/mdsf.vn\/wp-content\/uploads\/2024\/06\/Danh-sach-cac-mau-cua-ghe-MD-3045-650x402.jpg 650w\" sizes=\"(max-width: 950px) 100vw, 950px\" \/><figcaption id=\"caption-attachment-18924\" class=\"wp-caption-text\">MD-3045 chair colors list<\/figcaption><\/figure>\n<h3>Chair specifications<\/h3>\n<ul>\n<li>Product Code: MD-3045<\/li>\n<li>Size: 58 x 50 x 80 x 45 cm<\/li>\n<li>Material: Full PP plastic<\/li>\n<li>Color: Custom Color, White, Yellow, Gray<\/li>\n<\/ul>\n<h4>Production and delivery time.<\/h4>\n<p>For the Vietnamese market, the delivery time will be from 1 to 2 days from the time of order. For larger quantity requirements, the delivery time will be 5 to 7 days. For foreign markets, the production time is from 2 to 3 weeks from the time of order.<\/p>\n<p>Shipping time depends on the customer\u2019s geographical location, we will support paperwork and transportation for the customer quickly and safely.<\/p>\n<p>For project orders, production time depends on quantity and design. Please contact us directly via Hotline \/ WhatsApp \/ Skype \/ Telegram: +84908314939 or +84983986161 for the fastest information.<\/p>\n<p><strong>FEATURED PRODUCTS.<\/strong><\/p>\n<ul>\n<li><span style=\"color: #008080;\"><a style=\"color: #008080;\" href=\"https:\/\/mdsf.vn\/en\/san-pham\/gray-plastic-chairs-plastic-bar-chairs-for-outdoor-spaces\/\">Gray plastic chairs plastic bar chairs for outdoor spaces<\/a><\/span><\/li>\n<li><span style=\"color: #008080;\"><a style=\"color: #008080;\" href=\"https:\/\/mdsf.vn\/en\/san-pham\/round-plastic-chair-outdoor-plastic-relaxation-chair\/\">Round plastic chair outdoor plastic relaxation chair<\/a><\/span><\/li>\n<li><span style=\"color: #008080;\"><a style=\"color: #008080;\" href=\"https:\/\/mdsf.vn\/en\/san-pham\/beautiful-plastic-chairs-outdoor-plastic-chair-with-armrests\/\">Beautiful plastic chairs outdoor plastic chair with armrests<\/a><\/span><\/li>\n<\/ul>\n<div class=\"social-icons share-icons share-row relative\" ><a href=\"whatsapp:\/\/send?text=Plastic%20beach%20chairs%20cheap%20molded%20PP%20plastic%20chairs - https:\/\/mdsf.vn\/en\/san-pham\/plastic-beach-chairs-cheap-molded-pp-plastic-chairs\/\" data-action=\"share\/whatsapp\/share\" class=\"icon primary button round tooltip whatsapp show-for-medium\" title=\"Share on WhatsApp\" aria-label=\"Share on WhatsApp\"><i class=\"icon-whatsapp\" aria-hidden=\"true\"><\/i><\/a><a href=\"https:\/\/www.facebook.com\/sharer.php?u=https:\/\/mdsf.vn\/en\/san-pham\/plastic-beach-chairs-cheap-molded-pp-plastic-chairs\/\" data-label=\"Facebook\" onclick=\"window.open(this.href,this.title,'width=500,height=500,top=300px,left=300px'); return false;\" target=\"_blank\" class=\"icon primary button round tooltip facebook\" title=\"Share on Facebook\" aria-label=\"Share on Facebook\" rel=\"noopener nofollow\"><i class=\"icon-facebook\" aria-hidden=\"true\"><\/i><\/a><a href=\"https:\/\/twitter.com\/share?url=https:\/\/mdsf.vn\/en\/san-pham\/plastic-beach-chairs-cheap-molded-pp-plastic-chairs\/\" onclick=\"window.open(this.href,this.title,'width=500,height=500,top=300px,left=300px'); return false;\" target=\"_blank\" class=\"icon primary button round tooltip twitter\" title=\"Share on Twitter\" aria-label=\"Share on Twitter\" rel=\"noopener nofollow\"><i class=\"icon-twitter\" aria-hidden=\"true\"><\/i><\/a><a href=\"mailto:?subject=Plastic%20beach%20chairs%20cheap%20molded%20PP%20plastic%20chairs&body=Check%20this%20out%3A%20https%3A%2F%2Fmdsf.vn%2Fen%2Fsan-pham%2Fplastic-beach-chairs-cheap-molded-pp-plastic-chairs%2F\" class=\"icon primary button round tooltip email\" title=\"Email to a Friend\" aria-label=\"Email to a Friend\" rel=\"nofollow\"><i class=\"icon-envelop\" aria-hidden=\"true\"><\/i><\/a><a href=\"https:\/\/pinterest.com\/pin\/create\/button?url=https:\/\/mdsf.vn\/en\/san-pham\/plastic-beach-chairs-cheap-molded-pp-plastic-chairs\/&media=https:\/\/mdsf.vn\/wp-content\/uploads\/2024\/06\/Ghe-nhua-bai-bien-ghe-nhua-pp-duc-giao-ngay-01.jpg&description=Plastic%20beach%20chairs%20cheap%20molded%20PP%20plastic%20chairs\" onclick=\"window.open(this.href,this.title,'width=500,height=500,top=300px,left=300px'); return false;\" target=\"_blank\" class=\"icon primary button round tooltip pinterest\" title=\"Pin on Pinterest\" aria-label=\"Pin on Pinterest\" rel=\"noopener nofollow\"><i class=\"icon-pinterest\" aria-hidden=\"true\"><\/i><\/a><a href=\"https:\/\/www.linkedin.com\/shareArticle?mini=true&url=https:\/\/mdsf.vn\/en\/san-pham\/plastic-beach-chairs-cheap-molded-pp-plastic-chairs\/&title=Plastic%20beach%20chairs%20cheap%20molded%20PP%20plastic%20chairs\" onclick=\"window.open(this.href,this.title,'width=500,height=500,top=300px,left=300px'); return false;\" target=\"_blank\" class=\"icon primary button round tooltip linkedin\" title=\"Share on LinkedIn\" aria-label=\"Share on LinkedIn\" rel=\"noopener nofollow\"><i class=\"icon-linkedin\" aria-hidden=\"true\"><\/i><\/a><\/div>\n","protected":false},"excerpt":{"rendered":"<ul>\n<li>Product Code: MD-3045<\/li>\n<li>Size: 58 x 50 x 80 x 45 cm<\/li>\n<li>Material: Full PP plastic<\/li>\n<li>Color: Custom Color, White, Yellow, Gray<\/li>\n<li>Hotline \/ WhatsApp \/ Skype \/ Telegram: <strong><a class=\"text-is-phone-number\">+84908314939 | +84984849785<\/a><\/strong><\/li>\n<\/ul>\n","protected":false},"featured_media":18921,"comment_status":"open","ping_status":"closed","template":"","meta":[],"product_brand":[],"product_cat":[2642],"product_tag":[2662,2661],"class_list":{"0":"post-19157","1":"product","2":"type-product","3":"status-publish","4":"has-post-thumbnail","6":"product_cat-molded-plastic-furniture","7":"product_tag-ghe-nhua-cao-cap-en","8":"product_tag-ghe-nhua-nha-hang-cao-cap-en","10":"first","11":"instock","12":"shipping-taxable","13":"purchasable","14":"product-type-simple"},"yoast_head":"<!-- This site is optimized with the Yoast SEO plugin v27.0 - https:\/\/yoast.com\/product\/yoast-seo-wordpress\/ -->\n<title>Plastic beach chairs cheap molded PP plastic chairs - Minh Duc<\/title>\n<meta name=\"description\" content=\"Plastic beach chairs are the perfect choice for relaxing on the beach, at the pool, or in the garden. Made from high-quality polypropylene (PP), PP plastic beach chairs stand out for their high durability\" \/>\n<meta name=\"robots\" content=\"index, follow, max-snippet:-1, max-image-preview:large, max-video-preview:-1\" \/>\n<link rel=\"canonical\" href=\"https:\/\/mdsf.vn\/en\/san-pham\/plastic-beach-chairs-cheap-molded-pp-plastic-chairs\/\" \/>\n<meta property=\"og:locale\" content=\"en_US\" \/>\n<meta property=\"og:type\" content=\"article\" \/>\n<meta property=\"og:title\" content=\"Plastic beach chairs cheap molded PP plastic chairs - Minh Duc\" \/>\n<meta property=\"og:description\" content=\"Plastic beach chairs are the perfect choice for relaxing on the beach, at the pool, or in the garden. Made from high-quality polypropylene (PP), PP plastic beach chairs stand out for their high durability\" \/>\n<meta property=\"og:url\" content=\"https:\/\/mdsf.vn\/en\/san-pham\/plastic-beach-chairs-cheap-molded-pp-plastic-chairs\/\" \/>\n<meta property=\"og:site_name\" content=\"Minh Duc\" \/>\n<meta property=\"article:publisher\" content=\"https:\/\/www.facebook.com\/shopnoithatvn\/\" \/>\n<meta property=\"article:modified_time\" content=\"2024-10-10T07:46:05+00:00\" \/>\n<meta property=\"og:image\" content=\"https:\/\/mdsf.vn\/wp-content\/uploads\/2024\/06\/Ghe-nhua-bai-bien-ghe-nhua-pp-duc-giao-ngay-01.jpg\" \/>\n\t<meta property=\"og:image:width\" content=\"610\" \/>\n\t<meta property=\"og:image:height\" content=\"610\" \/>\n\t<meta property=\"og:image:type\" content=\"image\/jpeg\" \/>\n<meta name=\"twitter:card\" content=\"summary_large_image\" \/>\n<meta name=\"twitter:label1\" content=\"Est. reading time\" \/>\n\t<meta name=\"twitter:data1\" content=\"2 minutes\" \/>\n<script type=\"application\/ld+json\" class=\"yoast-schema-graph\">{\"@context\":\"https:\/\/schema.org\",\"@graph\":[{\"@type\":\"WebPage\",\"@id\":\"https:\/\/mdsf.vn\/en\/san-pham\/plastic-beach-chairs-cheap-molded-pp-plastic-chairs\/\",\"url\":\"https:\/\/mdsf.vn\/en\/san-pham\/plastic-beach-chairs-cheap-molded-pp-plastic-chairs\/\",\"name\":\"Plastic beach chairs cheap molded PP plastic chairs - Minh Duc\",\"isPartOf\":{\"@id\":\"https:\/\/mdsf.vn\/en\/#website\"},\"primaryImageOfPage\":{\"@id\":\"https:\/\/mdsf.vn\/en\/san-pham\/plastic-beach-chairs-cheap-molded-pp-plastic-chairs\/#primaryimage\"},\"image\":{\"@id\":\"https:\/\/mdsf.vn\/en\/san-pham\/plastic-beach-chairs-cheap-molded-pp-plastic-chairs\/#primaryimage\"},\"thumbnailUrl\":\"https:\/\/mdsf.vn\/wp-content\/uploads\/2024\/06\/Ghe-nhua-bai-bien-ghe-nhua-pp-duc-giao-ngay-01.jpg\",\"datePublished\":\"2024-06-06T10:50:23+00:00\",\"dateModified\":\"2024-10-10T07:46:05+00:00\",\"description\":\"Plastic beach chairs are the perfect choice for relaxing on the beach, at the pool, or in the garden. Made from high-quality polypropylene (PP), PP plastic beach chairs stand out for their high durability\",\"breadcrumb\":{\"@id\":\"https:\/\/mdsf.vn\/en\/san-pham\/plastic-beach-chairs-cheap-molded-pp-plastic-chairs\/#breadcrumb\"},\"inLanguage\":\"en-US\",\"potentialAction\":[{\"@type\":\"ReadAction\",\"target\":[\"https:\/\/mdsf.vn\/en\/san-pham\/plastic-beach-chairs-cheap-molded-pp-plastic-chairs\/\"]}]},{\"@type\":\"ImageObject\",\"inLanguage\":\"en-US\",\"@id\":\"https:\/\/mdsf.vn\/en\/san-pham\/plastic-beach-chairs-cheap-molded-pp-plastic-chairs\/#primaryimage\",\"url\":\"https:\/\/mdsf.vn\/wp-content\/uploads\/2024\/06\/Ghe-nhua-bai-bien-ghe-nhua-pp-duc-giao-ngay-01.jpg\",\"contentUrl\":\"https:\/\/mdsf.vn\/wp-content\/uploads\/2024\/06\/Ghe-nhua-bai-bien-ghe-nhua-pp-duc-giao-ngay-01.jpg\",\"width\":610,\"height\":610,\"caption\":\"Plastic beach chairs cheap molded PP plastic chairs 01\"},{\"@type\":\"BreadcrumbList\",\"@id\":\"https:\/\/mdsf.vn\/en\/san-pham\/plastic-beach-chairs-cheap-molded-pp-plastic-chairs\/#breadcrumb\",\"itemListElement\":[{\"@type\":\"ListItem\",\"position\":1,\"name\":\"Home\",\"item\":\"https:\/\/mdsf.vn\/en\/\"},{\"@type\":\"ListItem\",\"position\":2,\"name\":\"Shop\",\"item\":\"https:\/\/mdsf.vn\/en\/shop\/\"},{\"@type\":\"ListItem\",\"position\":3,\"name\":\"Plastic beach chairs cheap molded PP plastic chairs\"}]},{\"@type\":\"WebSite\",\"@id\":\"https:\/\/mdsf.vn\/en\/#website\",\"url\":\"https:\/\/mdsf.vn\/en\/\",\"name\":\"Minh Duc\",\"description\":\"N\u1ed9i th\u1ea5t c\u00f4ng c\u1ed9ng Minh \u0110\u1ee9c\",\"publisher\":{\"@id\":\"https:\/\/mdsf.vn\/en\/#organization\"},\"potentialAction\":[{\"@type\":\"SearchAction\",\"target\":{\"@type\":\"EntryPoint\",\"urlTemplate\":\"https:\/\/mdsf.vn\/en\/?s={search_term_string}\"},\"query-input\":{\"@type\":\"PropertyValueSpecification\",\"valueRequired\":true,\"valueName\":\"search_term_string\"}}],\"inLanguage\":\"en-US\"},{\"@type\":\"Organization\",\"@id\":\"https:\/\/mdsf.vn\/en\/#organization\",\"name\":\"Minh Duc Public Furniture Co., Ltd\",\"url\":\"https:\/\/mdsf.vn\/en\/\",\"logo\":{\"@type\":\"ImageObject\",\"inLanguage\":\"en-US\",\"@id\":\"https:\/\/mdsf.vn\/en\/#\/schema\/logo\/image\/\",\"url\":\"http:\/\/45.32.103.86\/wp-content\/uploads\/2021\/02\/logo-hoan-thien-noi-that-minh-duc-1.png\",\"contentUrl\":\"http:\/\/45.32.103.86\/wp-content\/uploads\/2021\/02\/logo-hoan-thien-noi-that-minh-duc-1.png\",\"width\":220,\"height\":136,\"caption\":\"Minh Duc Public Furniture Co., Ltd\"},\"image\":{\"@id\":\"https:\/\/mdsf.vn\/en\/#\/schema\/logo\/image\/\"},\"sameAs\":[\"https:\/\/www.facebook.com\/shopnoithatvn\/\",\"https:\/\/www.pinterest.com\/shopnoithatonline\/\"]}]}<\/script>\n<!-- \/ Yoast SEO plugin. -->","yoast_head_json":{"title":"Plastic beach chairs cheap molded PP plastic chairs - Minh Duc","description":"Plastic beach chairs are the perfect choice for relaxing on the beach, at the pool, or in the garden. Made from high-quality polypropylene (PP), PP plastic beach chairs stand out for their high durability","robots":{"index":"index","follow":"follow","max-snippet":"max-snippet:-1","max-image-preview":"max-image-preview:large","max-video-preview":"max-video-preview:-1"},"canonical":"https:\/\/mdsf.vn\/en\/san-pham\/plastic-beach-chairs-cheap-molded-pp-plastic-chairs\/","og_locale":"en_US","og_type":"article","og_title":"Plastic beach chairs cheap molded PP plastic chairs - Minh Duc","og_description":"Plastic beach chairs are the perfect choice for relaxing on the beach, at the pool, or in the garden. Made from high-quality polypropylene (PP), PP plastic beach chairs stand out for their high durability","og_url":"https:\/\/mdsf.vn\/en\/san-pham\/plastic-beach-chairs-cheap-molded-pp-plastic-chairs\/","og_site_name":"Minh Duc","article_publisher":"https:\/\/www.facebook.com\/shopnoithatvn\/","article_modified_time":"2024-10-10T07:46:05+00:00","og_image":[{"width":610,"height":610,"url":"https:\/\/mdsf.vn\/wp-content\/uploads\/2024\/06\/Ghe-nhua-bai-bien-ghe-nhua-pp-duc-giao-ngay-01.jpg","type":"image\/jpeg"}],"twitter_card":"summary_large_image","twitter_misc":{"Est. reading time":"2 minutes"},"schema":{"@context":"https:\/\/schema.org","@graph":[{"@type":"WebPage","@id":"https:\/\/mdsf.vn\/en\/san-pham\/plastic-beach-chairs-cheap-molded-pp-plastic-chairs\/","url":"https:\/\/mdsf.vn\/en\/san-pham\/plastic-beach-chairs-cheap-molded-pp-plastic-chairs\/","name":"Plastic beach chairs cheap molded PP plastic chairs - Minh Duc","isPartOf":{"@id":"https:\/\/mdsf.vn\/en\/#website"},"primaryImageOfPage":{"@id":"https:\/\/mdsf.vn\/en\/san-pham\/plastic-beach-chairs-cheap-molded-pp-plastic-chairs\/#primaryimage"},"image":{"@id":"https:\/\/mdsf.vn\/en\/san-pham\/plastic-beach-chairs-cheap-molded-pp-plastic-chairs\/#primaryimage"},"thumbnailUrl":"https:\/\/mdsf.vn\/wp-content\/uploads\/2024\/06\/Ghe-nhua-bai-bien-ghe-nhua-pp-duc-giao-ngay-01.jpg","datePublished":"2024-06-06T10:50:23+00:00","dateModified":"2024-10-10T07:46:05+00:00","description":"Plastic beach chairs are the perfect choice for relaxing on the beach, at the pool, or in the garden. Made from high-quality polypropylene (PP), PP plastic beach chairs stand out for their high durability","breadcrumb":{"@id":"https:\/\/mdsf.vn\/en\/san-pham\/plastic-beach-chairs-cheap-molded-pp-plastic-chairs\/#breadcrumb"},"inLanguage":"en-US","potentialAction":[{"@type":"ReadAction","target":["https:\/\/mdsf.vn\/en\/san-pham\/plastic-beach-chairs-cheap-molded-pp-plastic-chairs\/"]}]},{"@type":"ImageObject","inLanguage":"en-US","@id":"https:\/\/mdsf.vn\/en\/san-pham\/plastic-beach-chairs-cheap-molded-pp-plastic-chairs\/#primaryimage","url":"https:\/\/mdsf.vn\/wp-content\/uploads\/2024\/06\/Ghe-nhua-bai-bien-ghe-nhua-pp-duc-giao-ngay-01.jpg","contentUrl":"https:\/\/mdsf.vn\/wp-content\/uploads\/2024\/06\/Ghe-nhua-bai-bien-ghe-nhua-pp-duc-giao-ngay-01.jpg","width":610,"height":610,"caption":"Plastic beach chairs cheap molded PP plastic chairs 01"},{"@type":"BreadcrumbList","@id":"https:\/\/mdsf.vn\/en\/san-pham\/plastic-beach-chairs-cheap-molded-pp-plastic-chairs\/#breadcrumb","itemListElement":[{"@type":"ListItem","position":1,"name":"Home","item":"https:\/\/mdsf.vn\/en\/"},{"@type":"ListItem","position":2,"name":"Shop","item":"https:\/\/mdsf.vn\/en\/shop\/"},{"@type":"ListItem","position":3,"name":"Plastic beach chairs cheap molded PP plastic chairs"}]},{"@type":"WebSite","@id":"https:\/\/mdsf.vn\/en\/#website","url":"https:\/\/mdsf.vn\/en\/","name":"Minh Duc","description":"N\u1ed9i th\u1ea5t c\u00f4ng c\u1ed9ng Minh \u0110\u1ee9c","publisher":{"@id":"https:\/\/mdsf.vn\/en\/#organization"},"potentialAction":[{"@type":"SearchAction","target":{"@type":"EntryPoint","urlTemplate":"https:\/\/mdsf.vn\/en\/?s={search_term_string}"},"query-input":{"@type":"PropertyValueSpecification","valueRequired":true,"valueName":"search_term_string"}}],"inLanguage":"en-US"},{"@type":"Organization","@id":"https:\/\/mdsf.vn\/en\/#organization","name":"Minh Duc Public Furniture Co., Ltd","url":"https:\/\/mdsf.vn\/en\/","logo":{"@type":"ImageObject","inLanguage":"en-US","@id":"https:\/\/mdsf.vn\/en\/#\/schema\/logo\/image\/","url":"http:\/\/45.32.103.86\/wp-content\/uploads\/2021\/02\/logo-hoan-thien-noi-that-minh-duc-1.png","contentUrl":"http:\/\/45.32.103.86\/wp-content\/uploads\/2021\/02\/logo-hoan-thien-noi-that-minh-duc-1.png","width":220,"height":136,"caption":"Minh Duc Public Furniture Co., Ltd"},"image":{"@id":"https:\/\/mdsf.vn\/en\/#\/schema\/logo\/image\/"},"sameAs":["https:\/\/www.facebook.com\/shopnoithatvn\/","https:\/\/www.pinterest.com\/shopnoithatonline\/"]}]}},"_links":{"self":[{"href":"https:\/\/mdsf.vn\/en\/wp-json\/wp\/v2\/product\/19157","targetHints":{"allow":["GET"]}}],"collection":[{"href":"https:\/\/mdsf.vn\/en\/wp-json\/wp\/v2\/product"}],"about":[{"href":"https:\/\/mdsf.vn\/en\/wp-json\/wp\/v2\/types\/product"}],"replies":[{"embeddable":true,"href":"https:\/\/mdsf.vn\/en\/wp-json\/wp\/v2\/comments?post=19157"}],"wp:featuredmedia":[{"embeddable":true,"href":"https:\/\/mdsf.vn\/en\/wp-json\/wp\/v2\/media\/18921"}],"wp:attachment":[{"href":"https:\/\/mdsf.vn\/en\/wp-json\/wp\/v2\/media?parent=19157"}],"wp:term":[{"taxonomy":"product_brand","embeddable":true,"href":"https:\/\/mdsf.vn\/en\/wp-json\/wp\/v2\/product_brand?post=19157"},{"taxonomy":"product_cat","embeddable":true,"href":"https:\/\/mdsf.vn\/en\/wp-json\/wp\/v2\/product_cat?post=19157"},{"taxonomy":"product_tag","embeddable":true,"href":"https:\/\/mdsf.vn\/en\/wp-json\/wp\/v2\/product_tag?post=19157"}],"curies":[{"name":"wp","href":"https:\/\/api.w.org\/{rel}","templated":true}]}}