{"id":19155,"date":"2023-10-11T16:27:23","date_gmt":"2023-10-11T09:27:23","guid":{"rendered":"https:\/\/mdsf.vn\/san-pham\/round-plastic-chair-outdoor-plastic-relaxation-chair\/"},"modified":"2024-10-10T11:07:46","modified_gmt":"2024-10-10T04:07:46","slug":"round-plastic-chair-outdoor-plastic-relaxation-chair","status":"publish","type":"product","link":"https:\/\/mdsf.vn\/en\/san-pham\/round-plastic-chair-outdoor-plastic-relaxation-chair\/","title":{"rendered":"Round plastic chair outdoor plastic relaxation chair"},"content":{"rendered":"<h2><span style=\"font-size: 90%;\">Round plastic chair for cafes, restaurants, gardens<\/span><\/h2>\n<p><strong>Round plastic chair<\/strong> is a modern backless chair that is trusted and highly appreciated by many customers for its simplicity but luxury. The product is made from high-quality PP plastic, molded in one piece with high density of plastic particles, making the chair sturdy and resistant to impact. The flat chair legs with many ground contact points help the chair stand stably. Each chair leg is integrated with a long rubber strip to prevent noise and slip with high safety.<\/p>\n<p>This chair is used for many different purposes from indoors to outdoors. The chair is suitable for many different spaces, especially suitable for spaces that require youthfulness and personality such as tea rooms, eateries, restaurants, cafes, etc.<\/p>\n<figure id=\"attachment_18299\" aria-describedby=\"caption-attachment-18299\" style=\"width: 800px\" class=\"wp-caption aligncenter\"><img decoding=\"async\" class=\"wp-image-18299 size-full\" src=\"https:\/\/mdsf.vn\/wp-content\/uploads\/2023\/10\/Danh-sach-cac-mau-cua-ghe-MD-1070.jpg\" alt=\"Danh s\u00e1ch c\u00e1c m\u00e0u c\u1ee7a gh\u1ebf MD-1070\" width=\"800\" height=\"386\" srcset=\"https:\/\/mdsf.vn\/wp-content\/uploads\/2023\/10\/Danh-sach-cac-mau-cua-ghe-MD-1070.jpg 800w, https:\/\/mdsf.vn\/wp-content\/uploads\/2023\/10\/Danh-sach-cac-mau-cua-ghe-MD-1070-768x371.jpg 768w, https:\/\/mdsf.vn\/wp-content\/uploads\/2023\/10\/Danh-sach-cac-mau-cua-ghe-MD-1070-650x314.jpg 650w\" sizes=\"(max-width: 800px) 100vw, 800px\" \/><figcaption id=\"caption-attachment-18299\" class=\"wp-caption-text\">MD-1070 chair with variety of colors.<\/figcaption><\/figure>\n<h3>MD-1070 chair specifications<\/h3>\n<ul>\n<li>Chair code: MD-1070<\/li>\n<li>Size: 28 x 46 cm<\/li>\n<li>Material: Full PP plastic<\/li>\n<li>Color: White, black, blue, gray<\/li>\n<\/ul>\n<h4>Production and delivery time.<\/h4>\n<p>For the Vietnamese market, the delivery time will be from 1 to 2 days from the time of order. For larger quantity requirements, the delivery time will be 5 to 7 days. For foreign markets, the production time is from 2 to 3 weeks from the time of order.<\/p>\n<p>Shipping time depends on the customer\u2019s geographical location, we will support paperwork and transportation for the customer quickly and safely.<\/p>\n<p>For project orders, production time depends on quantity and design. Please contact us directly via hotline, WhatsApp, Skype: +84908314939 or +84983986161 for the fastest information.<\/p>\n<h4>FEATURED PRODUCTS.<\/h4>\n<ul>\n<li><span style=\"color: #008080;\"><a style=\"color: #008080;\" href=\"https:\/\/mdsf.vn\/en\/san-pham\/plastic-chair-with-iron-legs-dining-room-chairs\/\">Plastic chair with iron legs dining room chairs<\/a><\/span><\/li>\n<li><span style=\"color: #008080;\"><a style=\"color: #008080;\" href=\"https:\/\/mdsf.vn\/en\/san-pham\/white-plastic-chairs-white-molded-pp-plastic-chairs\/\">White plastic chairs white molded PP plastic chairs<\/a><\/span><\/li>\n<li><span style=\"color: #008080;\"><a style=\"color: #008080;\" href=\"https:\/\/mdsf.vn\/en\/san-pham\/plastic-canteen-chairs-canteen-tables-chairs-high-quality-plastic-chairs\/\">Plastic canteen chairs canteen tables chairs high quality plastic chairs<\/a><\/span><\/li>\n<\/ul>\n<div class=\"social-icons share-icons share-row relative\" ><a href=\"whatsapp:\/\/send?text=Round%20plastic%20chair%20outdoor%20plastic%20relaxation%20chair - https:\/\/mdsf.vn\/en\/san-pham\/round-plastic-chair-outdoor-plastic-relaxation-chair\/\" data-action=\"share\/whatsapp\/share\" class=\"icon primary button round tooltip whatsapp show-for-medium\" title=\"Share on WhatsApp\" aria-label=\"Share on WhatsApp\"><i class=\"icon-whatsapp\" aria-hidden=\"true\"><\/i><\/a><a href=\"https:\/\/www.facebook.com\/sharer.php?u=https:\/\/mdsf.vn\/en\/san-pham\/round-plastic-chair-outdoor-plastic-relaxation-chair\/\" data-label=\"Facebook\" onclick=\"window.open(this.href,this.title,'width=500,height=500,top=300px,left=300px'); return false;\" target=\"_blank\" class=\"icon primary button round tooltip facebook\" title=\"Share on Facebook\" aria-label=\"Share on Facebook\" rel=\"noopener nofollow\"><i class=\"icon-facebook\" aria-hidden=\"true\"><\/i><\/a><a href=\"https:\/\/twitter.com\/share?url=https:\/\/mdsf.vn\/en\/san-pham\/round-plastic-chair-outdoor-plastic-relaxation-chair\/\" onclick=\"window.open(this.href,this.title,'width=500,height=500,top=300px,left=300px'); return false;\" target=\"_blank\" class=\"icon primary button round tooltip twitter\" title=\"Share on Twitter\" aria-label=\"Share on Twitter\" rel=\"noopener nofollow\"><i class=\"icon-twitter\" aria-hidden=\"true\"><\/i><\/a><a href=\"mailto:?subject=Round%20plastic%20chair%20outdoor%20plastic%20relaxation%20chair&body=Check%20this%20out%3A%20https%3A%2F%2Fmdsf.vn%2Fen%2Fsan-pham%2Fround-plastic-chair-outdoor-plastic-relaxation-chair%2F\" class=\"icon primary button round tooltip email\" title=\"Email to a Friend\" aria-label=\"Email to a Friend\" rel=\"nofollow\"><i class=\"icon-envelop\" aria-hidden=\"true\"><\/i><\/a><a href=\"https:\/\/pinterest.com\/pin\/create\/button?url=https:\/\/mdsf.vn\/en\/san-pham\/round-plastic-chair-outdoor-plastic-relaxation-chair\/&media=https:\/\/mdsf.vn\/wp-content\/uploads\/2023\/10\/Ghe-nhua-tron-stool-dung.jpg&description=Round%20plastic%20chair%20outdoor%20plastic%20relaxation%20chair\" onclick=\"window.open(this.href,this.title,'width=500,height=500,top=300px,left=300px'); return false;\" target=\"_blank\" class=\"icon primary button round tooltip pinterest\" title=\"Pin on Pinterest\" aria-label=\"Pin on Pinterest\" rel=\"noopener nofollow\"><i class=\"icon-pinterest\" aria-hidden=\"true\"><\/i><\/a><a href=\"https:\/\/www.linkedin.com\/shareArticle?mini=true&url=https:\/\/mdsf.vn\/en\/san-pham\/round-plastic-chair-outdoor-plastic-relaxation-chair\/&title=Round%20plastic%20chair%20outdoor%20plastic%20relaxation%20chair\" onclick=\"window.open(this.href,this.title,'width=500,height=500,top=300px,left=300px'); return false;\" target=\"_blank\" class=\"icon primary button round tooltip linkedin\" title=\"Share on LinkedIn\" aria-label=\"Share on LinkedIn\" rel=\"noopener nofollow\"><i class=\"icon-linkedin\" aria-hidden=\"true\"><\/i><\/a><\/div>\n","protected":false},"excerpt":{"rendered":"<ul>\n<li>Chair code: MD-1070<\/li>\n<li>Size: 28 x 46 cm<\/li>\n<li>Material: Full PP plastic<\/li>\n<li>Color: White, black, blue, gray<\/li>\n<li>Price for project: Contact for more information<\/li>\n<li>Hotline, WhatsApp, Skype: <strong>+84908314939<\/strong> or <strong>+84983986161<\/strong><\/li>\n<\/ul>\n","protected":false},"featured_media":18329,"comment_status":"open","ping_status":"closed","template":"","meta":[],"product_brand":[],"product_cat":[2642],"product_tag":[2647,2646],"class_list":{"0":"post-19155","1":"product","2":"type-product","3":"status-publish","4":"has-post-thumbnail","6":"product_cat-molded-plastic-furniture","7":"product_tag-outdoor-plastic-coffee-chairs","8":"product_tag-plastic-balcony-chairs","10":"first","11":"instock","12":"shipping-taxable","13":"purchasable","14":"product-type-simple"},"yoast_head":"<!-- This site is optimized with the Yoast SEO plugin v27.0 - https:\/\/yoast.com\/product\/yoast-seo-wordpress\/ -->\n<title>Round plastic chair outdoor plastic relaxation chair - Minh Duc<\/title>\n<meta name=\"description\" content=\"Round plastic chair is a modern backless chair that is trusted and highly appreciated by many customers for its simplicity but luxury.\" \/>\n<meta name=\"robots\" content=\"index, follow, max-snippet:-1, max-image-preview:large, max-video-preview:-1\" \/>\n<link rel=\"canonical\" href=\"https:\/\/mdsf.vn\/en\/san-pham\/round-plastic-chair-outdoor-plastic-relaxation-chair\/\" \/>\n<meta property=\"og:locale\" content=\"en_US\" \/>\n<meta property=\"og:type\" content=\"article\" \/>\n<meta property=\"og:title\" content=\"Round plastic chair outdoor plastic relaxation chair - Minh Duc\" \/>\n<meta property=\"og:description\" content=\"Round plastic chair is a modern backless chair that is trusted and highly appreciated by many customers for its simplicity but luxury.\" \/>\n<meta property=\"og:url\" content=\"https:\/\/mdsf.vn\/en\/san-pham\/round-plastic-chair-outdoor-plastic-relaxation-chair\/\" \/>\n<meta property=\"og:site_name\" content=\"Minh Duc\" \/>\n<meta property=\"article:publisher\" content=\"https:\/\/www.facebook.com\/shopnoithatvn\/\" \/>\n<meta property=\"article:modified_time\" content=\"2024-10-10T04:07:46+00:00\" \/>\n<meta property=\"og:image\" content=\"https:\/\/mdsf.vn\/wp-content\/uploads\/2023\/10\/Ghe-nhua-tron-stool-dung.jpg\" \/>\n\t<meta property=\"og:image:width\" content=\"700\" \/>\n\t<meta property=\"og:image:height\" content=\"700\" \/>\n\t<meta property=\"og:image:type\" content=\"image\/jpeg\" \/>\n<meta name=\"twitter:card\" content=\"summary_large_image\" \/>\n<meta name=\"twitter:label1\" content=\"Est. reading time\" \/>\n\t<meta name=\"twitter:data1\" content=\"1 minute\" \/>\n<script type=\"application\/ld+json\" class=\"yoast-schema-graph\">{\"@context\":\"https:\/\/schema.org\",\"@graph\":[{\"@type\":\"WebPage\",\"@id\":\"https:\/\/mdsf.vn\/en\/san-pham\/round-plastic-chair-outdoor-plastic-relaxation-chair\/\",\"url\":\"https:\/\/mdsf.vn\/en\/san-pham\/round-plastic-chair-outdoor-plastic-relaxation-chair\/\",\"name\":\"Round plastic chair outdoor plastic relaxation chair - Minh Duc\",\"isPartOf\":{\"@id\":\"https:\/\/mdsf.vn\/en\/#website\"},\"primaryImageOfPage\":{\"@id\":\"https:\/\/mdsf.vn\/en\/san-pham\/round-plastic-chair-outdoor-plastic-relaxation-chair\/#primaryimage\"},\"image\":{\"@id\":\"https:\/\/mdsf.vn\/en\/san-pham\/round-plastic-chair-outdoor-plastic-relaxation-chair\/#primaryimage\"},\"thumbnailUrl\":\"https:\/\/mdsf.vn\/wp-content\/uploads\/2023\/10\/Ghe-nhua-tron-stool-dung.jpg\",\"datePublished\":\"2023-10-11T09:27:23+00:00\",\"dateModified\":\"2024-10-10T04:07:46+00:00\",\"description\":\"Round plastic chair is a modern backless chair that is trusted and highly appreciated by many customers for its simplicity but luxury.\",\"breadcrumb\":{\"@id\":\"https:\/\/mdsf.vn\/en\/san-pham\/round-plastic-chair-outdoor-plastic-relaxation-chair\/#breadcrumb\"},\"inLanguage\":\"en-US\",\"potentialAction\":[{\"@type\":\"ReadAction\",\"target\":[\"https:\/\/mdsf.vn\/en\/san-pham\/round-plastic-chair-outdoor-plastic-relaxation-chair\/\"]}]},{\"@type\":\"ImageObject\",\"inLanguage\":\"en-US\",\"@id\":\"https:\/\/mdsf.vn\/en\/san-pham\/round-plastic-chair-outdoor-plastic-relaxation-chair\/#primaryimage\",\"url\":\"https:\/\/mdsf.vn\/wp-content\/uploads\/2023\/10\/Ghe-nhua-tron-stool-dung.jpg\",\"contentUrl\":\"https:\/\/mdsf.vn\/wp-content\/uploads\/2023\/10\/Ghe-nhua-tron-stool-dung.jpg\",\"width\":700,\"height\":700,\"caption\":\"Round plastic chair\"},{\"@type\":\"BreadcrumbList\",\"@id\":\"https:\/\/mdsf.vn\/en\/san-pham\/round-plastic-chair-outdoor-plastic-relaxation-chair\/#breadcrumb\",\"itemListElement\":[{\"@type\":\"ListItem\",\"position\":1,\"name\":\"Home\",\"item\":\"https:\/\/mdsf.vn\/en\/\"},{\"@type\":\"ListItem\",\"position\":2,\"name\":\"Shop\",\"item\":\"https:\/\/mdsf.vn\/en\/shop\/\"},{\"@type\":\"ListItem\",\"position\":3,\"name\":\"Round plastic chair outdoor plastic relaxation chair\"}]},{\"@type\":\"WebSite\",\"@id\":\"https:\/\/mdsf.vn\/en\/#website\",\"url\":\"https:\/\/mdsf.vn\/en\/\",\"name\":\"Minh Duc\",\"description\":\"N\u1ed9i th\u1ea5t c\u00f4ng c\u1ed9ng Minh \u0110\u1ee9c\",\"publisher\":{\"@id\":\"https:\/\/mdsf.vn\/en\/#organization\"},\"potentialAction\":[{\"@type\":\"SearchAction\",\"target\":{\"@type\":\"EntryPoint\",\"urlTemplate\":\"https:\/\/mdsf.vn\/en\/?s={search_term_string}\"},\"query-input\":{\"@type\":\"PropertyValueSpecification\",\"valueRequired\":true,\"valueName\":\"search_term_string\"}}],\"inLanguage\":\"en-US\"},{\"@type\":\"Organization\",\"@id\":\"https:\/\/mdsf.vn\/en\/#organization\",\"name\":\"Minh Duc Public Furniture Co., Ltd\",\"url\":\"https:\/\/mdsf.vn\/en\/\",\"logo\":{\"@type\":\"ImageObject\",\"inLanguage\":\"en-US\",\"@id\":\"https:\/\/mdsf.vn\/en\/#\/schema\/logo\/image\/\",\"url\":\"http:\/\/45.32.103.86\/wp-content\/uploads\/2021\/02\/logo-hoan-thien-noi-that-minh-duc-1.png\",\"contentUrl\":\"http:\/\/45.32.103.86\/wp-content\/uploads\/2021\/02\/logo-hoan-thien-noi-that-minh-duc-1.png\",\"width\":220,\"height\":136,\"caption\":\"Minh Duc Public Furniture Co., Ltd\"},\"image\":{\"@id\":\"https:\/\/mdsf.vn\/en\/#\/schema\/logo\/image\/\"},\"sameAs\":[\"https:\/\/www.facebook.com\/shopnoithatvn\/\",\"https:\/\/www.pinterest.com\/shopnoithatonline\/\"]}]}<\/script>\n<!-- \/ Yoast SEO plugin. -->","yoast_head_json":{"title":"Round plastic chair outdoor plastic relaxation chair - Minh Duc","description":"Round plastic chair is a modern backless chair that is trusted and highly appreciated by many customers for its simplicity but luxury.","robots":{"index":"index","follow":"follow","max-snippet":"max-snippet:-1","max-image-preview":"max-image-preview:large","max-video-preview":"max-video-preview:-1"},"canonical":"https:\/\/mdsf.vn\/en\/san-pham\/round-plastic-chair-outdoor-plastic-relaxation-chair\/","og_locale":"en_US","og_type":"article","og_title":"Round plastic chair outdoor plastic relaxation chair - Minh Duc","og_description":"Round plastic chair is a modern backless chair that is trusted and highly appreciated by many customers for its simplicity but luxury.","og_url":"https:\/\/mdsf.vn\/en\/san-pham\/round-plastic-chair-outdoor-plastic-relaxation-chair\/","og_site_name":"Minh Duc","article_publisher":"https:\/\/www.facebook.com\/shopnoithatvn\/","article_modified_time":"2024-10-10T04:07:46+00:00","og_image":[{"width":700,"height":700,"url":"https:\/\/mdsf.vn\/wp-content\/uploads\/2023\/10\/Ghe-nhua-tron-stool-dung.jpg","type":"image\/jpeg"}],"twitter_card":"summary_large_image","twitter_misc":{"Est. reading time":"1 minute"},"schema":{"@context":"https:\/\/schema.org","@graph":[{"@type":"WebPage","@id":"https:\/\/mdsf.vn\/en\/san-pham\/round-plastic-chair-outdoor-plastic-relaxation-chair\/","url":"https:\/\/mdsf.vn\/en\/san-pham\/round-plastic-chair-outdoor-plastic-relaxation-chair\/","name":"Round plastic chair outdoor plastic relaxation chair - Minh Duc","isPartOf":{"@id":"https:\/\/mdsf.vn\/en\/#website"},"primaryImageOfPage":{"@id":"https:\/\/mdsf.vn\/en\/san-pham\/round-plastic-chair-outdoor-plastic-relaxation-chair\/#primaryimage"},"image":{"@id":"https:\/\/mdsf.vn\/en\/san-pham\/round-plastic-chair-outdoor-plastic-relaxation-chair\/#primaryimage"},"thumbnailUrl":"https:\/\/mdsf.vn\/wp-content\/uploads\/2023\/10\/Ghe-nhua-tron-stool-dung.jpg","datePublished":"2023-10-11T09:27:23+00:00","dateModified":"2024-10-10T04:07:46+00:00","description":"Round plastic chair is a modern backless chair that is trusted and highly appreciated by many customers for its simplicity but luxury.","breadcrumb":{"@id":"https:\/\/mdsf.vn\/en\/san-pham\/round-plastic-chair-outdoor-plastic-relaxation-chair\/#breadcrumb"},"inLanguage":"en-US","potentialAction":[{"@type":"ReadAction","target":["https:\/\/mdsf.vn\/en\/san-pham\/round-plastic-chair-outdoor-plastic-relaxation-chair\/"]}]},{"@type":"ImageObject","inLanguage":"en-US","@id":"https:\/\/mdsf.vn\/en\/san-pham\/round-plastic-chair-outdoor-plastic-relaxation-chair\/#primaryimage","url":"https:\/\/mdsf.vn\/wp-content\/uploads\/2023\/10\/Ghe-nhua-tron-stool-dung.jpg","contentUrl":"https:\/\/mdsf.vn\/wp-content\/uploads\/2023\/10\/Ghe-nhua-tron-stool-dung.jpg","width":700,"height":700,"caption":"Round plastic chair"},{"@type":"BreadcrumbList","@id":"https:\/\/mdsf.vn\/en\/san-pham\/round-plastic-chair-outdoor-plastic-relaxation-chair\/#breadcrumb","itemListElement":[{"@type":"ListItem","position":1,"name":"Home","item":"https:\/\/mdsf.vn\/en\/"},{"@type":"ListItem","position":2,"name":"Shop","item":"https:\/\/mdsf.vn\/en\/shop\/"},{"@type":"ListItem","position":3,"name":"Round plastic chair outdoor plastic relaxation chair"}]},{"@type":"WebSite","@id":"https:\/\/mdsf.vn\/en\/#website","url":"https:\/\/mdsf.vn\/en\/","name":"Minh Duc","description":"N\u1ed9i th\u1ea5t c\u00f4ng c\u1ed9ng Minh \u0110\u1ee9c","publisher":{"@id":"https:\/\/mdsf.vn\/en\/#organization"},"potentialAction":[{"@type":"SearchAction","target":{"@type":"EntryPoint","urlTemplate":"https:\/\/mdsf.vn\/en\/?s={search_term_string}"},"query-input":{"@type":"PropertyValueSpecification","valueRequired":true,"valueName":"search_term_string"}}],"inLanguage":"en-US"},{"@type":"Organization","@id":"https:\/\/mdsf.vn\/en\/#organization","name":"Minh Duc Public Furniture Co., Ltd","url":"https:\/\/mdsf.vn\/en\/","logo":{"@type":"ImageObject","inLanguage":"en-US","@id":"https:\/\/mdsf.vn\/en\/#\/schema\/logo\/image\/","url":"http:\/\/45.32.103.86\/wp-content\/uploads\/2021\/02\/logo-hoan-thien-noi-that-minh-duc-1.png","contentUrl":"http:\/\/45.32.103.86\/wp-content\/uploads\/2021\/02\/logo-hoan-thien-noi-that-minh-duc-1.png","width":220,"height":136,"caption":"Minh Duc Public Furniture Co., Ltd"},"image":{"@id":"https:\/\/mdsf.vn\/en\/#\/schema\/logo\/image\/"},"sameAs":["https:\/\/www.facebook.com\/shopnoithatvn\/","https:\/\/www.pinterest.com\/shopnoithatonline\/"]}]}},"_links":{"self":[{"href":"https:\/\/mdsf.vn\/en\/wp-json\/wp\/v2\/product\/19155","targetHints":{"allow":["GET"]}}],"collection":[{"href":"https:\/\/mdsf.vn\/en\/wp-json\/wp\/v2\/product"}],"about":[{"href":"https:\/\/mdsf.vn\/en\/wp-json\/wp\/v2\/types\/product"}],"replies":[{"embeddable":true,"href":"https:\/\/mdsf.vn\/en\/wp-json\/wp\/v2\/comments?post=19155"}],"wp:featuredmedia":[{"embeddable":true,"href":"https:\/\/mdsf.vn\/en\/wp-json\/wp\/v2\/media\/18329"}],"wp:attachment":[{"href":"https:\/\/mdsf.vn\/en\/wp-json\/wp\/v2\/media?parent=19155"}],"wp:term":[{"taxonomy":"product_brand","embeddable":true,"href":"https:\/\/mdsf.vn\/en\/wp-json\/wp\/v2\/product_brand?post=19155"},{"taxonomy":"product_cat","embeddable":true,"href":"https:\/\/mdsf.vn\/en\/wp-json\/wp\/v2\/product_cat?post=19155"},{"taxonomy":"product_tag","embeddable":true,"href":"https:\/\/mdsf.vn\/en\/wp-json\/wp\/v2\/product_tag?post=19155"}],"curies":[{"name":"wp","href":"https:\/\/api.w.org\/{rel}","templated":true}]}}