{"id":19143,"date":"2023-10-11T09:28:12","date_gmt":"2023-10-11T02:28:12","guid":{"rendered":"https:\/\/mdsf.vn\/san-pham\/gray-plastic-chairs-plastic-bar-chairs-for-outdoor-spaces\/"},"modified":"2024-10-08T17:31:29","modified_gmt":"2024-10-08T10:31:29","slug":"gray-plastic-chairs-plastic-bar-chairs-for-outdoor-spaces","status":"publish","type":"product","link":"https:\/\/mdsf.vn\/en\/san-pham\/gray-plastic-chairs-plastic-bar-chairs-for-outdoor-spaces\/","title":{"rendered":"Gray plastic chairs plastic bar chairs for outdoor spaces"},"content":{"rendered":"<h2>Gray plastic chairs plastic bar chairs for outdoor spaces<\/h2>\n<p><strong>Gray plastic chairs<\/strong> is made of high-quality PP plastic, ensuring durability and long life. PP plastic material provides abrasion resistance and weather resistance, allowing you to use the chair indoors and outdoors without worrying about performance. This product is the high-legged version of the MD-3029A chair.<\/p>\n<p data-sourcepos=\"5:1-5:210\">Plastic chair MD-3029 is a great product for cafes, restaurants, bars and other entertainment spaces. The chair has a modern, luxurious, durable design and is suitable for many different decoration styles.<\/p>\n<p data-sourcepos=\"7:1-7:45\"><strong>Below are some advantages of plastic chair MD-3029:<\/strong><\/p>\n<ul data-sourcepos=\"9:1-13:0\">\n<li data-sourcepos=\"9:1-9:31\">Modern, luxurious design<\/li>\n<li data-sourcepos=\"9:1-9:31\">High-quality, durable PP plastic material<\/li>\n<li data-sourcepos=\"9:1-9:31\">Various colors and sizes<\/li>\n<li data-sourcepos=\"9:1-9:31\">Reasonable price<\/li>\n<\/ul>\n<figure id=\"attachment_18305\" aria-describedby=\"caption-attachment-18305\" style=\"width: 800px\" class=\"wp-caption aligncenter\"><img decoding=\"async\" class=\"wp-image-18305 size-full\" src=\"https:\/\/mdsf.vn\/wp-content\/uploads\/2023\/10\/Ghe-nhua-quay-bar-voi-cac-mau-khac-nhau.jpg\" alt=\"Gh\u1ebf nh\u1ef1a qu\u1ea7y bar v\u1edbi c\u00e1c m\u00e0u kh\u00e1c nhau\" width=\"800\" height=\"609\" srcset=\"https:\/\/mdsf.vn\/wp-content\/uploads\/2023\/10\/Ghe-nhua-quay-bar-voi-cac-mau-khac-nhau.jpg 800w, https:\/\/mdsf.vn\/wp-content\/uploads\/2023\/10\/Ghe-nhua-quay-bar-voi-cac-mau-khac-nhau-525x400.jpg 525w, https:\/\/mdsf.vn\/wp-content\/uploads\/2023\/10\/Ghe-nhua-quay-bar-voi-cac-mau-khac-nhau-768x585.jpg 768w, https:\/\/mdsf.vn\/wp-content\/uploads\/2023\/10\/Ghe-nhua-quay-bar-voi-cac-mau-khac-nhau-650x495.jpg 650w\" sizes=\"(max-width: 800px) 100vw, 800px\" \/><figcaption id=\"caption-attachment-18305\" class=\"wp-caption-text\">Plastic bar stools with different colors<\/figcaption><\/figure>\n<h3><span style=\"font-size: 100%;\">MD-3029 chair specifications.<\/span><\/h3>\n<ul>\n<li>Chair code: MD-3029<\/li>\n<li>Size: 33 x 39 x 75cm<\/li>\n<li>Material: Full PP plastic<\/li>\n<li>Color: Black, white, gray<\/li>\n<\/ul>\n<h4>Production and delivery time.<\/h4>\n<p>For the Vietnamese market, the delivery time will be from 1 to 2 days from the time of order. For larger quantity requirements, the delivery time will be 5 to 7 days. For foreign markets, the production time is from 2 to 3 weeks from the time of order.<\/p>\n<p>Shipping time depends on the customer\u2019s geographical location, we will support paperwork and transportation for the customer quickly and safely.<\/p>\n<p>For project orders, production time depends on quantity and design. Please contact us directly via hotline \/ WhatsApp \/ Skype \/ Telegram: +84908314939 or +84983986161 for more information.<\/p>\n<h4>FEATURED PRODUCTS.<\/h4>\n<ul>\n<li><span style=\"color: #008080;\"><a style=\"color: #008080;\" href=\"https:\/\/mdsf.vn\/en\/san-pham\/eames-plastic-chair-white-eames-plastic-chair\/\">Eames plastic chair white eames plastic chair<\/a><\/span><\/li>\n<li><span style=\"color: #008080;\"><a style=\"color: #008080;\" href=\"https:\/\/mdsf.vn\/en\/san-pham\/plastic-cafe-chairs-steel-legs-dining-chairs\/\">Plastic cafe chairs steel legs dining chairs<\/a><\/span><\/li>\n<li><span style=\"color: #008080;\"><a style=\"color: #008080;\" href=\"https:\/\/mdsf.vn\/en\/san-pham\/american-floor-carpet-5t323-commons-tile-shaw-contract\/\">American Floor Carpet 5T323 \u2013 Commons Tile \u2013 Shaw Contract<\/a><\/span><\/li>\n<\/ul>\n<div class=\"social-icons share-icons share-row relative\" ><a href=\"whatsapp:\/\/send?text=Gray%20plastic%20chairs%20plastic%20bar%20chairs%20for%20outdoor%20spaces - https:\/\/mdsf.vn\/en\/san-pham\/gray-plastic-chairs-plastic-bar-chairs-for-outdoor-spaces\/\" data-action=\"share\/whatsapp\/share\" class=\"icon primary button round tooltip whatsapp show-for-medium\" title=\"Share on WhatsApp\" aria-label=\"Share on WhatsApp\"><i class=\"icon-whatsapp\" aria-hidden=\"true\"><\/i><\/a><a href=\"https:\/\/www.facebook.com\/sharer.php?u=https:\/\/mdsf.vn\/en\/san-pham\/gray-plastic-chairs-plastic-bar-chairs-for-outdoor-spaces\/\" data-label=\"Facebook\" onclick=\"window.open(this.href,this.title,'width=500,height=500,top=300px,left=300px'); return false;\" target=\"_blank\" class=\"icon primary button round tooltip facebook\" title=\"Share on Facebook\" aria-label=\"Share on Facebook\" rel=\"noopener nofollow\"><i class=\"icon-facebook\" aria-hidden=\"true\"><\/i><\/a><a href=\"https:\/\/twitter.com\/share?url=https:\/\/mdsf.vn\/en\/san-pham\/gray-plastic-chairs-plastic-bar-chairs-for-outdoor-spaces\/\" onclick=\"window.open(this.href,this.title,'width=500,height=500,top=300px,left=300px'); return false;\" target=\"_blank\" class=\"icon primary button round tooltip twitter\" title=\"Share on Twitter\" aria-label=\"Share on Twitter\" rel=\"noopener nofollow\"><i class=\"icon-twitter\" aria-hidden=\"true\"><\/i><\/a><a href=\"mailto:?subject=Gray%20plastic%20chairs%20plastic%20bar%20chairs%20for%20outdoor%20spaces&body=Check%20this%20out%3A%20https%3A%2F%2Fmdsf.vn%2Fen%2Fsan-pham%2Fgray-plastic-chairs-plastic-bar-chairs-for-outdoor-spaces%2F\" class=\"icon primary button round tooltip email\" title=\"Email to a Friend\" aria-label=\"Email to a Friend\" rel=\"nofollow\"><i class=\"icon-envelop\" aria-hidden=\"true\"><\/i><\/a><a href=\"https:\/\/pinterest.com\/pin\/create\/button?url=https:\/\/mdsf.vn\/en\/san-pham\/gray-plastic-chairs-plastic-bar-chairs-for-outdoor-spaces\/&media=https:\/\/mdsf.vn\/wp-content\/uploads\/2023\/10\/Ghe-nhua-mau-xam-chan-cao.jpg&description=Gray%20plastic%20chairs%20plastic%20bar%20chairs%20for%20outdoor%20spaces\" onclick=\"window.open(this.href,this.title,'width=500,height=500,top=300px,left=300px'); return false;\" target=\"_blank\" class=\"icon primary button round tooltip pinterest\" title=\"Pin on Pinterest\" aria-label=\"Pin on Pinterest\" rel=\"noopener nofollow\"><i class=\"icon-pinterest\" aria-hidden=\"true\"><\/i><\/a><a href=\"https:\/\/www.linkedin.com\/shareArticle?mini=true&url=https:\/\/mdsf.vn\/en\/san-pham\/gray-plastic-chairs-plastic-bar-chairs-for-outdoor-spaces\/&title=Gray%20plastic%20chairs%20plastic%20bar%20chairs%20for%20outdoor%20spaces\" onclick=\"window.open(this.href,this.title,'width=500,height=500,top=300px,left=300px'); return false;\" target=\"_blank\" class=\"icon primary button round tooltip linkedin\" title=\"Share on LinkedIn\" aria-label=\"Share on LinkedIn\" rel=\"noopener nofollow\"><i class=\"icon-linkedin\" aria-hidden=\"true\"><\/i><\/a><\/div>\n","protected":false},"excerpt":{"rendered":"<ul>\n<li>Chair code: MD-3029<\/li>\n<li>Size: 33 x 39 x 75cm<\/li>\n<li>Material: Full PP plastic<\/li>\n<li>Color: Black, white, gray,&#8230;<\/li>\n<li>Price for project: Contact for more information<\/li>\n<li>Hotline \/ WhatsApp \/ Skype \/ Telegram: <strong><a class=\"text-is-phone-number\">+84 908 314 939 | +84 984 849 785<\/a><\/strong><\/li>\n<\/ul>\n","protected":false},"featured_media":18311,"comment_status":"open","ping_status":"closed","template":"","meta":[],"product_brand":[],"product_cat":[2642],"product_tag":[2655,2656],"class_list":{"0":"post-19143","1":"product","2":"type-product","3":"status-publish","4":"has-post-thumbnail","6":"product_cat-molded-plastic-furniture","7":"product_tag-ghe-nhua-mau-xam-en","8":"product_tag-ghe-nhua-quay-bar-en","10":"first","11":"instock","12":"shipping-taxable","13":"purchasable","14":"product-type-simple"},"yoast_head":"<!-- This site is optimized with the Yoast SEO plugin v27.4 - https:\/\/yoast.com\/product\/yoast-seo-wordpress\/ -->\n<title>Gray plastic chairs plastic bar chairs for outdoor spaces - Minh Duc<\/title>\n<meta name=\"description\" content=\"Gray plastic chairs is made of high-quality PP plastic, ensuring durability and long life. PP plastic material provides abrasion resistance and weather resistance\" \/>\n<meta name=\"robots\" content=\"index, follow, max-snippet:-1, max-image-preview:large, max-video-preview:-1\" \/>\n<link rel=\"canonical\" href=\"https:\/\/mdsf.vn\/en\/san-pham\/gray-plastic-chairs-plastic-bar-chairs-for-outdoor-spaces\/\" \/>\n<meta property=\"og:locale\" content=\"en_US\" \/>\n<meta property=\"og:type\" content=\"article\" \/>\n<meta property=\"og:title\" content=\"Gray plastic chairs plastic bar chairs for outdoor spaces - Minh Duc\" \/>\n<meta property=\"og:description\" content=\"Gray plastic chairs is made of high-quality PP plastic, ensuring durability and long life. PP plastic material provides abrasion resistance and weather resistance\" \/>\n<meta property=\"og:url\" content=\"https:\/\/mdsf.vn\/en\/san-pham\/gray-plastic-chairs-plastic-bar-chairs-for-outdoor-spaces\/\" \/>\n<meta property=\"og:site_name\" content=\"Minh Duc\" \/>\n<meta property=\"article:publisher\" content=\"https:\/\/www.facebook.com\/shopnoithatvn\/\" \/>\n<meta property=\"article:modified_time\" content=\"2024-10-08T10:31:29+00:00\" \/>\n<meta property=\"og:image\" content=\"https:\/\/mdsf.vn\/wp-content\/uploads\/2023\/10\/Ghe-nhua-mau-xam-chan-cao.jpg\" \/>\n\t<meta property=\"og:image:width\" content=\"750\" \/>\n\t<meta property=\"og:image:height\" content=\"750\" \/>\n\t<meta property=\"og:image:type\" content=\"image\/jpeg\" \/>\n<meta name=\"twitter:card\" content=\"summary_large_image\" \/>\n<meta name=\"twitter:label1\" content=\"Est. reading time\" \/>\n\t<meta name=\"twitter:data1\" content=\"1 minute\" \/>\n<script type=\"application\/ld+json\" class=\"yoast-schema-graph\">{\"@context\":\"https:\\\/\\\/schema.org\",\"@graph\":[{\"@type\":\"WebPage\",\"@id\":\"https:\\\/\\\/mdsf.vn\\\/en\\\/san-pham\\\/gray-plastic-chairs-plastic-bar-chairs-for-outdoor-spaces\\\/\",\"url\":\"https:\\\/\\\/mdsf.vn\\\/en\\\/san-pham\\\/gray-plastic-chairs-plastic-bar-chairs-for-outdoor-spaces\\\/\",\"name\":\"Gray plastic chairs plastic bar chairs for outdoor spaces - Minh Duc\",\"isPartOf\":{\"@id\":\"https:\\\/\\\/mdsf.vn\\\/en\\\/#website\"},\"primaryImageOfPage\":{\"@id\":\"https:\\\/\\\/mdsf.vn\\\/en\\\/san-pham\\\/gray-plastic-chairs-plastic-bar-chairs-for-outdoor-spaces\\\/#primaryimage\"},\"image\":{\"@id\":\"https:\\\/\\\/mdsf.vn\\\/en\\\/san-pham\\\/gray-plastic-chairs-plastic-bar-chairs-for-outdoor-spaces\\\/#primaryimage\"},\"thumbnailUrl\":\"https:\\\/\\\/mdsf.vn\\\/wp-content\\\/uploads\\\/2023\\\/10\\\/Ghe-nhua-mau-xam-chan-cao.jpg\",\"datePublished\":\"2023-10-11T02:28:12+00:00\",\"dateModified\":\"2024-10-08T10:31:29+00:00\",\"description\":\"Gray plastic chairs is made of high-quality PP plastic, ensuring durability and long life. PP plastic material provides abrasion resistance and weather resistance\",\"breadcrumb\":{\"@id\":\"https:\\\/\\\/mdsf.vn\\\/en\\\/san-pham\\\/gray-plastic-chairs-plastic-bar-chairs-for-outdoor-spaces\\\/#breadcrumb\"},\"inLanguage\":\"en-US\",\"potentialAction\":[{\"@type\":\"ReadAction\",\"target\":[\"https:\\\/\\\/mdsf.vn\\\/en\\\/san-pham\\\/gray-plastic-chairs-plastic-bar-chairs-for-outdoor-spaces\\\/\"]}]},{\"@type\":\"ImageObject\",\"inLanguage\":\"en-US\",\"@id\":\"https:\\\/\\\/mdsf.vn\\\/en\\\/san-pham\\\/gray-plastic-chairs-plastic-bar-chairs-for-outdoor-spaces\\\/#primaryimage\",\"url\":\"https:\\\/\\\/mdsf.vn\\\/wp-content\\\/uploads\\\/2023\\\/10\\\/Ghe-nhua-mau-xam-chan-cao.jpg\",\"contentUrl\":\"https:\\\/\\\/mdsf.vn\\\/wp-content\\\/uploads\\\/2023\\\/10\\\/Ghe-nhua-mau-xam-chan-cao.jpg\",\"width\":750,\"height\":750,\"caption\":\"Gray plastic chairs\"},{\"@type\":\"BreadcrumbList\",\"@id\":\"https:\\\/\\\/mdsf.vn\\\/en\\\/san-pham\\\/gray-plastic-chairs-plastic-bar-chairs-for-outdoor-spaces\\\/#breadcrumb\",\"itemListElement\":[{\"@type\":\"ListItem\",\"position\":1,\"name\":\"Home\",\"item\":\"https:\\\/\\\/mdsf.vn\\\/en\\\/\"},{\"@type\":\"ListItem\",\"position\":2,\"name\":\"Shop\",\"item\":\"https:\\\/\\\/mdsf.vn\\\/en\\\/shop\\\/\"},{\"@type\":\"ListItem\",\"position\":3,\"name\":\"Gray plastic chairs plastic bar chairs for outdoor spaces\"}]},{\"@type\":\"WebSite\",\"@id\":\"https:\\\/\\\/mdsf.vn\\\/en\\\/#website\",\"url\":\"https:\\\/\\\/mdsf.vn\\\/en\\\/\",\"name\":\"Minh Duc\",\"description\":\"N\u1ed9i th\u1ea5t c\u00f4ng c\u1ed9ng Minh \u0110\u1ee9c\",\"publisher\":{\"@id\":\"https:\\\/\\\/mdsf.vn\\\/en\\\/#organization\"},\"potentialAction\":[{\"@type\":\"SearchAction\",\"target\":{\"@type\":\"EntryPoint\",\"urlTemplate\":\"https:\\\/\\\/mdsf.vn\\\/en\\\/?s={search_term_string}\"},\"query-input\":{\"@type\":\"PropertyValueSpecification\",\"valueRequired\":true,\"valueName\":\"search_term_string\"}}],\"inLanguage\":\"en-US\"},{\"@type\":\"Organization\",\"@id\":\"https:\\\/\\\/mdsf.vn\\\/en\\\/#organization\",\"name\":\"Minh Duc Public Furniture Co., Ltd\",\"url\":\"https:\\\/\\\/mdsf.vn\\\/en\\\/\",\"logo\":{\"@type\":\"ImageObject\",\"inLanguage\":\"en-US\",\"@id\":\"https:\\\/\\\/mdsf.vn\\\/en\\\/#\\\/schema\\\/logo\\\/image\\\/\",\"url\":\"http:\\\/\\\/45.32.103.86\\\/wp-content\\\/uploads\\\/2021\\\/02\\\/logo-hoan-thien-noi-that-minh-duc-1.png\",\"contentUrl\":\"http:\\\/\\\/45.32.103.86\\\/wp-content\\\/uploads\\\/2021\\\/02\\\/logo-hoan-thien-noi-that-minh-duc-1.png\",\"width\":220,\"height\":136,\"caption\":\"Minh Duc Public Furniture Co., Ltd\"},\"image\":{\"@id\":\"https:\\\/\\\/mdsf.vn\\\/en\\\/#\\\/schema\\\/logo\\\/image\\\/\"},\"sameAs\":[\"https:\\\/\\\/www.facebook.com\\\/shopnoithatvn\\\/\",\"https:\\\/\\\/www.pinterest.com\\\/shopnoithatonline\\\/\"]}]}<\/script>\n<!-- \/ Yoast SEO plugin. -->","yoast_head_json":{"title":"Gray plastic chairs plastic bar chairs for outdoor spaces - Minh Duc","description":"Gray plastic chairs is made of high-quality PP plastic, ensuring durability and long life. PP plastic material provides abrasion resistance and weather resistance","robots":{"index":"index","follow":"follow","max-snippet":"max-snippet:-1","max-image-preview":"max-image-preview:large","max-video-preview":"max-video-preview:-1"},"canonical":"https:\/\/mdsf.vn\/en\/san-pham\/gray-plastic-chairs-plastic-bar-chairs-for-outdoor-spaces\/","og_locale":"en_US","og_type":"article","og_title":"Gray plastic chairs plastic bar chairs for outdoor spaces - Minh Duc","og_description":"Gray plastic chairs is made of high-quality PP plastic, ensuring durability and long life. PP plastic material provides abrasion resistance and weather resistance","og_url":"https:\/\/mdsf.vn\/en\/san-pham\/gray-plastic-chairs-plastic-bar-chairs-for-outdoor-spaces\/","og_site_name":"Minh Duc","article_publisher":"https:\/\/www.facebook.com\/shopnoithatvn\/","article_modified_time":"2024-10-08T10:31:29+00:00","og_image":[{"width":750,"height":750,"url":"https:\/\/mdsf.vn\/wp-content\/uploads\/2023\/10\/Ghe-nhua-mau-xam-chan-cao.jpg","type":"image\/jpeg"}],"twitter_card":"summary_large_image","twitter_misc":{"Est. reading time":"1 minute"},"schema":{"@context":"https:\/\/schema.org","@graph":[{"@type":"WebPage","@id":"https:\/\/mdsf.vn\/en\/san-pham\/gray-plastic-chairs-plastic-bar-chairs-for-outdoor-spaces\/","url":"https:\/\/mdsf.vn\/en\/san-pham\/gray-plastic-chairs-plastic-bar-chairs-for-outdoor-spaces\/","name":"Gray plastic chairs plastic bar chairs for outdoor spaces - Minh Duc","isPartOf":{"@id":"https:\/\/mdsf.vn\/en\/#website"},"primaryImageOfPage":{"@id":"https:\/\/mdsf.vn\/en\/san-pham\/gray-plastic-chairs-plastic-bar-chairs-for-outdoor-spaces\/#primaryimage"},"image":{"@id":"https:\/\/mdsf.vn\/en\/san-pham\/gray-plastic-chairs-plastic-bar-chairs-for-outdoor-spaces\/#primaryimage"},"thumbnailUrl":"https:\/\/mdsf.vn\/wp-content\/uploads\/2023\/10\/Ghe-nhua-mau-xam-chan-cao.jpg","datePublished":"2023-10-11T02:28:12+00:00","dateModified":"2024-10-08T10:31:29+00:00","description":"Gray plastic chairs is made of high-quality PP plastic, ensuring durability and long life. PP plastic material provides abrasion resistance and weather resistance","breadcrumb":{"@id":"https:\/\/mdsf.vn\/en\/san-pham\/gray-plastic-chairs-plastic-bar-chairs-for-outdoor-spaces\/#breadcrumb"},"inLanguage":"en-US","potentialAction":[{"@type":"ReadAction","target":["https:\/\/mdsf.vn\/en\/san-pham\/gray-plastic-chairs-plastic-bar-chairs-for-outdoor-spaces\/"]}]},{"@type":"ImageObject","inLanguage":"en-US","@id":"https:\/\/mdsf.vn\/en\/san-pham\/gray-plastic-chairs-plastic-bar-chairs-for-outdoor-spaces\/#primaryimage","url":"https:\/\/mdsf.vn\/wp-content\/uploads\/2023\/10\/Ghe-nhua-mau-xam-chan-cao.jpg","contentUrl":"https:\/\/mdsf.vn\/wp-content\/uploads\/2023\/10\/Ghe-nhua-mau-xam-chan-cao.jpg","width":750,"height":750,"caption":"Gray plastic chairs"},{"@type":"BreadcrumbList","@id":"https:\/\/mdsf.vn\/en\/san-pham\/gray-plastic-chairs-plastic-bar-chairs-for-outdoor-spaces\/#breadcrumb","itemListElement":[{"@type":"ListItem","position":1,"name":"Home","item":"https:\/\/mdsf.vn\/en\/"},{"@type":"ListItem","position":2,"name":"Shop","item":"https:\/\/mdsf.vn\/en\/shop\/"},{"@type":"ListItem","position":3,"name":"Gray plastic chairs plastic bar chairs for outdoor spaces"}]},{"@type":"WebSite","@id":"https:\/\/mdsf.vn\/en\/#website","url":"https:\/\/mdsf.vn\/en\/","name":"Minh Duc","description":"N\u1ed9i th\u1ea5t c\u00f4ng c\u1ed9ng Minh \u0110\u1ee9c","publisher":{"@id":"https:\/\/mdsf.vn\/en\/#organization"},"potentialAction":[{"@type":"SearchAction","target":{"@type":"EntryPoint","urlTemplate":"https:\/\/mdsf.vn\/en\/?s={search_term_string}"},"query-input":{"@type":"PropertyValueSpecification","valueRequired":true,"valueName":"search_term_string"}}],"inLanguage":"en-US"},{"@type":"Organization","@id":"https:\/\/mdsf.vn\/en\/#organization","name":"Minh Duc Public Furniture Co., Ltd","url":"https:\/\/mdsf.vn\/en\/","logo":{"@type":"ImageObject","inLanguage":"en-US","@id":"https:\/\/mdsf.vn\/en\/#\/schema\/logo\/image\/","url":"http:\/\/45.32.103.86\/wp-content\/uploads\/2021\/02\/logo-hoan-thien-noi-that-minh-duc-1.png","contentUrl":"http:\/\/45.32.103.86\/wp-content\/uploads\/2021\/02\/logo-hoan-thien-noi-that-minh-duc-1.png","width":220,"height":136,"caption":"Minh Duc Public Furniture Co., Ltd"},"image":{"@id":"https:\/\/mdsf.vn\/en\/#\/schema\/logo\/image\/"},"sameAs":["https:\/\/www.facebook.com\/shopnoithatvn\/","https:\/\/www.pinterest.com\/shopnoithatonline\/"]}]}},"_links":{"self":[{"href":"https:\/\/mdsf.vn\/en\/wp-json\/wp\/v2\/product\/19143","targetHints":{"allow":["GET"]}}],"collection":[{"href":"https:\/\/mdsf.vn\/en\/wp-json\/wp\/v2\/product"}],"about":[{"href":"https:\/\/mdsf.vn\/en\/wp-json\/wp\/v2\/types\/product"}],"replies":[{"embeddable":true,"href":"https:\/\/mdsf.vn\/en\/wp-json\/wp\/v2\/comments?post=19143"}],"wp:featuredmedia":[{"embeddable":true,"href":"https:\/\/mdsf.vn\/en\/wp-json\/wp\/v2\/media\/18311"}],"wp:attachment":[{"href":"https:\/\/mdsf.vn\/en\/wp-json\/wp\/v2\/media?parent=19143"}],"wp:term":[{"taxonomy":"product_brand","embeddable":true,"href":"https:\/\/mdsf.vn\/en\/wp-json\/wp\/v2\/product_brand?post=19143"},{"taxonomy":"product_cat","embeddable":true,"href":"https:\/\/mdsf.vn\/en\/wp-json\/wp\/v2\/product_cat?post=19143"},{"taxonomy":"product_tag","embeddable":true,"href":"https:\/\/mdsf.vn\/en\/wp-json\/wp\/v2\/product_tag?post=19143"}],"curies":[{"name":"wp","href":"https:\/\/api.w.org\/{rel}","templated":true}]}}