{"id":19140,"date":"2023-10-27T14:10:03","date_gmt":"2023-10-27T07:10:03","guid":{"rendered":"https:\/\/mdsf.vn\/san-pham\/plastic-cafe-chairs-steel-legs-dining-chairs\/"},"modified":"2024-10-08T16:45:37","modified_gmt":"2024-10-08T09:45:37","slug":"plastic-cafe-chairs-steel-legs-dining-chairs","status":"publish","type":"product","link":"https:\/\/mdsf.vn\/en\/san-pham\/plastic-cafe-chairs-steel-legs-dining-chairs\/","title":{"rendered":"Plastic cafe chairs steel legs dining chairs"},"content":{"rendered":"<h2><span style=\"font-size: 90%;\">Plastic cafe chairs for cafes and dining rooms<\/span><\/h2>\n<p>Plastic cafe chairs have a plastic back design with steel legs painted with imitation wood, sturdy and solid. The deep seat surface keeps the sitter comfortable by reducing pressure on the thighs. The backrest has a reasonable height and tilt to support the spine, protecting the user&#8217;s health. The chair colors are diverse, suitable for many purposes and decoration styles.<\/p>\n<figure id=\"attachment_18437\" aria-describedby=\"caption-attachment-18437\" style=\"width: 800px\" class=\"wp-caption aligncenter\"><img decoding=\"async\" class=\"wp-image-18437 size-full\" src=\"https:\/\/mdsf.vn\/wp-content\/uploads\/2023\/10\/Danh-sach-cac-mau-ghe-voi-chan-go.jpg\" alt=\"Danh s\u00e1ch c\u00e1c m\u00e0u gh\u1ebf v\u1edbi ch\u00e2n g\u1ed7\" width=\"800\" height=\"378\" srcset=\"https:\/\/mdsf.vn\/wp-content\/uploads\/2023\/10\/Danh-sach-cac-mau-ghe-voi-chan-go.jpg 800w, https:\/\/mdsf.vn\/wp-content\/uploads\/2023\/10\/Danh-sach-cac-mau-ghe-voi-chan-go-768x363.jpg 768w, https:\/\/mdsf.vn\/wp-content\/uploads\/2023\/10\/Danh-sach-cac-mau-ghe-voi-chan-go-650x307.jpg 650w\" sizes=\"(max-width: 800px) 100vw, 800px\" \/><figcaption id=\"caption-attachment-18437\" class=\"wp-caption-text\">Different colors of chairs<\/figcaption><\/figure>\n<p>MD-3048 chair is a great piece for luxurious dining room space in luxury apartments, villas, restaurants, cafes. The product combined with coffee table or small working corner, extremely youthful and eye-catching.<\/p>\n<figure id=\"attachment_18435\" aria-describedby=\"caption-attachment-18435\" style=\"width: 800px\" class=\"wp-caption aligncenter\"><img decoding=\"async\" class=\"wp-image-18435 size-full\" src=\"https:\/\/mdsf.vn\/wp-content\/uploads\/2023\/10\/Danh-sach-cac-mau-ghe-voi-chan-thep.jpg\" alt=\"Danh s\u00e1ch c\u00e1c m\u00e0u gh\u1ebf v\u1edbi ch\u00e2n s\u1eaft\" width=\"800\" height=\"384\" srcset=\"https:\/\/mdsf.vn\/wp-content\/uploads\/2023\/10\/Danh-sach-cac-mau-ghe-voi-chan-thep.jpg 800w, https:\/\/mdsf.vn\/wp-content\/uploads\/2023\/10\/Danh-sach-cac-mau-ghe-voi-chan-thep-768x369.jpg 768w, https:\/\/mdsf.vn\/wp-content\/uploads\/2023\/10\/Danh-sach-cac-mau-ghe-voi-chan-thep-650x312.jpg 650w\" sizes=\"(max-width: 800px) 100vw, 800px\" \/><figcaption id=\"caption-attachment-18435\" class=\"wp-caption-text\">List of chairs with iron legs<\/figcaption><\/figure>\n<h3><span style=\"font-size: 100%;\">MD-3048 chair specifications<\/span><\/h3>\n<ul>\n<li>Product code: MD-3048<\/li>\n<li>Dimensions: 49 x 55.3 x 82.5 x 44 cm<\/li>\n<li>Material: Plastic seat, imitation wood iron legs or wooden legs<\/li>\n<li>Color: Black, Red, White, Yellow, Gray<\/li>\n<\/ul>\n<h4>Product delivery time.<\/h4>\n<p>For the Vietnamese market, the delivery time will be from 1 to 2 days from the time of order. For larger quantity requirements, the delivery time will be 5 to 7 days. For foreign markets, the production time is from 2 to 3 weeks from the time of order.<\/p>\n<p>Shipping time depends on the customer\u2019s geographical location, we will support paperwork and transportation for the customer quickly and safely.<\/p>\n<p>For project orders, production time depends on quantity and design. Please contact us directly via hotline \/ WhatsApp \/ Skype \/ Telegram: +84908314939 or +84983986161 for more information.<\/p>\n<h4>FEATURED PRODUCTS.<\/h4>\n<ul>\n<li><span style=\"color: #008080;\"><a style=\"color: #008080;\" href=\"https:\/\/mdsf.vn\/en\/san-pham\/plastic-chair-with-wooden-legs-wooden-legs-leather-covered-chair\/\">Plastic chair with wooden legs wooden legs leather covered chair<\/a><\/span><\/li>\n<li><span style=\"color: #008080;\"><a style=\"color: #008080;\" href=\"https:\/\/mdsf.vn\/en\/san-pham\/black-plastic-chairs-perforated-plastic-chairs-for-cafes\/\">Black plastic chairs perforated plastic chairs for cafes<\/a><\/span><\/li>\n<li><span style=\"color: #008080;\"><a style=\"color: #008080;\" href=\"https:\/\/mdsf.vn\/en\/san-pham\/fixed-classroom-table-and-chair-sda-79-38-kotobuki-sea\/\">Fixed Classroom Table and Chair SDA-79-38 Kotobuki Sea<\/a><\/span><\/li>\n<\/ul>\n<div class=\"social-icons share-icons share-row relative\" ><a href=\"whatsapp:\/\/send?text=Plastic%20cafe%20chairs%20steel%20legs%20dining%20chairs - https:\/\/mdsf.vn\/en\/san-pham\/plastic-cafe-chairs-steel-legs-dining-chairs\/\" data-action=\"share\/whatsapp\/share\" class=\"icon primary button round tooltip whatsapp show-for-medium\" title=\"Share on WhatsApp\" aria-label=\"Share on WhatsApp\"><i class=\"icon-whatsapp\" aria-hidden=\"true\"><\/i><\/a><a href=\"https:\/\/www.facebook.com\/sharer.php?u=https:\/\/mdsf.vn\/en\/san-pham\/plastic-cafe-chairs-steel-legs-dining-chairs\/\" data-label=\"Facebook\" onclick=\"window.open(this.href,this.title,'width=500,height=500,top=300px,left=300px'); return false;\" target=\"_blank\" class=\"icon primary button round tooltip facebook\" title=\"Share on Facebook\" aria-label=\"Share on Facebook\" rel=\"noopener nofollow\"><i class=\"icon-facebook\" aria-hidden=\"true\"><\/i><\/a><a href=\"https:\/\/twitter.com\/share?url=https:\/\/mdsf.vn\/en\/san-pham\/plastic-cafe-chairs-steel-legs-dining-chairs\/\" onclick=\"window.open(this.href,this.title,'width=500,height=500,top=300px,left=300px'); return false;\" target=\"_blank\" class=\"icon primary button round tooltip twitter\" title=\"Share on Twitter\" aria-label=\"Share on Twitter\" rel=\"noopener nofollow\"><i class=\"icon-twitter\" aria-hidden=\"true\"><\/i><\/a><a href=\"mailto:?subject=Plastic%20cafe%20chairs%20steel%20legs%20dining%20chairs&body=Check%20this%20out%3A%20https%3A%2F%2Fmdsf.vn%2Fen%2Fsan-pham%2Fplastic-cafe-chairs-steel-legs-dining-chairs%2F\" class=\"icon primary button round tooltip email\" title=\"Email to a Friend\" aria-label=\"Email to a Friend\" rel=\"nofollow\"><i class=\"icon-envelop\" aria-hidden=\"true\"><\/i><\/a><a href=\"https:\/\/pinterest.com\/pin\/create\/button?url=https:\/\/mdsf.vn\/en\/san-pham\/plastic-cafe-chairs-steel-legs-dining-chairs\/&media=https:\/\/mdsf.vn\/wp-content\/uploads\/2023\/10\/Ghe-nhua-cafe-cao-cap-ghe-phong-an-chan-thep-01.jpg&description=Plastic%20cafe%20chairs%20steel%20legs%20dining%20chairs\" onclick=\"window.open(this.href,this.title,'width=500,height=500,top=300px,left=300px'); return false;\" target=\"_blank\" class=\"icon primary button round tooltip pinterest\" title=\"Pin on Pinterest\" aria-label=\"Pin on Pinterest\" rel=\"noopener nofollow\"><i class=\"icon-pinterest\" aria-hidden=\"true\"><\/i><\/a><a href=\"https:\/\/www.linkedin.com\/shareArticle?mini=true&url=https:\/\/mdsf.vn\/en\/san-pham\/plastic-cafe-chairs-steel-legs-dining-chairs\/&title=Plastic%20cafe%20chairs%20steel%20legs%20dining%20chairs\" onclick=\"window.open(this.href,this.title,'width=500,height=500,top=300px,left=300px'); return false;\" target=\"_blank\" class=\"icon primary button round tooltip linkedin\" title=\"Share on LinkedIn\" aria-label=\"Share on LinkedIn\" rel=\"noopener nofollow\"><i class=\"icon-linkedin\" aria-hidden=\"true\"><\/i><\/a><\/div>\n","protected":false},"excerpt":{"rendered":"<ul>\n<li>Product code: MD-3048<\/li>\n<li>Dimensions: 49 x 55.3 x 82.5 x 44 cm<\/li>\n<li>Material: Plastic seat, imitation wood iron legs or wooden legs<\/li>\n<li>Color: Black, Red, White, Yellow, Gray<\/li>\n<li>Price for project: Contact for more information<\/li>\n<li>Hotline \/ WhatSapp \/ Skype \/ Telegram: <strong><a class=\"text-is-phone-number\">+84908314939 | +84984849785<\/a><\/strong><\/li>\n<\/ul>\n","protected":false},"featured_media":18430,"comment_status":"open","ping_status":"closed","template":"","meta":[],"product_brand":[],"product_cat":[2642,2650],"product_tag":[],"class_list":{"0":"post-19140","1":"product","2":"type-product","3":"status-publish","4":"has-post-thumbnail","6":"product_cat-molded-plastic-furniture","7":"product_cat-other-tables-and-chairs","9":"first","10":"instock","11":"shipping-taxable","12":"purchasable","13":"product-type-variable"},"yoast_head":"<!-- This site is optimized with the Yoast SEO plugin v27.0 - https:\/\/yoast.com\/product\/yoast-seo-wordpress\/ -->\n<title>Plastic cafe chairs steel legs dining chairs - Minh Duc<\/title>\n<meta name=\"description\" content=\"Plastic cafe chairs have a plastic back design with steel legs painted with imitation wood, sturdy and solid. The deep seat surface keeps the sitter comfortable by reducing pressure on the thighs.\" \/>\n<meta name=\"robots\" content=\"index, follow, max-snippet:-1, max-image-preview:large, max-video-preview:-1\" \/>\n<link rel=\"canonical\" href=\"https:\/\/mdsf.vn\/en\/san-pham\/plastic-cafe-chairs-steel-legs-dining-chairs\/\" \/>\n<meta property=\"og:locale\" content=\"en_US\" \/>\n<meta property=\"og:type\" content=\"article\" \/>\n<meta property=\"og:title\" content=\"Plastic cafe chairs steel legs dining chairs - Minh Duc\" \/>\n<meta property=\"og:description\" content=\"Plastic cafe chairs have a plastic back design with steel legs painted with imitation wood, sturdy and solid. The deep seat surface keeps the sitter comfortable by reducing pressure on the thighs.\" \/>\n<meta property=\"og:url\" content=\"https:\/\/mdsf.vn\/en\/san-pham\/plastic-cafe-chairs-steel-legs-dining-chairs\/\" \/>\n<meta property=\"og:site_name\" content=\"Minh Duc\" \/>\n<meta property=\"article:publisher\" content=\"https:\/\/www.facebook.com\/shopnoithatvn\/\" \/>\n<meta property=\"article:modified_time\" content=\"2024-10-08T09:45:37+00:00\" \/>\n<meta property=\"og:image\" content=\"https:\/\/mdsf.vn\/wp-content\/uploads\/2023\/10\/Ghe-nhua-cafe-cao-cap-ghe-phong-an-chan-thep-01.jpg\" \/>\n\t<meta property=\"og:image:width\" content=\"550\" \/>\n\t<meta property=\"og:image:height\" content=\"550\" \/>\n\t<meta property=\"og:image:type\" content=\"image\/jpeg\" \/>\n<meta name=\"twitter:card\" content=\"summary_large_image\" \/>\n<meta name=\"twitter:label1\" content=\"Est. reading time\" \/>\n\t<meta name=\"twitter:data1\" content=\"1 minute\" \/>\n<script type=\"application\/ld+json\" class=\"yoast-schema-graph\">{\"@context\":\"https:\/\/schema.org\",\"@graph\":[{\"@type\":\"WebPage\",\"@id\":\"https:\/\/mdsf.vn\/en\/san-pham\/plastic-cafe-chairs-steel-legs-dining-chairs\/\",\"url\":\"https:\/\/mdsf.vn\/en\/san-pham\/plastic-cafe-chairs-steel-legs-dining-chairs\/\",\"name\":\"Plastic cafe chairs steel legs dining chairs - Minh Duc\",\"isPartOf\":{\"@id\":\"https:\/\/mdsf.vn\/en\/#website\"},\"primaryImageOfPage\":{\"@id\":\"https:\/\/mdsf.vn\/en\/san-pham\/plastic-cafe-chairs-steel-legs-dining-chairs\/#primaryimage\"},\"image\":{\"@id\":\"https:\/\/mdsf.vn\/en\/san-pham\/plastic-cafe-chairs-steel-legs-dining-chairs\/#primaryimage\"},\"thumbnailUrl\":\"https:\/\/mdsf.vn\/wp-content\/uploads\/2023\/10\/Ghe-nhua-cafe-cao-cap-ghe-phong-an-chan-thep-01.jpg\",\"datePublished\":\"2023-10-27T07:10:03+00:00\",\"dateModified\":\"2024-10-08T09:45:37+00:00\",\"description\":\"Plastic cafe chairs have a plastic back design with steel legs painted with imitation wood, sturdy and solid. The deep seat surface keeps the sitter comfortable by reducing pressure on the thighs.\",\"breadcrumb\":{\"@id\":\"https:\/\/mdsf.vn\/en\/san-pham\/plastic-cafe-chairs-steel-legs-dining-chairs\/#breadcrumb\"},\"inLanguage\":\"en-US\",\"potentialAction\":[{\"@type\":\"ReadAction\",\"target\":[\"https:\/\/mdsf.vn\/en\/san-pham\/plastic-cafe-chairs-steel-legs-dining-chairs\/\"]}]},{\"@type\":\"ImageObject\",\"inLanguage\":\"en-US\",\"@id\":\"https:\/\/mdsf.vn\/en\/san-pham\/plastic-cafe-chairs-steel-legs-dining-chairs\/#primaryimage\",\"url\":\"https:\/\/mdsf.vn\/wp-content\/uploads\/2023\/10\/Ghe-nhua-cafe-cao-cap-ghe-phong-an-chan-thep-01.jpg\",\"contentUrl\":\"https:\/\/mdsf.vn\/wp-content\/uploads\/2023\/10\/Ghe-nhua-cafe-cao-cap-ghe-phong-an-chan-thep-01.jpg\",\"width\":550,\"height\":550,\"caption\":\"Plastic cafe chairs steel legs dining chairs 01\"},{\"@type\":\"BreadcrumbList\",\"@id\":\"https:\/\/mdsf.vn\/en\/san-pham\/plastic-cafe-chairs-steel-legs-dining-chairs\/#breadcrumb\",\"itemListElement\":[{\"@type\":\"ListItem\",\"position\":1,\"name\":\"Home\",\"item\":\"https:\/\/mdsf.vn\/en\/\"},{\"@type\":\"ListItem\",\"position\":2,\"name\":\"Shop\",\"item\":\"https:\/\/mdsf.vn\/en\/shop\/\"},{\"@type\":\"ListItem\",\"position\":3,\"name\":\"Plastic cafe chairs steel legs dining chairs\"}]},{\"@type\":\"WebSite\",\"@id\":\"https:\/\/mdsf.vn\/en\/#website\",\"url\":\"https:\/\/mdsf.vn\/en\/\",\"name\":\"Minh Duc\",\"description\":\"N\u1ed9i th\u1ea5t c\u00f4ng c\u1ed9ng Minh \u0110\u1ee9c\",\"publisher\":{\"@id\":\"https:\/\/mdsf.vn\/en\/#organization\"},\"potentialAction\":[{\"@type\":\"SearchAction\",\"target\":{\"@type\":\"EntryPoint\",\"urlTemplate\":\"https:\/\/mdsf.vn\/en\/?s={search_term_string}\"},\"query-input\":{\"@type\":\"PropertyValueSpecification\",\"valueRequired\":true,\"valueName\":\"search_term_string\"}}],\"inLanguage\":\"en-US\"},{\"@type\":\"Organization\",\"@id\":\"https:\/\/mdsf.vn\/en\/#organization\",\"name\":\"Minh Duc Public Furniture Co., Ltd\",\"url\":\"https:\/\/mdsf.vn\/en\/\",\"logo\":{\"@type\":\"ImageObject\",\"inLanguage\":\"en-US\",\"@id\":\"https:\/\/mdsf.vn\/en\/#\/schema\/logo\/image\/\",\"url\":\"http:\/\/45.32.103.86\/wp-content\/uploads\/2021\/02\/logo-hoan-thien-noi-that-minh-duc-1.png\",\"contentUrl\":\"http:\/\/45.32.103.86\/wp-content\/uploads\/2021\/02\/logo-hoan-thien-noi-that-minh-duc-1.png\",\"width\":220,\"height\":136,\"caption\":\"Minh Duc Public Furniture Co., Ltd\"},\"image\":{\"@id\":\"https:\/\/mdsf.vn\/en\/#\/schema\/logo\/image\/\"},\"sameAs\":[\"https:\/\/www.facebook.com\/shopnoithatvn\/\",\"https:\/\/www.pinterest.com\/shopnoithatonline\/\"]}]}<\/script>\n<!-- \/ Yoast SEO plugin. -->","yoast_head_json":{"title":"Plastic cafe chairs steel legs dining chairs - Minh Duc","description":"Plastic cafe chairs have a plastic back design with steel legs painted with imitation wood, sturdy and solid. The deep seat surface keeps the sitter comfortable by reducing pressure on the thighs.","robots":{"index":"index","follow":"follow","max-snippet":"max-snippet:-1","max-image-preview":"max-image-preview:large","max-video-preview":"max-video-preview:-1"},"canonical":"https:\/\/mdsf.vn\/en\/san-pham\/plastic-cafe-chairs-steel-legs-dining-chairs\/","og_locale":"en_US","og_type":"article","og_title":"Plastic cafe chairs steel legs dining chairs - Minh Duc","og_description":"Plastic cafe chairs have a plastic back design with steel legs painted with imitation wood, sturdy and solid. The deep seat surface keeps the sitter comfortable by reducing pressure on the thighs.","og_url":"https:\/\/mdsf.vn\/en\/san-pham\/plastic-cafe-chairs-steel-legs-dining-chairs\/","og_site_name":"Minh Duc","article_publisher":"https:\/\/www.facebook.com\/shopnoithatvn\/","article_modified_time":"2024-10-08T09:45:37+00:00","og_image":[{"width":550,"height":550,"url":"https:\/\/mdsf.vn\/wp-content\/uploads\/2023\/10\/Ghe-nhua-cafe-cao-cap-ghe-phong-an-chan-thep-01.jpg","type":"image\/jpeg"}],"twitter_card":"summary_large_image","twitter_misc":{"Est. reading time":"1 minute"},"schema":{"@context":"https:\/\/schema.org","@graph":[{"@type":"WebPage","@id":"https:\/\/mdsf.vn\/en\/san-pham\/plastic-cafe-chairs-steel-legs-dining-chairs\/","url":"https:\/\/mdsf.vn\/en\/san-pham\/plastic-cafe-chairs-steel-legs-dining-chairs\/","name":"Plastic cafe chairs steel legs dining chairs - Minh Duc","isPartOf":{"@id":"https:\/\/mdsf.vn\/en\/#website"},"primaryImageOfPage":{"@id":"https:\/\/mdsf.vn\/en\/san-pham\/plastic-cafe-chairs-steel-legs-dining-chairs\/#primaryimage"},"image":{"@id":"https:\/\/mdsf.vn\/en\/san-pham\/plastic-cafe-chairs-steel-legs-dining-chairs\/#primaryimage"},"thumbnailUrl":"https:\/\/mdsf.vn\/wp-content\/uploads\/2023\/10\/Ghe-nhua-cafe-cao-cap-ghe-phong-an-chan-thep-01.jpg","datePublished":"2023-10-27T07:10:03+00:00","dateModified":"2024-10-08T09:45:37+00:00","description":"Plastic cafe chairs have a plastic back design with steel legs painted with imitation wood, sturdy and solid. The deep seat surface keeps the sitter comfortable by reducing pressure on the thighs.","breadcrumb":{"@id":"https:\/\/mdsf.vn\/en\/san-pham\/plastic-cafe-chairs-steel-legs-dining-chairs\/#breadcrumb"},"inLanguage":"en-US","potentialAction":[{"@type":"ReadAction","target":["https:\/\/mdsf.vn\/en\/san-pham\/plastic-cafe-chairs-steel-legs-dining-chairs\/"]}]},{"@type":"ImageObject","inLanguage":"en-US","@id":"https:\/\/mdsf.vn\/en\/san-pham\/plastic-cafe-chairs-steel-legs-dining-chairs\/#primaryimage","url":"https:\/\/mdsf.vn\/wp-content\/uploads\/2023\/10\/Ghe-nhua-cafe-cao-cap-ghe-phong-an-chan-thep-01.jpg","contentUrl":"https:\/\/mdsf.vn\/wp-content\/uploads\/2023\/10\/Ghe-nhua-cafe-cao-cap-ghe-phong-an-chan-thep-01.jpg","width":550,"height":550,"caption":"Plastic cafe chairs steel legs dining chairs 01"},{"@type":"BreadcrumbList","@id":"https:\/\/mdsf.vn\/en\/san-pham\/plastic-cafe-chairs-steel-legs-dining-chairs\/#breadcrumb","itemListElement":[{"@type":"ListItem","position":1,"name":"Home","item":"https:\/\/mdsf.vn\/en\/"},{"@type":"ListItem","position":2,"name":"Shop","item":"https:\/\/mdsf.vn\/en\/shop\/"},{"@type":"ListItem","position":3,"name":"Plastic cafe chairs steel legs dining chairs"}]},{"@type":"WebSite","@id":"https:\/\/mdsf.vn\/en\/#website","url":"https:\/\/mdsf.vn\/en\/","name":"Minh Duc","description":"N\u1ed9i th\u1ea5t c\u00f4ng c\u1ed9ng Minh \u0110\u1ee9c","publisher":{"@id":"https:\/\/mdsf.vn\/en\/#organization"},"potentialAction":[{"@type":"SearchAction","target":{"@type":"EntryPoint","urlTemplate":"https:\/\/mdsf.vn\/en\/?s={search_term_string}"},"query-input":{"@type":"PropertyValueSpecification","valueRequired":true,"valueName":"search_term_string"}}],"inLanguage":"en-US"},{"@type":"Organization","@id":"https:\/\/mdsf.vn\/en\/#organization","name":"Minh Duc Public Furniture Co., Ltd","url":"https:\/\/mdsf.vn\/en\/","logo":{"@type":"ImageObject","inLanguage":"en-US","@id":"https:\/\/mdsf.vn\/en\/#\/schema\/logo\/image\/","url":"http:\/\/45.32.103.86\/wp-content\/uploads\/2021\/02\/logo-hoan-thien-noi-that-minh-duc-1.png","contentUrl":"http:\/\/45.32.103.86\/wp-content\/uploads\/2021\/02\/logo-hoan-thien-noi-that-minh-duc-1.png","width":220,"height":136,"caption":"Minh Duc Public Furniture Co., Ltd"},"image":{"@id":"https:\/\/mdsf.vn\/en\/#\/schema\/logo\/image\/"},"sameAs":["https:\/\/www.facebook.com\/shopnoithatvn\/","https:\/\/www.pinterest.com\/shopnoithatonline\/"]}]}},"_links":{"self":[{"href":"https:\/\/mdsf.vn\/en\/wp-json\/wp\/v2\/product\/19140","targetHints":{"allow":["GET"]}}],"collection":[{"href":"https:\/\/mdsf.vn\/en\/wp-json\/wp\/v2\/product"}],"about":[{"href":"https:\/\/mdsf.vn\/en\/wp-json\/wp\/v2\/types\/product"}],"replies":[{"embeddable":true,"href":"https:\/\/mdsf.vn\/en\/wp-json\/wp\/v2\/comments?post=19140"}],"wp:featuredmedia":[{"embeddable":true,"href":"https:\/\/mdsf.vn\/en\/wp-json\/wp\/v2\/media\/18430"}],"wp:attachment":[{"href":"https:\/\/mdsf.vn\/en\/wp-json\/wp\/v2\/media?parent=19140"}],"wp:term":[{"taxonomy":"product_brand","embeddable":true,"href":"https:\/\/mdsf.vn\/en\/wp-json\/wp\/v2\/product_brand?post=19140"},{"taxonomy":"product_cat","embeddable":true,"href":"https:\/\/mdsf.vn\/en\/wp-json\/wp\/v2\/product_cat?post=19140"},{"taxonomy":"product_tag","embeddable":true,"href":"https:\/\/mdsf.vn\/en\/wp-json\/wp\/v2\/product_tag?post=19140"}],"curies":[{"name":"wp","href":"https:\/\/api.w.org\/{rel}","templated":true}]}}