{"id":18079,"date":"2021-01-09T12:41:37","date_gmt":"2021-01-09T05:41:37","guid":{"rendered":"https:\/\/mdsf.vn\/san-pham\/office-stacking-chair-light-and-elegant-chair\/"},"modified":"2023-08-16T01:13:42","modified_gmt":"2023-08-15T18:13:42","slug":"office-stacking-chair-light-and-elegant-chair","status":"publish","type":"product","link":"https:\/\/mdsf.vn\/en\/san-pham\/office-stacking-chair-light-and-elegant-chair\/","title":{"rendered":"Office stacking chair light and elegant chair"},"content":{"rendered":"<h2><span style=\"font-size: 90%;\">High-quality office stacking chair for students and training room<\/span><\/h2>\n<p>Office stacking chair FCA890 is a lightweight chair, only about 5kg. The chair is stackable and easy to move. The chair is suitable for high-quality offices or training rooms.<\/p>\n<p>The feature of this product is its light, elegant design and complete comfort for the user. The chair is manufactured by Kotobuki Sea Co., Ltd. according to Japanese quality.<\/p>\n<figure id=\"attachment_11410\" aria-describedby=\"caption-attachment-11410\" style=\"width: 720px\" class=\"wp-caption aligncenter\"><img decoding=\"async\" class=\"wp-image-11410 size-full\" src=\"https:\/\/mdsf.vn\/wp-content\/uploads\/2021\/01\/ghe-xep-chong-van-phong-dep-trong-luong-nhe-banner-01-1.jpg\" alt=\"ghe-xep-chong-van-phong-dep-trong-luong-nhe-1\" width=\"720\" height=\"601\" srcset=\"https:\/\/mdsf.vn\/wp-content\/uploads\/2021\/01\/ghe-xep-chong-van-phong-dep-trong-luong-nhe-banner-01-1.jpg 720w, https:\/\/mdsf.vn\/wp-content\/uploads\/2021\/01\/ghe-xep-chong-van-phong-dep-trong-luong-nhe-banner-01-1-650x543.jpg 650w, https:\/\/mdsf.vn\/wp-content\/uploads\/2021\/01\/ghe-xep-chong-van-phong-dep-trong-luong-nhe-banner-01-1-479x400.jpg 479w\" sizes=\"(max-width: 720px) 100vw, 720px\" \/><figcaption id=\"caption-attachment-11410\" class=\"wp-caption-text\">Light weight stacking chair for students and officers<\/figcaption><\/figure>\n<h3>Product features and specifications<\/h3>\n<ul>\n<li>Dimensions: SH 425mm x Width 430mm x Back height 780mm<\/li>\n<li>Three-dimensional curved design, lightweight, easy to move, and stack<\/li>\n<li>Suitable for many different layout layouts, can be arranged quickly and flexibly<\/li>\n<li>Backrest and seat: molded plastic according to Japanese standards<\/li>\n<li>Color options: Gray white, Black, Lemon yellow<\/li>\n<li>Chair legs: Prefabricated steel tube with powder coated finish in bright silver color<\/li>\n<li>The durability of the chair is extremely high, up to 20 years<\/li>\n<\/ul>\n<figure id=\"attachment_11412\" aria-describedby=\"caption-attachment-11412\" style=\"width: 720px\" class=\"wp-caption aligncenter\"><img decoding=\"async\" class=\"wp-image-11412 size-full\" src=\"https:\/\/mdsf.vn\/wp-content\/uploads\/2021\/01\/ghe-xep-chong-van-phong-dep-trong-luong-nhe-banner-02.jpg\" alt=\"Gh\u1ebf x\u1ebfp ch\u1ed3ng m\u00e0u \u0111en cho nh\u00e2n vi\u00ean v\u00e0 h\u1ecdc sinh\" width=\"720\" height=\"566\" srcset=\"https:\/\/mdsf.vn\/wp-content\/uploads\/2021\/01\/ghe-xep-chong-van-phong-dep-trong-luong-nhe-banner-02.jpg 720w, https:\/\/mdsf.vn\/wp-content\/uploads\/2021\/01\/ghe-xep-chong-van-phong-dep-trong-luong-nhe-banner-02-650x511.jpg 650w, https:\/\/mdsf.vn\/wp-content\/uploads\/2021\/01\/ghe-xep-chong-van-phong-dep-trong-luong-nhe-banner-02-509x400.jpg 509w\" sizes=\"(max-width: 720px) 100vw, 720px\" \/><figcaption id=\"caption-attachment-11412\" class=\"wp-caption-text\">Black stacking chair<\/figcaption><\/figure>\n<h4>Note about order time<\/h4>\n<p>When the product is out of stock in stock. The lead time for this product is usually 20-30 days (excluding design approval and color selection). Some premium products will require a longer order time. Please contact us for the most accurate information.<\/p>\n<h4>For any inquiries please contact<\/h4>\n<p>Minh Duc Public Furniture Co., Ltd<br \/>\nSpecial and official agent\u00a0of Kotobuki Sea Vietnam<br \/>\nAddress: 47\/2 Ph\u00fa \u0110\u00f4, Nam T\u1eeb Li\u00eam, H\u00e0 N\u1ed9i<br \/>\nHotline \/ Zalo: 0908314939 ho\u1eb7c 0983986161<\/p>\n<figure id=\"attachment_12755\" aria-describedby=\"caption-attachment-12755\" style=\"width: 750px\" class=\"wp-caption aligncenter\"><img decoding=\"async\" class=\"size-full wp-image-12755\" src=\"https:\/\/mdsf.vn\/wp-content\/uploads\/2022\/10\/chung-nhan-dai-ly-dac-biet-kotobuki.jpg\" alt=\"Ch\u1ee9ng nh\u1eadn \u0111\u1ea1i l\u00fd \u0111\u1eb7c bi\u1ec7t\" width=\"750\" height=\"1048\" srcset=\"https:\/\/mdsf.vn\/wp-content\/uploads\/2022\/10\/chung-nhan-dai-ly-dac-biet-kotobuki.jpg 750w, https:\/\/mdsf.vn\/wp-content\/uploads\/2022\/10\/chung-nhan-dai-ly-dac-biet-kotobuki-286x400.jpg 286w, https:\/\/mdsf.vn\/wp-content\/uploads\/2022\/10\/chung-nhan-dai-ly-dac-biet-kotobuki-573x800.jpg 573w, https:\/\/mdsf.vn\/wp-content\/uploads\/2022\/10\/chung-nhan-dai-ly-dac-biet-kotobuki-650x908.jpg 650w\" sizes=\"(max-width: 750px) 100vw, 750px\" \/><figcaption id=\"caption-attachment-12755\" class=\"wp-caption-text\">Certificate of Special Agent of Kotobuki<\/figcaption><\/figure>\n<h4>SPECIAL PRODUCTS<\/h4>\n<ul>\n<li><span style=\"color: #000080;\"><a style=\"color: #000080;\" href=\"https:\/\/mdsf.vn\/en\/san-pham\/installing-hall-chairs-for-vin-university-project-in-hanoi\/\">Hall chairs for Vin University Project in Hanoi<\/a><\/span><\/li>\n<li><span style=\"color: #000080;\"><a style=\"color: #000080;\" href=\"https:\/\/mdsf.vn\/en\/san-pham\/chair-with-writing-desk-fca-390t-for-training-room\/\">Chair with writing desk FCA-390T for training room<\/a><\/span><\/li>\n<\/ul>\n\t<div id=\"gap-338312710\" class=\"gap-element clearfix\" style=\"display:block; height:auto;\">\n\t\t\n<style>\n#gap-338312710 {\n  padding-top: 10px;\n}\n<\/style>\n\t<\/div>\n\t\n<div class=\"social-icons share-icons share-row relative\" ><a href=\"whatsapp:\/\/send?text=Office%20stacking%20chair%20light%20and%20elegant%20chair - https:\/\/mdsf.vn\/en\/san-pham\/office-stacking-chair-light-and-elegant-chair\/\" data-action=\"share\/whatsapp\/share\" class=\"icon primary button round tooltip whatsapp show-for-medium\" title=\"Share on WhatsApp\" aria-label=\"Share on WhatsApp\"><i class=\"icon-whatsapp\" aria-hidden=\"true\"><\/i><\/a><a href=\"https:\/\/www.facebook.com\/sharer.php?u=https:\/\/mdsf.vn\/en\/san-pham\/office-stacking-chair-light-and-elegant-chair\/\" data-label=\"Facebook\" onclick=\"window.open(this.href,this.title,'width=500,height=500,top=300px,left=300px'); return false;\" target=\"_blank\" class=\"icon primary button round tooltip facebook\" title=\"Share on Facebook\" aria-label=\"Share on Facebook\" rel=\"noopener nofollow\"><i class=\"icon-facebook\" aria-hidden=\"true\"><\/i><\/a><a href=\"https:\/\/twitter.com\/share?url=https:\/\/mdsf.vn\/en\/san-pham\/office-stacking-chair-light-and-elegant-chair\/\" onclick=\"window.open(this.href,this.title,'width=500,height=500,top=300px,left=300px'); return false;\" target=\"_blank\" class=\"icon primary button round tooltip twitter\" title=\"Share on Twitter\" aria-label=\"Share on Twitter\" rel=\"noopener nofollow\"><i class=\"icon-twitter\" aria-hidden=\"true\"><\/i><\/a><a href=\"mailto:?subject=Office%20stacking%20chair%20light%20and%20elegant%20chair&body=Check%20this%20out%3A%20https%3A%2F%2Fmdsf.vn%2Fen%2Fsan-pham%2Foffice-stacking-chair-light-and-elegant-chair%2F\" class=\"icon primary button round tooltip email\" title=\"Email to a Friend\" aria-label=\"Email to a Friend\" rel=\"nofollow\"><i class=\"icon-envelop\" aria-hidden=\"true\"><\/i><\/a><a href=\"https:\/\/pinterest.com\/pin\/create\/button?url=https:\/\/mdsf.vn\/en\/san-pham\/office-stacking-chair-light-and-elegant-chair\/&media=https:\/\/mdsf.vn\/wp-content\/uploads\/2021\/01\/ghe-xep-chong-van-phong-dep-trong-luong-nhe-1.jpg&description=Office%20stacking%20chair%20light%20and%20elegant%20chair\" onclick=\"window.open(this.href,this.title,'width=500,height=500,top=300px,left=300px'); return false;\" target=\"_blank\" class=\"icon primary button round tooltip pinterest\" title=\"Pin on Pinterest\" aria-label=\"Pin on Pinterest\" rel=\"noopener nofollow\"><i class=\"icon-pinterest\" aria-hidden=\"true\"><\/i><\/a><a href=\"https:\/\/www.linkedin.com\/shareArticle?mini=true&url=https:\/\/mdsf.vn\/en\/san-pham\/office-stacking-chair-light-and-elegant-chair\/&title=Office%20stacking%20chair%20light%20and%20elegant%20chair\" onclick=\"window.open(this.href,this.title,'width=500,height=500,top=300px,left=300px'); return false;\" target=\"_blank\" class=\"icon primary button round tooltip linkedin\" title=\"Share on LinkedIn\" aria-label=\"Share on LinkedIn\" rel=\"noopener nofollow\"><i class=\"icon-linkedin\" aria-hidden=\"true\"><\/i><\/a><\/div>\n","protected":false},"excerpt":{"rendered":"<ul>\n<li>SKU: FCA-890<\/li>\n<li>Dimensions: Seat height 425mm x Width 430mm x Back height 780mm<\/li>\n<li>The durability of the chair is extremely high, up to 20 years<\/li>\n<li>Price for project contact: 0908 314 939<\/li>\n<\/ul>\n","protected":false},"featured_media":5645,"comment_status":"open","ping_status":"closed","template":"","meta":[],"product_brand":[],"product_cat":[1365,1364],"product_tag":[2592,2593,2594],"class_list":{"0":"post-18079","1":"product","2":"type-product","3":"status-publish","4":"has-post-thumbnail","6":"product_cat-office-furniture","7":"product_cat-school-furniture","8":"product_tag-office-stacking-chair","9":"product_tag-office-stacking-chair-for-sale","10":"product_tag-supply-office-stacking-chair","12":"first","13":"instock","14":"shipping-taxable","15":"product-type-simple"},"yoast_head":"<!-- This site is optimized with the Yoast SEO plugin v27.0 - https:\/\/yoast.com\/product\/yoast-seo-wordpress\/ -->\n<title>Office stacking chair light and elegant chair - Minh Duc<\/title>\n<meta name=\"description\" content=\"Office stacking chair FCA890 is a lightweight chair, only about 5kg. The chair is stackable and easy to move\" \/>\n<meta name=\"robots\" content=\"index, follow, max-snippet:-1, max-image-preview:large, max-video-preview:-1\" \/>\n<link rel=\"canonical\" href=\"https:\/\/mdsf.vn\/en\/san-pham\/office-stacking-chair-light-and-elegant-chair\/\" \/>\n<meta property=\"og:locale\" content=\"en_US\" \/>\n<meta property=\"og:type\" content=\"article\" \/>\n<meta property=\"og:title\" content=\"Office stacking chair light and elegant chair - Minh Duc\" \/>\n<meta property=\"og:description\" content=\"Office stacking chair FCA890 is a lightweight chair, only about 5kg. The chair is stackable and easy to move\" \/>\n<meta property=\"og:url\" content=\"https:\/\/mdsf.vn\/en\/san-pham\/office-stacking-chair-light-and-elegant-chair\/\" \/>\n<meta property=\"og:site_name\" content=\"Minh Duc\" \/>\n<meta property=\"article:publisher\" content=\"https:\/\/www.facebook.com\/shopnoithatvn\/\" \/>\n<meta property=\"article:modified_time\" content=\"2023-08-15T18:13:42+00:00\" \/>\n<meta property=\"og:image\" content=\"https:\/\/mdsf.vn\/wp-content\/uploads\/2021\/01\/ghe-xep-chong-van-phong-dep-trong-luong-nhe-1.jpg\" \/>\n\t<meta property=\"og:image:width\" content=\"720\" \/>\n\t<meta property=\"og:image:height\" content=\"720\" \/>\n\t<meta property=\"og:image:type\" content=\"image\/jpeg\" \/>\n<meta name=\"twitter:card\" content=\"summary_large_image\" \/>\n<meta name=\"twitter:label1\" content=\"Est. reading time\" \/>\n\t<meta name=\"twitter:data1\" content=\"1 minute\" \/>\n<script type=\"application\/ld+json\" class=\"yoast-schema-graph\">{\"@context\":\"https:\/\/schema.org\",\"@graph\":[{\"@type\":\"WebPage\",\"@id\":\"https:\/\/mdsf.vn\/en\/san-pham\/office-stacking-chair-light-and-elegant-chair\/\",\"url\":\"https:\/\/mdsf.vn\/en\/san-pham\/office-stacking-chair-light-and-elegant-chair\/\",\"name\":\"Office stacking chair light and elegant chair - Minh Duc\",\"isPartOf\":{\"@id\":\"https:\/\/mdsf.vn\/en\/#website\"},\"primaryImageOfPage\":{\"@id\":\"https:\/\/mdsf.vn\/en\/san-pham\/office-stacking-chair-light-and-elegant-chair\/#primaryimage\"},\"image\":{\"@id\":\"https:\/\/mdsf.vn\/en\/san-pham\/office-stacking-chair-light-and-elegant-chair\/#primaryimage\"},\"thumbnailUrl\":\"https:\/\/mdsf.vn\/wp-content\/uploads\/2021\/01\/ghe-xep-chong-van-phong-dep-trong-luong-nhe-1.jpg\",\"datePublished\":\"2021-01-09T05:41:37+00:00\",\"dateModified\":\"2023-08-15T18:13:42+00:00\",\"description\":\"Office stacking chair FCA890 is a lightweight chair, only about 5kg. The chair is stackable and easy to move\",\"breadcrumb\":{\"@id\":\"https:\/\/mdsf.vn\/en\/san-pham\/office-stacking-chair-light-and-elegant-chair\/#breadcrumb\"},\"inLanguage\":\"en-US\",\"potentialAction\":[{\"@type\":\"ReadAction\",\"target\":[\"https:\/\/mdsf.vn\/en\/san-pham\/office-stacking-chair-light-and-elegant-chair\/\"]}]},{\"@type\":\"ImageObject\",\"inLanguage\":\"en-US\",\"@id\":\"https:\/\/mdsf.vn\/en\/san-pham\/office-stacking-chair-light-and-elegant-chair\/#primaryimage\",\"url\":\"https:\/\/mdsf.vn\/wp-content\/uploads\/2021\/01\/ghe-xep-chong-van-phong-dep-trong-luong-nhe-1.jpg\",\"contentUrl\":\"https:\/\/mdsf.vn\/wp-content\/uploads\/2021\/01\/ghe-xep-chong-van-phong-dep-trong-luong-nhe-1.jpg\",\"width\":720,\"height\":720,\"caption\":\"Light weight office and student stacking chair\"},{\"@type\":\"BreadcrumbList\",\"@id\":\"https:\/\/mdsf.vn\/en\/san-pham\/office-stacking-chair-light-and-elegant-chair\/#breadcrumb\",\"itemListElement\":[{\"@type\":\"ListItem\",\"position\":1,\"name\":\"Home\",\"item\":\"https:\/\/mdsf.vn\/en\/\"},{\"@type\":\"ListItem\",\"position\":2,\"name\":\"Shop\",\"item\":\"https:\/\/mdsf.vn\/en\/shop\/\"},{\"@type\":\"ListItem\",\"position\":3,\"name\":\"Office stacking chair light and elegant chair\"}]},{\"@type\":\"WebSite\",\"@id\":\"https:\/\/mdsf.vn\/en\/#website\",\"url\":\"https:\/\/mdsf.vn\/en\/\",\"name\":\"Minh Duc\",\"description\":\"N\u1ed9i th\u1ea5t c\u00f4ng c\u1ed9ng Minh \u0110\u1ee9c\",\"publisher\":{\"@id\":\"https:\/\/mdsf.vn\/en\/#organization\"},\"potentialAction\":[{\"@type\":\"SearchAction\",\"target\":{\"@type\":\"EntryPoint\",\"urlTemplate\":\"https:\/\/mdsf.vn\/en\/?s={search_term_string}\"},\"query-input\":{\"@type\":\"PropertyValueSpecification\",\"valueRequired\":true,\"valueName\":\"search_term_string\"}}],\"inLanguage\":\"en-US\"},{\"@type\":\"Organization\",\"@id\":\"https:\/\/mdsf.vn\/en\/#organization\",\"name\":\"Minh Duc Public Furniture Co., Ltd\",\"url\":\"https:\/\/mdsf.vn\/en\/\",\"logo\":{\"@type\":\"ImageObject\",\"inLanguage\":\"en-US\",\"@id\":\"https:\/\/mdsf.vn\/en\/#\/schema\/logo\/image\/\",\"url\":\"http:\/\/45.32.103.86\/wp-content\/uploads\/2021\/02\/logo-hoan-thien-noi-that-minh-duc-1.png\",\"contentUrl\":\"http:\/\/45.32.103.86\/wp-content\/uploads\/2021\/02\/logo-hoan-thien-noi-that-minh-duc-1.png\",\"width\":220,\"height\":136,\"caption\":\"Minh Duc Public Furniture Co., Ltd\"},\"image\":{\"@id\":\"https:\/\/mdsf.vn\/en\/#\/schema\/logo\/image\/\"},\"sameAs\":[\"https:\/\/www.facebook.com\/shopnoithatvn\/\",\"https:\/\/www.pinterest.com\/shopnoithatonline\/\"]}]}<\/script>\n<!-- \/ Yoast SEO plugin. -->","yoast_head_json":{"title":"Office stacking chair light and elegant chair - Minh Duc","description":"Office stacking chair FCA890 is a lightweight chair, only about 5kg. The chair is stackable and easy to move","robots":{"index":"index","follow":"follow","max-snippet":"max-snippet:-1","max-image-preview":"max-image-preview:large","max-video-preview":"max-video-preview:-1"},"canonical":"https:\/\/mdsf.vn\/en\/san-pham\/office-stacking-chair-light-and-elegant-chair\/","og_locale":"en_US","og_type":"article","og_title":"Office stacking chair light and elegant chair - Minh Duc","og_description":"Office stacking chair FCA890 is a lightweight chair, only about 5kg. The chair is stackable and easy to move","og_url":"https:\/\/mdsf.vn\/en\/san-pham\/office-stacking-chair-light-and-elegant-chair\/","og_site_name":"Minh Duc","article_publisher":"https:\/\/www.facebook.com\/shopnoithatvn\/","article_modified_time":"2023-08-15T18:13:42+00:00","og_image":[{"width":720,"height":720,"url":"https:\/\/mdsf.vn\/wp-content\/uploads\/2021\/01\/ghe-xep-chong-van-phong-dep-trong-luong-nhe-1.jpg","type":"image\/jpeg"}],"twitter_card":"summary_large_image","twitter_misc":{"Est. reading time":"1 minute"},"schema":{"@context":"https:\/\/schema.org","@graph":[{"@type":"WebPage","@id":"https:\/\/mdsf.vn\/en\/san-pham\/office-stacking-chair-light-and-elegant-chair\/","url":"https:\/\/mdsf.vn\/en\/san-pham\/office-stacking-chair-light-and-elegant-chair\/","name":"Office stacking chair light and elegant chair - Minh Duc","isPartOf":{"@id":"https:\/\/mdsf.vn\/en\/#website"},"primaryImageOfPage":{"@id":"https:\/\/mdsf.vn\/en\/san-pham\/office-stacking-chair-light-and-elegant-chair\/#primaryimage"},"image":{"@id":"https:\/\/mdsf.vn\/en\/san-pham\/office-stacking-chair-light-and-elegant-chair\/#primaryimage"},"thumbnailUrl":"https:\/\/mdsf.vn\/wp-content\/uploads\/2021\/01\/ghe-xep-chong-van-phong-dep-trong-luong-nhe-1.jpg","datePublished":"2021-01-09T05:41:37+00:00","dateModified":"2023-08-15T18:13:42+00:00","description":"Office stacking chair FCA890 is a lightweight chair, only about 5kg. The chair is stackable and easy to move","breadcrumb":{"@id":"https:\/\/mdsf.vn\/en\/san-pham\/office-stacking-chair-light-and-elegant-chair\/#breadcrumb"},"inLanguage":"en-US","potentialAction":[{"@type":"ReadAction","target":["https:\/\/mdsf.vn\/en\/san-pham\/office-stacking-chair-light-and-elegant-chair\/"]}]},{"@type":"ImageObject","inLanguage":"en-US","@id":"https:\/\/mdsf.vn\/en\/san-pham\/office-stacking-chair-light-and-elegant-chair\/#primaryimage","url":"https:\/\/mdsf.vn\/wp-content\/uploads\/2021\/01\/ghe-xep-chong-van-phong-dep-trong-luong-nhe-1.jpg","contentUrl":"https:\/\/mdsf.vn\/wp-content\/uploads\/2021\/01\/ghe-xep-chong-van-phong-dep-trong-luong-nhe-1.jpg","width":720,"height":720,"caption":"Light weight office and student stacking chair"},{"@type":"BreadcrumbList","@id":"https:\/\/mdsf.vn\/en\/san-pham\/office-stacking-chair-light-and-elegant-chair\/#breadcrumb","itemListElement":[{"@type":"ListItem","position":1,"name":"Home","item":"https:\/\/mdsf.vn\/en\/"},{"@type":"ListItem","position":2,"name":"Shop","item":"https:\/\/mdsf.vn\/en\/shop\/"},{"@type":"ListItem","position":3,"name":"Office stacking chair light and elegant chair"}]},{"@type":"WebSite","@id":"https:\/\/mdsf.vn\/en\/#website","url":"https:\/\/mdsf.vn\/en\/","name":"Minh Duc","description":"N\u1ed9i th\u1ea5t c\u00f4ng c\u1ed9ng Minh \u0110\u1ee9c","publisher":{"@id":"https:\/\/mdsf.vn\/en\/#organization"},"potentialAction":[{"@type":"SearchAction","target":{"@type":"EntryPoint","urlTemplate":"https:\/\/mdsf.vn\/en\/?s={search_term_string}"},"query-input":{"@type":"PropertyValueSpecification","valueRequired":true,"valueName":"search_term_string"}}],"inLanguage":"en-US"},{"@type":"Organization","@id":"https:\/\/mdsf.vn\/en\/#organization","name":"Minh Duc Public Furniture Co., Ltd","url":"https:\/\/mdsf.vn\/en\/","logo":{"@type":"ImageObject","inLanguage":"en-US","@id":"https:\/\/mdsf.vn\/en\/#\/schema\/logo\/image\/","url":"http:\/\/45.32.103.86\/wp-content\/uploads\/2021\/02\/logo-hoan-thien-noi-that-minh-duc-1.png","contentUrl":"http:\/\/45.32.103.86\/wp-content\/uploads\/2021\/02\/logo-hoan-thien-noi-that-minh-duc-1.png","width":220,"height":136,"caption":"Minh Duc Public Furniture Co., Ltd"},"image":{"@id":"https:\/\/mdsf.vn\/en\/#\/schema\/logo\/image\/"},"sameAs":["https:\/\/www.facebook.com\/shopnoithatvn\/","https:\/\/www.pinterest.com\/shopnoithatonline\/"]}]}},"_links":{"self":[{"href":"https:\/\/mdsf.vn\/en\/wp-json\/wp\/v2\/product\/18079","targetHints":{"allow":["GET"]}}],"collection":[{"href":"https:\/\/mdsf.vn\/en\/wp-json\/wp\/v2\/product"}],"about":[{"href":"https:\/\/mdsf.vn\/en\/wp-json\/wp\/v2\/types\/product"}],"replies":[{"embeddable":true,"href":"https:\/\/mdsf.vn\/en\/wp-json\/wp\/v2\/comments?post=18079"}],"wp:featuredmedia":[{"embeddable":true,"href":"https:\/\/mdsf.vn\/en\/wp-json\/wp\/v2\/media\/5645"}],"wp:attachment":[{"href":"https:\/\/mdsf.vn\/en\/wp-json\/wp\/v2\/media?parent=18079"}],"wp:term":[{"taxonomy":"product_brand","embeddable":true,"href":"https:\/\/mdsf.vn\/en\/wp-json\/wp\/v2\/product_brand?post=18079"},{"taxonomy":"product_cat","embeddable":true,"href":"https:\/\/mdsf.vn\/en\/wp-json\/wp\/v2\/product_cat?post=18079"},{"taxonomy":"product_tag","embeddable":true,"href":"https:\/\/mdsf.vn\/en\/wp-json\/wp\/v2\/product_tag?post=18079"}],"curies":[{"name":"wp","href":"https:\/\/api.w.org\/{rel}","templated":true}]}}